{"id":21085,"date":"2025-06-30T11:08:23","date_gmt":"2025-06-30T09:08:23","guid":{"rendered":"https:\/\/medapp.lv\/?post_type=product&#038;p=21085"},"modified":"2025-07-17T10:04:04","modified_gmt":"2025-07-17T08:04:04","slug":"endotraheala-caurule-bez-mansetes","status":"publish","type":"product","link":"https:\/\/medapp.lv\/lt\/produktas\/endotraheala-caurule-bez-mansetes\/","title":{"rendered":"Endotrach\u0117jinis vamzdelis be man\u017eet\u0117s"},"content":{"rendered":"<p>Galimi skirtingi dyd\u017eiai:<\/p>\n<p>Vidinis skersmuo (ID):<br \/>\n2 mm, 2,5 mm, 3 mm, 3,5 mm, 4 mm, 4,5 mm, 5 mm, 5,5 mm, 6 mm, 6,5 mm, 7 mm, 7,5 mm, 8 mm, 8,5 mm, 9 mm, 9,5 mm, 10 mm<\/p>\n<p>Pakuot\u0117je: 20 vienet\u0173 kiekvieno dyd\u017eio<\/p>","protected":false},"excerpt":{"rendered":"<p>Pieejami da\u017e\u0101di izm\u0113ri: Iek\u0161\u0113jais diametrs (I.D.): 2 mm, 2.5 mm, 3 mm, 3.5 mm, 4 mm, 4.5 mm, 5 mm,<\/p>","protected":false},"featured_media":21086,"comment_status":"open","ping_status":"closed","template":"","meta":[],"product_brand":[],"product_cat":[244,108],"product_tag":[],"class_list":{"0":"post-21085","1":"product","2":"type-product","3":"status-publish","4":"has-post-thumbnail","6":"product_cat-anestezijas-piederumi","7":"product_cat-produkti-profesionaliem","9":"first","10":"instock","11":"taxable","12":"shipping-taxable","13":"product-type-simple"},"_links":{"self":[{"href":"https:\/\/medapp.lv\/lt\/wp-json\/wp\/v2\/product\/21085","targetHints":{"allow":["GET"]}}],"collection":[{"href":"https:\/\/medapp.lv\/lt\/wp-json\/wp\/v2\/product"}],"about":[{"href":"https:\/\/medapp.lv\/lt\/wp-json\/wp\/v2\/types\/product"}],"replies":[{"embeddable":true,"href":"https:\/\/medapp.lv\/lt\/wp-json\/wp\/v2\/comments?post=21085"}],"version-history":[{"count":2,"href":"https:\/\/medapp.lv\/lt\/wp-json\/wp\/v2\/product\/21085\/revisions"}],"predecessor-version":[{"id":21088,"href":"https:\/\/medapp.lv\/lt\/wp-json\/wp\/v2\/product\/21085\/revisions\/21088"}],"wp:featuredmedia":[{"embeddable":true,"href":"https:\/\/medapp.lv\/lt\/wp-json\/wp\/v2\/media\/21086"}],"wp:attachment":[{"href":"https:\/\/medapp.lv\/lt\/wp-json\/wp\/v2\/media?parent=21085"}],"wp:term":[{"taxonomy":"product_brand","embeddable":true,"href":"https:\/\/medapp.lv\/lt\/wp-json\/wp\/v2\/product_brand?post=21085"},{"taxonomy":"product_cat","embeddable":true,"href":"https:\/\/medapp.lv\/lt\/wp-json\/wp\/v2\/product_cat?post=21085"},{"taxonomy":"product_tag","embeddable":true,"href":"https:\/\/medapp.lv\/lt\/wp-json\/wp\/v2\/product_tag?post=21085"}],"curies":[{"name":"wp","href":"https:\/\/api.w.org\/{rel}","templated":true}]}}