{"id":21093,"date":"2025-06-30T11:11:49","date_gmt":"2025-06-30T09:11:49","guid":{"rendered":"https:\/\/medapp.lv\/?post_type=product&#038;p=21093"},"modified":"2025-07-17T10:04:03","modified_gmt":"2025-07-17T08:04:03","slug":"anestezijas-maska-2","status":"publish","type":"product","link":"https:\/\/medapp.lv\/lt\/produktas\/anestezijas-maska-2\/","title":{"rendered":"Anestezijos kauk\u0117"},"content":{"rendered":"<p>Galimi dyd\u017eiai ir spalvos:<br \/>\n\u2022 1 dydis (m\u0117lynas) \u2013 k\u016bdikiams<br \/>\n\u2022 2 dydis (oran\u017einis) \u2013 vaikams<br \/>\n\u2022 3 dydis (ro\u017einis) \u2013 ma\u017eo sud\u0117jimo suaugusiam \u017emogui<br \/>\n\u2022 4 dydis (baltas) \u2013 vidutiniam suaugusiajam<br \/>\n\u2022 5 dydis (geltonas) \u2013 dideliam suaugusiajam<br \/>\n\u2022 6 dydis (\u017ealias) \u2013 labai dideliam suaugusiajam<\/p>\n<p>Jungtys:<br \/>\nVaikams \u2013 15 mm jungtis<br \/>\nSuaugusi\u0173j\u0173 dyd\u017eiai \u2013 22 mm jungtis<\/p>","protected":false},"excerpt":{"rendered":"<p>Pieejamie izm\u0113ri un kr\u0101sas: \u2022 1. izm\u0113rs (zila) \u2013 z\u012bdai\u0146iem \u2022 2. izm\u0113rs (oran\u017ea) \u2013 b\u0113rniem \u2022 3. izm\u0113rs (roz\u0101)<\/p>","protected":false},"featured_media":21094,"comment_status":"open","ping_status":"closed","template":"","meta":[],"product_brand":[],"product_cat":[244,108],"product_tag":[],"class_list":{"0":"post-21093","1":"product","2":"type-product","3":"status-publish","4":"has-post-thumbnail","6":"product_cat-anestezijas-piederumi","7":"product_cat-produkti-profesionaliem","9":"first","10":"instock","11":"taxable","12":"shipping-taxable","13":"product-type-simple"},"_links":{"self":[{"href":"https:\/\/medapp.lv\/lt\/wp-json\/wp\/v2\/product\/21093","targetHints":{"allow":["GET"]}}],"collection":[{"href":"https:\/\/medapp.lv\/lt\/wp-json\/wp\/v2\/product"}],"about":[{"href":"https:\/\/medapp.lv\/lt\/wp-json\/wp\/v2\/types\/product"}],"replies":[{"embeddable":true,"href":"https:\/\/medapp.lv\/lt\/wp-json\/wp\/v2\/comments?post=21093"}],"version-history":[{"count":1,"href":"https:\/\/medapp.lv\/lt\/wp-json\/wp\/v2\/product\/21093\/revisions"}],"predecessor-version":[{"id":21095,"href":"https:\/\/medapp.lv\/lt\/wp-json\/wp\/v2\/product\/21093\/revisions\/21095"}],"wp:featuredmedia":[{"embeddable":true,"href":"https:\/\/medapp.lv\/lt\/wp-json\/wp\/v2\/media\/21094"}],"wp:attachment":[{"href":"https:\/\/medapp.lv\/lt\/wp-json\/wp\/v2\/media?parent=21093"}],"wp:term":[{"taxonomy":"product_brand","embeddable":true,"href":"https:\/\/medapp.lv\/lt\/wp-json\/wp\/v2\/product_brand?post=21093"},{"taxonomy":"product_cat","embeddable":true,"href":"https:\/\/medapp.lv\/lt\/wp-json\/wp\/v2\/product_cat?post=21093"},{"taxonomy":"product_tag","embeddable":true,"href":"https:\/\/medapp.lv\/lt\/wp-json\/wp\/v2\/product_tag?post=21093"}],"curies":[{"name":"wp","href":"https:\/\/api.w.org\/{rel}","templated":true}]}}