{"id":21096,"date":"2025-06-30T11:13:08","date_gmt":"2025-06-30T09:13:08","guid":{"rendered":"https:\/\/medapp.lv\/?post_type=product&#038;p=21096"},"modified":"2025-07-17T10:04:02","modified_gmt":"2025-07-17T08:04:02","slug":"dicotuber-tuberkulina-slirce-ar-adatu","status":"publish","type":"product","link":"https:\/\/medapp.lv\/lt\/produktas\/dicotuber-tuberkulina-slirce-ar-adatu\/","title":{"rendered":"dicoTUBER tuberkulino \u0161virk\u0161tas su adata"},"content":{"rendered":"<p>T\u016bris: 1 ml<\/p>\n<p>100 vnt.\/pakuot\u0117je<\/p>","protected":false},"excerpt":{"rendered":"<p>Tilpums: 1 ml 100gb\/iepakojum\u0101<\/p>","protected":false},"featured_media":21097,"comment_status":"open","ping_status":"closed","template":"","meta":[],"product_brand":[],"product_cat":[241],"product_tag":[],"class_list":{"0":"post-21096","1":"product","2":"type-product","3":"status-publish","4":"has-post-thumbnail","6":"product_cat-slirces-un-adatas","8":"first","9":"instock","10":"taxable","11":"shipping-taxable","12":"product-type-simple"},"_links":{"self":[{"href":"https:\/\/medapp.lv\/lt\/wp-json\/wp\/v2\/product\/21096","targetHints":{"allow":["GET"]}}],"collection":[{"href":"https:\/\/medapp.lv\/lt\/wp-json\/wp\/v2\/product"}],"about":[{"href":"https:\/\/medapp.lv\/lt\/wp-json\/wp\/v2\/types\/product"}],"replies":[{"embeddable":true,"href":"https:\/\/medapp.lv\/lt\/wp-json\/wp\/v2\/comments?post=21096"}],"version-history":[{"count":2,"href":"https:\/\/medapp.lv\/lt\/wp-json\/wp\/v2\/product\/21096\/revisions"}],"predecessor-version":[{"id":21099,"href":"https:\/\/medapp.lv\/lt\/wp-json\/wp\/v2\/product\/21096\/revisions\/21099"}],"wp:featuredmedia":[{"embeddable":true,"href":"https:\/\/medapp.lv\/lt\/wp-json\/wp\/v2\/media\/21097"}],"wp:attachment":[{"href":"https:\/\/medapp.lv\/lt\/wp-json\/wp\/v2\/media?parent=21096"}],"wp:term":[{"taxonomy":"product_brand","embeddable":true,"href":"https:\/\/medapp.lv\/lt\/wp-json\/wp\/v2\/product_brand?post=21096"},{"taxonomy":"product_cat","embeddable":true,"href":"https:\/\/medapp.lv\/lt\/wp-json\/wp\/v2\/product_cat?post=21096"},{"taxonomy":"product_tag","embeddable":true,"href":"https:\/\/medapp.lv\/lt\/wp-json\/wp\/v2\/product_tag?post=21096"}],"curies":[{"name":"wp","href":"https:\/\/api.w.org\/{rel}","templated":true}]}}