{"id":21127,"date":"2025-07-02T09:36:38","date_gmt":"2025-07-02T07:36:38","guid":{"rendered":"https:\/\/medapp.lv\/?post_type=product&#038;p=21127"},"modified":"2025-07-16T09:05:47","modified_gmt":"2025-07-16T07:05:47","slug":"darco-heelwedge-papeza-atslogojosa-ortopediska-kurpe","status":"publish","type":"product","link":"https:\/\/medapp.lv\/lt\/produktas\/darco-heelwedge-papeza-atslogojosa-ortopediska-kurpe\/","title":{"rendered":"DARCO HeelWedge\u00ae kuln\u0105 palengvinantis ortopedinis batas"},"content":{"rendered":"<p class=\"p1\"><strong>HeelWedge\u00ae<\/strong> Batas tikslingai ma\u017eina spaudim\u0105 kulno srityje, skatindamas gijim\u0105 po traum\u0173 ar operacij\u0173. Idealiai tinka pacientams, turintiems kulno op\u0173 ar p\u0117dos kaul\u0173 traum\u0173. Yra i\u0161imamas vidpadis individualiam reguliavimui, taip pat integruota pir\u0161t\u0173 apsauga nuo purvo ir dr\u0117gm\u0117s.<\/p>\n<p><strong>Savyb\u0117s:<\/strong><br \/>\n\u2022 Specialus kulno palengv\u0117jimas<br \/>\n\u2022 Kvadratin\u0117 nosis \u2013 daugiau erdv\u0117s ir apsaugos<br \/>\n\u2022 I\u0161imamas vidpadis pritaikymui<br \/>\n\u2022 Integruota pir\u0161t\u0173 apsauga<br \/>\n\u2022 Spalva: juoda<\/p>\n<p><strong>Valymas:<\/strong><br \/>\n\u2022 Valykite dr\u0117gnu skudur\u0117liu arba mink\u0161tu \u0161epe\u010diu<br \/>\n\u2022 Ned\u017eiovinkite ant radiatoriaus ar d\u017eiovykl\u0117je.<br \/>\n\u2022 Leiskite i\u0161d\u017ei\u016bti ore<\/p>\n<p>&nbsp;<\/p>\n<table style=\"height: 298px;\" width=\"370\">\n<thead>\n<tr>\n<th>\n<p class=\"p1\"><b>Dydis<\/b><\/p>\n<\/th>\n<th>\n<p class=\"p1\"><b>ES dydis<\/b><\/p>\n<\/th>\n<\/tr>\n<\/thead>\n<tbody>\n<tr>\n<td>\n<p class=\"p1\">XS<\/p>\n<\/td>\n<td>\n<p class=\"p1\">33,5\u201337,0<\/p>\n<\/td>\n<\/tr>\n<tr>\n<td>\n<p class=\"p1\">S<\/p>\n<\/td>\n<td>\n<p class=\"p1\">37,5\u201339,5<\/p>\n<\/td>\n<\/tr>\n<tr>\n<td>\n<p class=\"p1\">M<\/p>\n<\/td>\n<td>\n<p class=\"p1\">40,0\u201341,5<\/p>\n<\/td>\n<\/tr>\n<tr>\n<td>\n<p class=\"p1\">L<\/p>\n<\/td>\n<td>\n<p class=\"p1\">42,0\u201344,0<\/p>\n<\/td>\n<\/tr>\n<tr>\n<td>\n<p class=\"p1\">XL<\/p>\n<\/td>\n<td>\n<p class=\"p1\">44,5\u201347,0<\/p>\n<\/td>\n<\/tr>\n<\/tbody>\n<\/table>","protected":false},"excerpt":{"rendered":"<p>HeelWedge\u00ae kurpe nodro\u0161ina m\u0113r\u0137tiec\u012bgu spiediena mazin\u0101\u0161anu pap\u0113\u017ea zon\u0101, veicinot dz\u012b\u0161anu p\u0113c traum\u0101m vai oper\u0101cij\u0101m. Ide\u0101li piem\u0113rots pacientiem ar pap\u0113\u017ea \u010d\u016bl\u0101m<\/p>","protected":false},"featured_media":21128,"comment_status":"open","ping_status":"closed","template":"","meta":[],"product_brand":[],"product_cat":[291],"product_tag":[],"class_list":{"0":"post-21127","1":"product","2":"type-product","3":"status-publish","4":"has-post-thumbnail","6":"product_cat-ortopediskie-apavi","8":"first","9":"outofstock","10":"taxable","11":"shipping-taxable","12":"product-type-variable"},"_links":{"self":[{"href":"https:\/\/medapp.lv\/lt\/wp-json\/wp\/v2\/product\/21127","targetHints":{"allow":["GET"]}}],"collection":[{"href":"https:\/\/medapp.lv\/lt\/wp-json\/wp\/v2\/product"}],"about":[{"href":"https:\/\/medapp.lv\/lt\/wp-json\/wp\/v2\/types\/product"}],"replies":[{"embeddable":true,"href":"https:\/\/medapp.lv\/lt\/wp-json\/wp\/v2\/comments?post=21127"}],"version-history":[{"count":3,"href":"https:\/\/medapp.lv\/lt\/wp-json\/wp\/v2\/product\/21127\/revisions"}],"predecessor-version":[{"id":21136,"href":"https:\/\/medapp.lv\/lt\/wp-json\/wp\/v2\/product\/21127\/revisions\/21136"}],"wp:featuredmedia":[{"embeddable":true,"href":"https:\/\/medapp.lv\/lt\/wp-json\/wp\/v2\/media\/21128"}],"wp:attachment":[{"href":"https:\/\/medapp.lv\/lt\/wp-json\/wp\/v2\/media?parent=21127"}],"wp:term":[{"taxonomy":"product_brand","embeddable":true,"href":"https:\/\/medapp.lv\/lt\/wp-json\/wp\/v2\/product_brand?post=21127"},{"taxonomy":"product_cat","embeddable":true,"href":"https:\/\/medapp.lv\/lt\/wp-json\/wp\/v2\/product_cat?post=21127"},{"taxonomy":"product_tag","embeddable":true,"href":"https:\/\/medapp.lv\/lt\/wp-json\/wp\/v2\/product_tag?post=21127"}],"curies":[{"name":"wp","href":"https:\/\/api.w.org\/{rel}","templated":true}]}}