{"id":21137,"date":"2025-07-02T09:48:46","date_gmt":"2025-07-02T07:48:46","guid":{"rendered":"https:\/\/medapp.lv\/?post_type=product&#038;p=21137"},"modified":"2026-03-05T15:28:52","modified_gmt":"2026-03-05T13:28:52","slug":"orthowedge-pro-priekspedas-atslogojosa-kurpe","status":"publish","type":"product","link":"https:\/\/medapp.lv\/lt\/produktas\/orthowedge-pro-priekspedas-atslogojosa-kurpe\/","title":{"rendered":"\u201eOrthoWedge\u201c priekin\u0117s p\u0117dos dalies atramos batas"},"content":{"rendered":"<p><strong>DARCO OrthoWedge<\/strong>\u00a0yra patentuotas priekin\u0117s p\u0117dos dalies spaudim\u0105 atpalaiduojantis batas su 15\u00b0 nuolyd\u017eiu, kuris perskirsto spaudim\u0105 p\u0117dos vidurinei daliai ir kulnui. Platus anga ir reguliuojami lipdukai u\u017etikrina lengv\u0105 apsiavim\u0105 ir ger\u0105 p\u0117dos fiksacij\u0105. Batas idealiai tinka po operacijos ar op\u0173 gydymui, kai kiti atpalaidavimo metodai ne\u012fmanomi.<\/p>\n<p>\u2022 Specialus apkrovos paskirstymas nuo priekin\u0117s p\u0117dos dalies iki vidurio arba kulno<br \/>\n\u2022 EVA padas su puikiu amortizavimu ir atsparumu dilimui<br \/>\n\u2022 Mink\u0161tas vidinis pamu\u0161alas didesniam komfortui<br \/>\n\u2022 Kvadratin\u0117 nosis geresnei apsaugai<br \/>\n\u2022 Lipnios juostel\u0117s su \u0161onin\u0117mis kilpomis lengvam reguliavimui<br \/>\n\u2022 Lengvai reguliuojamas kairei arba de\u0161inei kojai<\/p>\n<table style=\"height: 377px;\" width=\"536\">\n<thead>\n<tr>\n<th>\n<p class=\"p1\"><b>Dydis<\/b><\/p>\n<\/th>\n<th>\n<p class=\"p1\"><b>ES bat\u0173 dydis<\/b><\/p>\n<\/th>\n<\/tr>\n<\/thead>\n<tbody>\n<tr>\n<td>\n<p class=\"p1\">XS<\/p>\n<\/td>\n<td>\n<p class=\"p1\">33,5\u201337,0<\/p>\n<\/td>\n<\/tr>\n<tr>\n<td>\n<p class=\"p1\">S<\/p>\n<\/td>\n<td>\n<p class=\"p1\">37,5\u201339,5<\/p>\n<\/td>\n<\/tr>\n<tr>\n<td>\n<p class=\"p1\">M<\/p>\n<\/td>\n<td>\n<p class=\"p1\">40,0\u201341,5<\/p>\n<\/td>\n<\/tr>\n<tr>\n<td>\n<p class=\"p1\">L<\/p>\n<\/td>\n<td>\n<p class=\"p1\">42,0\u201344,0<\/p>\n<\/td>\n<\/tr>\n<tr>\n<td>\n<p class=\"p1\">XL<\/p>\n<\/td>\n<td>\n<p class=\"p1\">44,5\u201347,0<\/p>\n<\/td>\n<\/tr>\n<\/tbody>\n<\/table>","protected":false},"excerpt":{"rendered":"<p>DARCO OrthoWedge\u00a0ir patent\u0113ta priek\u0161p\u0113das atslogojo\u0161\u0101 kurpe ar 15\u00b0 sl\u012bpumu, kas p\u0101rdala spiedienu uz p\u0113das vidusda\u013cu un pap\u0113di. Pla\u0161s atv\u0113rums un<\/p>","protected":false},"featured_media":21138,"comment_status":"open","ping_status":"closed","template":"","meta":[],"product_brand":[],"product_cat":[291],"product_tag":[],"class_list":{"0":"post-21137","1":"product","2":"type-product","3":"status-publish","4":"has-post-thumbnail","6":"product_cat-ortopediskie-apavi","8":"first","9":"instock","10":"taxable","11":"shipping-taxable","12":"purchasable","13":"product-type-variable"},"_links":{"self":[{"href":"https:\/\/medapp.lv\/lt\/wp-json\/wp\/v2\/product\/21137","targetHints":{"allow":["GET"]}}],"collection":[{"href":"https:\/\/medapp.lv\/lt\/wp-json\/wp\/v2\/product"}],"about":[{"href":"https:\/\/medapp.lv\/lt\/wp-json\/wp\/v2\/types\/product"}],"replies":[{"embeddable":true,"href":"https:\/\/medapp.lv\/lt\/wp-json\/wp\/v2\/comments?post=21137"}],"version-history":[{"count":3,"href":"https:\/\/medapp.lv\/lt\/wp-json\/wp\/v2\/product\/21137\/revisions"}],"predecessor-version":[{"id":21234,"href":"https:\/\/medapp.lv\/lt\/wp-json\/wp\/v2\/product\/21137\/revisions\/21234"}],"wp:featuredmedia":[{"embeddable":true,"href":"https:\/\/medapp.lv\/lt\/wp-json\/wp\/v2\/media\/21138"}],"wp:attachment":[{"href":"https:\/\/medapp.lv\/lt\/wp-json\/wp\/v2\/media?parent=21137"}],"wp:term":[{"taxonomy":"product_brand","embeddable":true,"href":"https:\/\/medapp.lv\/lt\/wp-json\/wp\/v2\/product_brand?post=21137"},{"taxonomy":"product_cat","embeddable":true,"href":"https:\/\/medapp.lv\/lt\/wp-json\/wp\/v2\/product_cat?post=21137"},{"taxonomy":"product_tag","embeddable":true,"href":"https:\/\/medapp.lv\/lt\/wp-json\/wp\/v2\/product_tag?post=21137"}],"curies":[{"name":"wp","href":"https:\/\/api.w.org\/{rel}","templated":true}]}}