{"id":21156,"date":"2025-07-02T10:05:02","date_gmt":"2025-07-02T08:05:02","guid":{"rendered":"https:\/\/medapp.lv\/?post_type=product&#038;p=21156"},"modified":"2026-01-28T11:22:14","modified_gmt":"2026-01-28T09:22:14","slug":"darco-relief-dual-plus-kurpe-ar-augstu-potites-atbalstu","status":"publish","type":"product","link":"https:\/\/medapp.lv\/lt\/produktas\/darco-relief-dual-plus-kurpe-ar-augstu-potites-atbalstu\/","title":{"rendered":"DARCO Relief Dual\u00ae Plus bateliai su auk\u0161ta \u010diurnos atrama"},"content":{"rendered":"<p><strong>DARCO Relief Dual\u00ae Plus<\/strong> yra specialiai sukurti prie\u017ei\u016bros batai su 64% auk\u0161tesniu kulnu nei standartiniai \u201eRelief Dual\u00ae\u201c. Jie u\u017etikrina puik\u0173 stabilum\u0105 ir suma\u017eina priekin\u0117s p\u0117dos dalies ir kulno srities apkrov\u0105 po operacijos arba gydant op\u0105. Auk\u0161tas kulnas, reguliuojamas kulno \u012ftvaras ir savaime \u012fsitempiantis \u010diurnos dir\u017eelis suteikia puiki\u0105 atram\u0105 ir komfort\u0105. Batai taip pat turi ypa\u010d pla\u010di\u0105 \u012f\u0117jimo ang\u0105 ir kvadratin\u0119 nos\u012f, kuri apsaugo pir\u0161tus.<\/p>\n<p><strong>Savyb\u0117s:<\/strong><br \/>\n\u2022 Auk\u0161tas kulnas papildomam stabilumui<br \/>\n\u2022 Reguliuojamas kulno dir\u017eelis<br \/>\n\u2022 Atviras dizainas \u2013 tinka ir dideliems tvars\u010diams<br \/>\n\u2022 Neslystantis ir sm\u016bgius sugeriantis padas<br \/>\n\u2022 Kvadratin\u0117 nosis geresnei apsaugai<br \/>\n\u2022 Neigiamas kulno auk\u0161tis (su specialiu vidpad\u017eiu)<br \/>\n\u2022 Taip pat tinka sergantiems diabetu<\/p>\n<p><strong>Nurodymai:<\/strong><br \/>\n\u2022 Po operacij\u0173 (osteotomijos, Haglundo egzostoz\u0117s ir kt.)<br \/>\n\u2022 Pad\u0173 fascito ir kulno ataug\u0173 gydymui<br \/>\n\u2022 Op\u0173 prie\u017ei\u016brai<\/p>\n<p><strong>Moter\u0173 dyd\u017eiai:<\/strong><\/p>\n<table style=\"height: 251px;\" width=\"465\">\n<thead>\n<tr>\n<th>\n<p class=\"p1\"><b>Dydis<\/b><\/p>\n<\/th>\n<th>\n<p class=\"p1\"><b>ES dydis<\/b><\/p>\n<\/th>\n<\/tr>\n<\/thead>\n<tbody>\n<tr>\n<td>\n<p class=\"p1\">WS<\/p>\n<\/td>\n<td>\n<p class=\"p1\">34,0\u201336,5<\/p>\n<\/td>\n<\/tr>\n<tr>\n<td>\n<p class=\"p1\">W.M.<\/p>\n<\/td>\n<td>\n<p class=\"p1\">37,0\u201338,5<\/p>\n<\/td>\n<\/tr>\n<tr>\n<td>\n<p class=\"p1\">WL<\/p>\n<\/td>\n<td>\n<p class=\"p1\">39,0\u201341,0<\/p>\n<\/td>\n<\/tr>\n<\/tbody>\n<\/table>\n<p>&nbsp;<\/p>\n<p><strong>Vyr\u0173 dyd\u017eiai:<\/strong><\/p>\n<table style=\"height: 354px;\" width=\"465\">\n<thead>\n<tr>\n<th>\n<p class=\"p1\"><b>Dydis<\/b><\/p>\n<\/th>\n<th>\n<p class=\"p1\"><b>ES dydis<\/b><\/p>\n<\/th>\n<\/tr>\n<\/thead>\n<tbody>\n<tr>\n<td>\n<p class=\"p1\">MS<\/p>\n<\/td>\n<td>\n<p class=\"p1\">39,0\u201341,0<\/p>\n<\/td>\n<\/tr>\n<tr>\n<td>\n<p class=\"p1\">MM<\/p>\n<\/td>\n<td>\n<p class=\"p1\">41,5\u201343,0<\/p>\n<\/td>\n<\/tr>\n<tr>\n<td>\n<p class=\"p1\">ML<\/p>\n<\/td>\n<td>\n<p class=\"p1\">43,5\u201345,0<\/p>\n<\/td>\n<\/tr>\n<tr>\n<td>\n<p class=\"p1\">MXL<\/p>\n<\/td>\n<td>\n<p class=\"p1\">45,5\u201347,0<\/p>\n<\/td>\n<\/tr>\n<tr>\n<td>\n<p class=\"p1\">MXXL<\/p>\n<\/td>\n<td>\n<p class=\"p1\">47,5\u201350,0<\/p>\n<\/td>\n<\/tr>\n<\/tbody>\n<\/table>","protected":false},"excerpt":{"rendered":"<p>DARCO Relief Dual\u00ae Plus ir \u012bpa\u0161i izstr\u0101d\u0101ta p\u0113capr\u016bpes kurpe ar 64% augst\u0101ku stulma da\u013cu nek\u0101 standarta Relief Dual\u00ae. T\u0101 nodro\u0161ina<\/p>","protected":false},"featured_media":21157,"comment_status":"open","ping_status":"closed","template":"","meta":[],"product_brand":[],"product_cat":[291],"product_tag":[],"class_list":{"0":"post-21156","1":"product","2":"type-product","3":"status-publish","4":"has-post-thumbnail","6":"product_cat-ortopediskie-apavi","8":"first","9":"outofstock","10":"taxable","11":"shipping-taxable","12":"purchasable","13":"product-type-variable"},"_links":{"self":[{"href":"https:\/\/medapp.lv\/lt\/wp-json\/wp\/v2\/product\/21156","targetHints":{"allow":["GET"]}}],"collection":[{"href":"https:\/\/medapp.lv\/lt\/wp-json\/wp\/v2\/product"}],"about":[{"href":"https:\/\/medapp.lv\/lt\/wp-json\/wp\/v2\/types\/product"}],"replies":[{"embeddable":true,"href":"https:\/\/medapp.lv\/lt\/wp-json\/wp\/v2\/comments?post=21156"}],"version-history":[{"count":1,"href":"https:\/\/medapp.lv\/lt\/wp-json\/wp\/v2\/product\/21156\/revisions"}],"predecessor-version":[{"id":21166,"href":"https:\/\/medapp.lv\/lt\/wp-json\/wp\/v2\/product\/21156\/revisions\/21166"}],"wp:featuredmedia":[{"embeddable":true,"href":"https:\/\/medapp.lv\/lt\/wp-json\/wp\/v2\/media\/21157"}],"wp:attachment":[{"href":"https:\/\/medapp.lv\/lt\/wp-json\/wp\/v2\/media?parent=21156"}],"wp:term":[{"taxonomy":"product_brand","embeddable":true,"href":"https:\/\/medapp.lv\/lt\/wp-json\/wp\/v2\/product_brand?post=21156"},{"taxonomy":"product_cat","embeddable":true,"href":"https:\/\/medapp.lv\/lt\/wp-json\/wp\/v2\/product_cat?post=21156"},{"taxonomy":"product_tag","embeddable":true,"href":"https:\/\/medapp.lv\/lt\/wp-json\/wp\/v2\/product_tag?post=21156"}],"curies":[{"name":"wp","href":"https:\/\/api.w.org\/{rel}","templated":true}]}}