{"id":21167,"date":"2025-07-02T10:09:29","date_gmt":"2025-07-02T08:09:29","guid":{"rendered":"https:\/\/medapp.lv\/?post_type=product&#038;p=21167"},"modified":"2026-04-08T19:17:06","modified_gmt":"2026-04-08T17:17:06","slug":"darco-posterior-splint-plus-fix-pedas-pozicionesanas-ortoze-90-lenki","status":"publish","type":"product","link":"https:\/\/medapp.lv\/lt\/produktas\/darco-posterior-splint-plus-fix-pedas-pozicionesanas-ortoze-90-lenki\/","title":{"rendered":"DARCO u\u017epakalinis \u012ftvaras Plus Fix p\u0117dos pozicionavimo \u012ftvaras (90\u00b0 kampas)"},"content":{"rendered":"<p class=\"p1\"><b>Stabilizuojantis \u012ftvaras p\u0117dai ir blauzdai pozicionuoti po traum\u0173 ir operacij\u0173.<\/b><\/p>\n<p>&nbsp;<\/p>\n<p><strong>DARCO u\u017epakalinis \u012ftvaras Plus Fix<\/strong> yra p\u0117dos pozicionavimo \u012ftvaras su anatomi\u0161kai pritaikyta forma ir 90\u00b0 kampu fiksacija. Jis buvo sukurtas bendradarbiaujant su pirmaujan\u010diais ortopedais ir technikos specialistais, siekiant u\u017etikrinti efektyvi\u0105 ir patogi\u0105 imobilizacij\u0105.<\/p>\n<p>D\u0117l trij\u0173 elasting\u0173, laisvai pozicionuojam\u0173 dir\u017eeli\u0173 ir mink\u0161to vidinio pamu\u0161alo putplas\u010dio (PE), \u012ftvaras u\u017etikrina optimal\u0173 stabilum\u0105 ir komfort\u0105. Du oval\u016bs i\u0161pjovimai skatina ventiliacij\u0105, o paprastas \u012ftvaro u\u017ed\u0117jimas taupo laik\u0105 tiek praktikoje, tiek operacin\u0117je.<\/p>\n<p><strong>Rekomenduojama naudoti:<\/strong><br \/>\n\u2022 Po traum\u0173 (patempim\u0173, i\u0161nirim\u0173, l\u016b\u017ei\u0173 ir kt.)<br \/>\n\u2022 Po kojos ar p\u0117dos operacijos<br \/>\n\u2022 \u016amaus u\u017edegimo ar \u017eaizd\u0173 atvejais<br \/>\n\u2022 Laikinai imobilizacijai<\/p>\n<p><strong>Savyb\u0117s:<\/strong><br \/>\n\u2022 90\u00b0 kampo pad\u0117tis su ribota nugaros fleksija<br \/>\n\u2022 Kv\u0117puojan\u010dios zonos su ovaliomis i\u0161pjovomis<br \/>\n\u2022 Mink\u0161tas vidinis pamu\u0161alas \u2013 suma\u017eina spaudimo ta\u0161kus<br \/>\n\u2022 Stabilus i\u0161orinis korpusas<br \/>\n\u2022 Tinka naudoti i\u0161 karto po tvars\u010dio u\u017ed\u0117jimo<br \/>\n\u2022 Trys reguliuojami tvirtinimo dir\u017eeliai<br \/>\n\u2022 Pridedamas specialus sugeriamasis \u012fklotas \u017eaizd\u0173 i\u0161skyroms<br \/>\n\u2022 Spalva: balta-m\u0117lyna<\/p>\n<p>&nbsp;<\/p>\n<table style=\"height: 270px;\" width=\"892\">\n<thead>\n<tr>\n<th>\n<p class=\"p1\"><b>Dydis<\/b><\/p>\n<\/th>\n<th>\n<p class=\"p1\"><b>ES bat\u0173 dydis<\/b><\/p>\n<\/th>\n<th>\n<p class=\"p1\"><b>P\u0117dos ilgis<\/b><\/p>\n<\/th>\n<th>\n<p class=\"p1\"><b>Blauzdos dalies ilgis<\/b><\/p>\n<\/th>\n<\/tr>\n<\/thead>\n<tbody>\n<tr>\n<td>\n<p class=\"p1\">S<\/p>\n<\/td>\n<td>\n<p class=\"p1\">iki 40<\/p>\n<\/td>\n<td>\n<p class=\"p1\">26,5 cm<\/p>\n<\/td>\n<td>\n<p class=\"p1\">34,0 cm<\/p>\n<\/td>\n<\/tr>\n<tr>\n<td>\n<p class=\"p1\">M<\/p>\n<\/td>\n<td>\n<p class=\"p1\">41\u201345<\/p>\n<\/td>\n<td>\n<p class=\"p1\">29,5 cm<\/p>\n<\/td>\n<td>\n<p class=\"p1\">37,0 cm<\/p>\n<\/td>\n<\/tr>\n<tr>\n<td>\n<p class=\"p1\">L<\/p>\n<\/td>\n<td>\n<p class=\"p1\">46\u201349<\/p>\n<\/td>\n<td>\n<p class=\"p1\">32,5 cm<\/p>\n<\/td>\n<td>\n<p class=\"p1\">40,0 cm<\/p>\n<\/td>\n<\/tr>\n<\/tbody>\n<\/table>","protected":false},"excerpt":{"rendered":"<p>Stabiliz\u0113jo\u0161a ortoze p\u0113das un apak\u0161stilba pozicion\u0113\u0161anai p\u0113c traum\u0101m un oper\u0101cij\u0101m. &nbsp; DARCO Posterior Splint Plus Fix ir p\u0113das pozicion\u0113\u0161anas ortoze<\/p>","protected":false},"featured_media":21168,"comment_status":"open","ping_status":"closed","template":"","meta":[],"product_brand":[],"product_cat":[137],"product_tag":[],"class_list":{"0":"post-21167","1":"product","2":"type-product","3":"status-publish","4":"has-post-thumbnail","6":"product_cat-kajai-cela-locitivai-un-pedai","8":"first","9":"instock","10":"taxable","11":"shipping-taxable","12":"purchasable","13":"product-type-variable"},"_links":{"self":[{"href":"https:\/\/medapp.lv\/lt\/wp-json\/wp\/v2\/product\/21167","targetHints":{"allow":["GET"]}}],"collection":[{"href":"https:\/\/medapp.lv\/lt\/wp-json\/wp\/v2\/product"}],"about":[{"href":"https:\/\/medapp.lv\/lt\/wp-json\/wp\/v2\/types\/product"}],"replies":[{"embeddable":true,"href":"https:\/\/medapp.lv\/lt\/wp-json\/wp\/v2\/comments?post=21167"}],"version-history":[{"count":1,"href":"https:\/\/medapp.lv\/lt\/wp-json\/wp\/v2\/product\/21167\/revisions"}],"predecessor-version":[{"id":21172,"href":"https:\/\/medapp.lv\/lt\/wp-json\/wp\/v2\/product\/21167\/revisions\/21172"}],"wp:featuredmedia":[{"embeddable":true,"href":"https:\/\/medapp.lv\/lt\/wp-json\/wp\/v2\/media\/21168"}],"wp:attachment":[{"href":"https:\/\/medapp.lv\/lt\/wp-json\/wp\/v2\/media?parent=21167"}],"wp:term":[{"taxonomy":"product_brand","embeddable":true,"href":"https:\/\/medapp.lv\/lt\/wp-json\/wp\/v2\/product_brand?post=21167"},{"taxonomy":"product_cat","embeddable":true,"href":"https:\/\/medapp.lv\/lt\/wp-json\/wp\/v2\/product_cat?post=21167"},{"taxonomy":"product_tag","embeddable":true,"href":"https:\/\/medapp.lv\/lt\/wp-json\/wp\/v2\/product_tag?post=21167"}],"curies":[{"name":"wp","href":"https:\/\/api.w.org\/{rel}","templated":true}]}}