{"id":21173,"date":"2025-07-02T11:17:04","date_gmt":"2025-07-02T09:17:04","guid":{"rendered":"https:\/\/medapp.lv\/?post_type=product&#038;p=21173"},"modified":"2025-07-16T09:05:46","modified_gmt":"2025-07-16T07:05:46","slug":"darco-twinshoe-kompensejosa-kurpe","status":"publish","type":"product","link":"https:\/\/medapp.lv\/lt\/produktas\/darco-twinshoe-kompensejosa-kurpe\/","title":{"rendered":"DARCO TwinShoe\u00ae kompensacinis batas"},"content":{"rendered":"<p><strong>DARCO TwinShoe\u00ae<\/strong> yra specialus kompensacinis batas, padedantis subalansuoti koj\u0173 ilgio skirtumus (iki ~45 mm). Jis u\u017etikrina saug\u0173 ir fiziologi\u0161kai teising\u0105 eisenos model\u012f, ypa\u010d sukurtas naudoti su kitais DARCO batais su pakeltu padu. Idealiai tinka stacionarinei prie\u017ei\u016brai ir judrumo gerinimui \u2013 nebereikia joki\u0173 sud\u0117ting\u0173 bat\u0173 koregavim\u0173!<br \/>\nTaip pat pridedamas i\u0161imamas vidpadis. Pasirinktinai galima prid\u0117ti pir\u0161t\u0173 apsaug\u0105.<\/p>\n<p>&nbsp;<\/p>\n<table style=\"height: 353px;\" width=\"697\">\n<thead>\n<tr>\n<th>\n<p class=\"p1\"><b>Dydis<\/b><\/p>\n<\/th>\n<th>\n<p class=\"p1\"><b>ES dydis<\/b><\/p>\n<\/th>\n<\/tr>\n<\/thead>\n<tbody>\n<tr>\n<td>\n<p class=\"p1\">XS<\/p>\n<\/td>\n<td>\n<p class=\"p1\">33,5\u201337,0<\/p>\n<\/td>\n<\/tr>\n<tr>\n<td>\n<p class=\"p1\">S<\/p>\n<\/td>\n<td>\n<p class=\"p1\">37,5\u201339,5<\/p>\n<\/td>\n<\/tr>\n<tr>\n<td>\n<p class=\"p1\">M<\/p>\n<\/td>\n<td>\n<p class=\"p1\">40,0\u201341,5<\/p>\n<\/td>\n<\/tr>\n<tr>\n<td>\n<p class=\"p1\">L<\/p>\n<\/td>\n<td>\n<p class=\"p1\">42,0\u201344,0<\/p>\n<\/td>\n<\/tr>\n<tr>\n<td>\n<p class=\"p1\">XL<\/p>\n<\/td>\n<td>\n<p class=\"p1\">44,5\u201347,0<\/p>\n<\/td>\n<\/tr>\n<\/tbody>\n<\/table>","protected":false},"excerpt":{"rendered":"<p>DARCO TwinShoe\u00ae ir speci\u0101la kompens\u0113jo\u0161\u0101 kurpe, kas pal\u012bdz l\u012bdzsvarot k\u0101ju garuma starp\u012bbu (l\u012bdz ~45 mm). T\u0101 nodro\u0161ina dro\u0161u un fiziolo\u0123iski<\/p>","protected":false},"featured_media":21174,"comment_status":"open","ping_status":"closed","template":"","meta":[],"product_brand":[],"product_cat":[291],"product_tag":[],"class_list":{"0":"post-21173","1":"product","2":"type-product","3":"status-publish","4":"has-post-thumbnail","6":"product_cat-ortopediskie-apavi","8":"first","9":"outofstock","10":"taxable","11":"shipping-taxable","12":"product-type-variable"},"_links":{"self":[{"href":"https:\/\/medapp.lv\/lt\/wp-json\/wp\/v2\/product\/21173","targetHints":{"allow":["GET"]}}],"collection":[{"href":"https:\/\/medapp.lv\/lt\/wp-json\/wp\/v2\/product"}],"about":[{"href":"https:\/\/medapp.lv\/lt\/wp-json\/wp\/v2\/types\/product"}],"replies":[{"embeddable":true,"href":"https:\/\/medapp.lv\/lt\/wp-json\/wp\/v2\/comments?post=21173"}],"version-history":[{"count":2,"href":"https:\/\/medapp.lv\/lt\/wp-json\/wp\/v2\/product\/21173\/revisions"}],"predecessor-version":[{"id":21181,"href":"https:\/\/medapp.lv\/lt\/wp-json\/wp\/v2\/product\/21173\/revisions\/21181"}],"wp:featuredmedia":[{"embeddable":true,"href":"https:\/\/medapp.lv\/lt\/wp-json\/wp\/v2\/media\/21174"}],"wp:attachment":[{"href":"https:\/\/medapp.lv\/lt\/wp-json\/wp\/v2\/media?parent=21173"}],"wp:term":[{"taxonomy":"product_brand","embeddable":true,"href":"https:\/\/medapp.lv\/lt\/wp-json\/wp\/v2\/product_brand?post=21173"},{"taxonomy":"product_cat","embeddable":true,"href":"https:\/\/medapp.lv\/lt\/wp-json\/wp\/v2\/product_cat?post=21173"},{"taxonomy":"product_tag","embeddable":true,"href":"https:\/\/medapp.lv\/lt\/wp-json\/wp\/v2\/product_tag?post=21173"}],"curies":[{"name":"wp","href":"https:\/\/api.w.org\/{rel}","templated":true}]}}