{"id":21182,"date":"2025-07-02T12:04:41","date_gmt":"2025-07-02T10:04:41","guid":{"rendered":"https:\/\/medapp.lv\/?post_type=product&#038;p=21182"},"modified":"2025-07-17T10:04:01","modified_gmt":"2025-07-17T08:04:01","slug":"pastiprinata-endotraheala-caurule-ar-manseti-un-ieprieks-ievietotu-stiletu","status":"publish","type":"product","link":"https:\/\/medapp.lv\/lt\/produktas\/pastiprinata-endotraheala-caurule-ar-manseti-un-ieprieks-ievietotu-stiletu\/","title":{"rendered":"Sustiprintas endotrach\u0117jinis vamzdelis su man\u017eete ir i\u0161 anksto \u012fvestu stiletu"},"content":{"rendered":"<p>Ypa\u010d tvirtas endotrach\u0117jinis vamzdelis su man\u017eete ir i\u0161 anksto \u012fvestu stiletu patogesnei ir saugesnei intubacijai. Idealiai tinka profesionaliam naudojimui skubios pagalbos ir operacij\u0173 metu. Kiekvienas dydis tiekiamas 10 vienet\u0173 pakuot\u0117je.<\/p>\n<p>&nbsp;<\/p>\n<table>\n<thead>\n<tr>\n<th>\n<p class=\"p1\"><b>Produkto kodas<\/b><\/p>\n<\/th>\n<th>\n<p class=\"p1\"><b>Vidinis skersmuo (ID) mm<\/b><\/p>\n<\/th>\n<th>\n<p class=\"p1\"><b>Pakuot\u0117<\/b><\/p>\n<\/th>\n<\/tr>\n<\/thead>\n<tbody>\n<tr>\n<td>\n<p class=\"p1\">RIMZP-75<\/p>\n<\/td>\n<td>\n<p class=\"p1\">7,5 mm<\/p>\n<\/td>\n<td>\n<p class=\"p1\">10 vnt. \/ pakuot\u0117je<\/p>\n<\/td>\n<\/tr>\n<tr>\n<td>\n<p class=\"p1\">RIMZP-80<\/p>\n<\/td>\n<td>\n<p class=\"p1\">8,0 mm<\/p>\n<\/td>\n<td>\n<p class=\"p1\">10 vnt. \/ pakuot\u0117je<\/p>\n<\/td>\n<\/tr>\n<tr>\n<td>\n<p class=\"p1\">RIMZP-85<\/p>\n<\/td>\n<td>\n<p class=\"p1\">8,5 mm<\/p>\n<\/td>\n<td>\n<p class=\"p1\">10 vnt. \/ pakuot\u0117je<\/p>\n<\/td>\n<\/tr>\n<tr>\n<td>\n<p class=\"p1\">RIMZP-90<\/p>\n<\/td>\n<td>\n<p class=\"p1\">9,0 mm<\/p>\n<\/td>\n<td>\n<p class=\"p1\">10 vnt. \/ pakuot\u0117je<\/p>\n<\/td>\n<\/tr>\n<tr>\n<td>\n<p class=\"p1\">RIMZP-95<\/p>\n<\/td>\n<td>\n<p class=\"p1\">9,5 mm<\/p>\n<\/td>\n<td>\n<p class=\"p1\">10 vnt. \/ pakuot\u0117je<\/p>\n<\/td>\n<\/tr>\n<\/tbody>\n<\/table>","protected":false},"excerpt":{"rendered":"<p>Ypa\u010d tvirtas endotrach\u0117jinis vamzdelis su man\u017eete ir i\u0161 anksto \u012fvestu stiletu, kad intubacija b\u016bt\u0173 patogesn\u0117 ir saugesn\u0117. Idealiai tinka profesionalams.<\/p>","protected":false},"featured_media":21183,"comment_status":"open","ping_status":"closed","template":"","meta":[],"product_brand":[],"product_cat":[244],"product_tag":[],"class_list":{"0":"post-21182","1":"product","2":"type-product","3":"status-publish","4":"has-post-thumbnail","6":"product_cat-anestezijas-piederumi","8":"first","9":"instock","10":"taxable","11":"shipping-taxable","12":"product-type-simple"},"_links":{"self":[{"href":"https:\/\/medapp.lv\/lt\/wp-json\/wp\/v2\/product\/21182","targetHints":{"allow":["GET"]}}],"collection":[{"href":"https:\/\/medapp.lv\/lt\/wp-json\/wp\/v2\/product"}],"about":[{"href":"https:\/\/medapp.lv\/lt\/wp-json\/wp\/v2\/types\/product"}],"replies":[{"embeddable":true,"href":"https:\/\/medapp.lv\/lt\/wp-json\/wp\/v2\/comments?post=21182"}],"version-history":[{"count":2,"href":"https:\/\/medapp.lv\/lt\/wp-json\/wp\/v2\/product\/21182\/revisions"}],"predecessor-version":[{"id":21185,"href":"https:\/\/medapp.lv\/lt\/wp-json\/wp\/v2\/product\/21182\/revisions\/21185"}],"wp:featuredmedia":[{"embeddable":true,"href":"https:\/\/medapp.lv\/lt\/wp-json\/wp\/v2\/media\/21183"}],"wp:attachment":[{"href":"https:\/\/medapp.lv\/lt\/wp-json\/wp\/v2\/media?parent=21182"}],"wp:term":[{"taxonomy":"product_brand","embeddable":true,"href":"https:\/\/medapp.lv\/lt\/wp-json\/wp\/v2\/product_brand?post=21182"},{"taxonomy":"product_cat","embeddable":true,"href":"https:\/\/medapp.lv\/lt\/wp-json\/wp\/v2\/product_cat?post=21182"},{"taxonomy":"product_tag","embeddable":true,"href":"https:\/\/medapp.lv\/lt\/wp-json\/wp\/v2\/product_tag?post=21182"}],"curies":[{"name":"wp","href":"https:\/\/api.w.org\/{rel}","templated":true}]}}