{"id":21207,"date":"2025-07-02T12:40:30","date_gmt":"2025-07-02T10:40:30","guid":{"rendered":"https:\/\/medapp.lv\/?post_type=product&#038;p=21207"},"modified":"2025-07-17T10:03:58","modified_gmt":"2025-07-17T08:03:58","slug":"gela-pozicionetajs-galvai","status":"publish","type":"product","link":"https:\/\/medapp.lv\/lt\/produktas\/gela-pozicionetajs-galvai\/","title":{"rendered":"Gelio galvut\u0117s pozicionavimo \u012ftaisas"},"content":{"rendered":"<p>Patog\u016bs ir saug\u016bs gelio pozicionieriai galvos fiksavimui operacij\u0173 ar proced\u016br\u0173 metu. Pagaminti i\u0161 auk\u0161tos kokyb\u0117s med\u017eiagos, kuri u\u017etikrina komfort\u0105 ir ma\u017eina spaudim\u0105. Galima \u012fsigyti \u012fvairi\u0173 dyd\u017ei\u0173 ir form\u0173, atsi\u017evelgiant \u012f poreikius.<\/p>\n<p><strong>Galimi modeliai ir dyd\u017eiai:<\/strong><br \/>\n\u2022 AP003 \u2013 20 x 7,5 x 4,5 cm<br \/>\n\u2022 AP012 \u2013 14 x 6 x 3,5 cm (apvalus su i\u0161pjova)<br \/>\n\u2022 AP012C \u2013 14 x 6 x 3,5 cm (pusapvalis)<br \/>\n\u2022 AP110 \u2013 23 x 27 x 7 cm<\/p>\n<p><strong>Pakuot\u0117:<\/strong> 1 gabalas<\/p>","protected":false},"excerpt":{"rendered":"<p>\u0112rti un dro\u0161i g\u0113la pozicion\u0113t\u0101ji galvas fiks\u0113\u0161anai oper\u0101ciju vai proced\u016bru laik\u0101. Izgatavoti no augstas kvalit\u0101tes materi\u0101la, kas nodro\u0161ina komfortu un<\/p>","protected":false},"featured_media":21209,"comment_status":"open","ping_status":"closed","template":"","meta":[],"product_brand":[],"product_cat":[213],"product_tag":[],"class_list":{"0":"post-21207","1":"product","2":"type-product","3":"status-publish","4":"has-post-thumbnail","6":"product_cat-citi-b2b","8":"first","9":"instock","10":"taxable","11":"shipping-taxable","12":"product-type-simple"},"_links":{"self":[{"href":"https:\/\/medapp.lv\/lt\/wp-json\/wp\/v2\/product\/21207","targetHints":{"allow":["GET"]}}],"collection":[{"href":"https:\/\/medapp.lv\/lt\/wp-json\/wp\/v2\/product"}],"about":[{"href":"https:\/\/medapp.lv\/lt\/wp-json\/wp\/v2\/types\/product"}],"replies":[{"embeddable":true,"href":"https:\/\/medapp.lv\/lt\/wp-json\/wp\/v2\/comments?post=21207"}],"version-history":[{"count":1,"href":"https:\/\/medapp.lv\/lt\/wp-json\/wp\/v2\/product\/21207\/revisions"}],"predecessor-version":[{"id":21210,"href":"https:\/\/medapp.lv\/lt\/wp-json\/wp\/v2\/product\/21207\/revisions\/21210"}],"wp:featuredmedia":[{"embeddable":true,"href":"https:\/\/medapp.lv\/lt\/wp-json\/wp\/v2\/media\/21209"}],"wp:attachment":[{"href":"https:\/\/medapp.lv\/lt\/wp-json\/wp\/v2\/media?parent=21207"}],"wp:term":[{"taxonomy":"product_brand","embeddable":true,"href":"https:\/\/medapp.lv\/lt\/wp-json\/wp\/v2\/product_brand?post=21207"},{"taxonomy":"product_cat","embeddable":true,"href":"https:\/\/medapp.lv\/lt\/wp-json\/wp\/v2\/product_cat?post=21207"},{"taxonomy":"product_tag","embeddable":true,"href":"https:\/\/medapp.lv\/lt\/wp-json\/wp\/v2\/product_tag?post=21207"}],"curies":[{"name":"wp","href":"https:\/\/api.w.org\/{rel}","templated":true}]}}