{"id":21211,"date":"2025-07-02T13:59:01","date_gmt":"2025-07-02T11:59:01","guid":{"rendered":"https:\/\/medapp.lv\/?post_type=product&#038;p=21211"},"modified":"2025-07-17T10:03:58","modified_gmt":"2025-07-17T08:03:58","slug":"kirurgiskais-halats-standard-standard-plus","status":"publish","type":"product","link":"https:\/\/medapp.lv\/lt\/produktas\/kirurgiskais-halats-standard-standard-plus\/","title":{"rendered":"Chirurginis chalatas STANDARTINIS \/ STANDARTINIS PLUS"},"content":{"rendered":"<p><strong>Galimi modeliai ir dyd\u017eiai:<\/strong><br \/>\n\u2022 STANDARTINIS \u2013 M \/ L \/ XL \/ XXL<br \/>\n\u2022 STANDARTINIS PLUS \u2013 M \/ L \/ XL \/ XXL<\/p>\n<p>&nbsp;<\/p>\n<p><strong>Med\u017eiaga:<\/strong> Neaustinis polipropilenas<\/p>\n<p><strong>Apra\u0161ymas:<\/strong><br \/>\nSterilus, vienkartinis chirurginis chalatas su kv\u0117puojan\u010dia strukt\u016bra.<br \/>\n\u2022 STANDARTINIS: skirtas standartin\u0117ms chirurgin\u0117ms proced\u016broms.<br \/>\n\u2022 STANDARTINIS PLUS: papildomai sutvirtinta priekin\u0117 dalis ir rankov\u0117s, tinka operacijoms su didesniais skys\u010di\u0173 kiekiais.<\/p>\n<p><strong>Savyb\u0117s:<\/strong><br \/>\n\u2022 Kv\u0117puojantis ir lengvas<br \/>\n\u2022 Nevar\u017eo judesi\u0173<br \/>\n\u2022 Didelis atsparumas skys\u010diams (PLUS modelis)<br \/>\n\u2022 Sukurta profesionaliam naudojimui operacin\u0117se<\/p>","protected":false},"excerpt":{"rendered":"<p>Pieejamie mode\u013ci un izm\u0113ri: \u2022 STANDARD \u2013 M \/ L \/ XL \/ XXL \u2022 STANDARD PLUS \u2013 M \/<\/p>","protected":false},"featured_media":21215,"comment_status":"open","ping_status":"closed","template":"","meta":[],"product_brand":[],"product_cat":[236],"product_tag":[],"class_list":{"0":"post-21211","1":"product","2":"type-product","3":"status-publish","4":"has-post-thumbnail","6":"product_cat-kirurgiskie-cimdi-apgerbs","8":"first","9":"instock","10":"taxable","11":"shipping-taxable","12":"product-type-simple"},"_links":{"self":[{"href":"https:\/\/medapp.lv\/lt\/wp-json\/wp\/v2\/product\/21211","targetHints":{"allow":["GET"]}}],"collection":[{"href":"https:\/\/medapp.lv\/lt\/wp-json\/wp\/v2\/product"}],"about":[{"href":"https:\/\/medapp.lv\/lt\/wp-json\/wp\/v2\/types\/product"}],"replies":[{"embeddable":true,"href":"https:\/\/medapp.lv\/lt\/wp-json\/wp\/v2\/comments?post=21211"}],"version-history":[{"count":1,"href":"https:\/\/medapp.lv\/lt\/wp-json\/wp\/v2\/product\/21211\/revisions"}],"predecessor-version":[{"id":21217,"href":"https:\/\/medapp.lv\/lt\/wp-json\/wp\/v2\/product\/21211\/revisions\/21217"}],"wp:featuredmedia":[{"embeddable":true,"href":"https:\/\/medapp.lv\/lt\/wp-json\/wp\/v2\/media\/21215"}],"wp:attachment":[{"href":"https:\/\/medapp.lv\/lt\/wp-json\/wp\/v2\/media?parent=21211"}],"wp:term":[{"taxonomy":"product_brand","embeddable":true,"href":"https:\/\/medapp.lv\/lt\/wp-json\/wp\/v2\/product_brand?post=21211"},{"taxonomy":"product_cat","embeddable":true,"href":"https:\/\/medapp.lv\/lt\/wp-json\/wp\/v2\/product_cat?post=21211"},{"taxonomy":"product_tag","embeddable":true,"href":"https:\/\/medapp.lv\/lt\/wp-json\/wp\/v2\/product_tag?post=21211"}],"curies":[{"name":"wp","href":"https:\/\/api.w.org\/{rel}","templated":true}]}}