{"id":21218,"date":"2025-07-02T14:01:04","date_gmt":"2025-07-02T12:01:04","guid":{"rendered":"https:\/\/medapp.lv\/?post_type=product&#038;p=21218"},"modified":"2025-07-17T10:03:57","modified_gmt":"2025-07-17T08:03:57","slug":"artroskopijas-komplekts","status":"publish","type":"product","link":"https:\/\/medapp.lv\/lt\/produktas\/artroskopijas-komplekts\/","title":{"rendered":"Artroskopijos rinkinys"},"content":{"rendered":"<p><strong>Prek\u0117s kodas:<\/strong> 42000082<br \/>\n<strong>Sud\u0117tyje yra:<\/strong> \u012fvairi\u0173 dyd\u017ei\u0173 chirurginiai apklotai, skys\u010di\u0173 surinkimo mai\u0161eliai, rank\u0161luos\u010diai, instrument\u0173 laikikliai.<\/p>","protected":false},"excerpt":{"rendered":"<p>Prek\u0117s kodas: 42000082. Pakuot\u0117je yra: \u012fvairi\u0173 dyd\u017ei\u0173 chirurginiai apklotai, skys\u010di\u0173 surinkimo mai\u0161eliai, rank\u0161luos\u010diai, instrument\u0173 laikikliai.<\/p>","protected":false},"featured_media":21490,"comment_status":"open","ping_status":"closed","template":"","meta":[],"product_brand":[],"product_cat":[240],"product_tag":[],"class_list":{"0":"post-21218","1":"product","2":"type-product","3":"status-publish","4":"has-post-thumbnail","6":"product_cat-kirurgiskie-komplekti","8":"first","9":"instock","10":"taxable","11":"shipping-taxable","12":"product-type-simple"},"_links":{"self":[{"href":"https:\/\/medapp.lv\/lt\/wp-json\/wp\/v2\/product\/21218","targetHints":{"allow":["GET"]}}],"collection":[{"href":"https:\/\/medapp.lv\/lt\/wp-json\/wp\/v2\/product"}],"about":[{"href":"https:\/\/medapp.lv\/lt\/wp-json\/wp\/v2\/types\/product"}],"replies":[{"embeddable":true,"href":"https:\/\/medapp.lv\/lt\/wp-json\/wp\/v2\/comments?post=21218"}],"version-history":[{"count":3,"href":"https:\/\/medapp.lv\/lt\/wp-json\/wp\/v2\/product\/21218\/revisions"}],"predecessor-version":[{"id":21491,"href":"https:\/\/medapp.lv\/lt\/wp-json\/wp\/v2\/product\/21218\/revisions\/21491"}],"wp:featuredmedia":[{"embeddable":true,"href":"https:\/\/medapp.lv\/lt\/wp-json\/wp\/v2\/media\/21490"}],"wp:attachment":[{"href":"https:\/\/medapp.lv\/lt\/wp-json\/wp\/v2\/media?parent=21218"}],"wp:term":[{"taxonomy":"product_brand","embeddable":true,"href":"https:\/\/medapp.lv\/lt\/wp-json\/wp\/v2\/product_brand?post=21218"},{"taxonomy":"product_cat","embeddable":true,"href":"https:\/\/medapp.lv\/lt\/wp-json\/wp\/v2\/product_cat?post=21218"},{"taxonomy":"product_tag","embeddable":true,"href":"https:\/\/medapp.lv\/lt\/wp-json\/wp\/v2\/product_tag?post=21218"}],"curies":[{"name":"wp","href":"https:\/\/api.w.org\/{rel}","templated":true}]}}