{"id":21222,"date":"2025-07-02T14:02:20","date_gmt":"2025-07-02T12:02:20","guid":{"rendered":"https:\/\/medapp.lv\/?post_type=product&#038;p=21222"},"modified":"2025-07-17T10:03:57","modified_gmt":"2025-07-17T08:03:57","slug":"plecu-operaciju-komplekts","status":"publish","type":"product","link":"https:\/\/medapp.lv\/lt\/produktas\/plecu-operaciju-komplekts\/","title":{"rendered":"Peties operacijos rinkinys"},"content":{"rendered":"<p><strong>Prek\u0117s kodas:<\/strong> 42000054<br \/>\n<strong>Sud\u0117tyje yra:<\/strong> Peties operacijoms pritaikyti apklotai su angomis, sugerian\u010diomis med\u017eiagomis ir skys\u010di\u0173 mai\u0161eliais.<\/p>\n<p>Idealiai tinka ortopedin\u0117ms peties operacijoms.<\/p>","protected":false},"excerpt":{"rendered":"<p>Preces kods: 42000054 Satur: pleca oper\u0101cijai piel\u0101gotus p\u0101rkl\u0101jus ar atver\u0113m, absorb\u0113jo\u0161us materi\u0101lus, \u0161\u0137idruma maisi\u0146us. Ide\u0101li piem\u0113rots ortop\u0113disk\u0101m plecu oper\u0101cij\u0101m.<\/p>","protected":false},"featured_media":21489,"comment_status":"open","ping_status":"closed","template":"","meta":[],"product_brand":[],"product_cat":[240],"product_tag":[],"class_list":{"0":"post-21222","1":"product","2":"type-product","3":"status-publish","4":"has-post-thumbnail","6":"product_cat-kirurgiskie-komplekti","8":"first","9":"instock","10":"taxable","11":"shipping-taxable","12":"product-type-simple"},"_links":{"self":[{"href":"https:\/\/medapp.lv\/lt\/wp-json\/wp\/v2\/product\/21222","targetHints":{"allow":["GET"]}}],"collection":[{"href":"https:\/\/medapp.lv\/lt\/wp-json\/wp\/v2\/product"}],"about":[{"href":"https:\/\/medapp.lv\/lt\/wp-json\/wp\/v2\/types\/product"}],"replies":[{"embeddable":true,"href":"https:\/\/medapp.lv\/lt\/wp-json\/wp\/v2\/comments?post=21222"}],"version-history":[{"count":2,"href":"https:\/\/medapp.lv\/lt\/wp-json\/wp\/v2\/product\/21222\/revisions"}],"predecessor-version":[{"id":21225,"href":"https:\/\/medapp.lv\/lt\/wp-json\/wp\/v2\/product\/21222\/revisions\/21225"}],"wp:featuredmedia":[{"embeddable":true,"href":"https:\/\/medapp.lv\/lt\/wp-json\/wp\/v2\/media\/21489"}],"wp:attachment":[{"href":"https:\/\/medapp.lv\/lt\/wp-json\/wp\/v2\/media?parent=21222"}],"wp:term":[{"taxonomy":"product_brand","embeddable":true,"href":"https:\/\/medapp.lv\/lt\/wp-json\/wp\/v2\/product_brand?post=21222"},{"taxonomy":"product_cat","embeddable":true,"href":"https:\/\/medapp.lv\/lt\/wp-json\/wp\/v2\/product_cat?post=21222"},{"taxonomy":"product_tag","embeddable":true,"href":"https:\/\/medapp.lv\/lt\/wp-json\/wp\/v2\/product_tag?post=21222"}],"curies":[{"name":"wp","href":"https:\/\/api.w.org\/{rel}","templated":true}]}}