{"id":21226,"date":"2025-07-02T14:03:30","date_gmt":"2025-07-02T12:03:30","guid":{"rendered":"https:\/\/medapp.lv\/?post_type=product&#038;p=21226"},"modified":"2025-07-17T10:03:56","modified_gmt":"2025-07-17T08:03:56","slug":"hallux-operaciju-komplekts","status":"publish","type":"product","link":"https:\/\/medapp.lv\/lt\/produktas\/hallux-operaciju-komplekts\/","title":{"rendered":"Hallux chirurgijos rinkinys"},"content":{"rendered":"<p><strong>Prek\u0117s kodas:<\/strong> 42000083<br \/>\n<strong>Sud\u0117tyje yra:<\/strong> U\u017evalkalai, rank\u0161luos\u010diai ir pakavimo med\u017eiagos p\u0117d\u0173 ir pir\u0161t\u0173 operacijoms.<\/p>","protected":false},"excerpt":{"rendered":"<p>Prek\u0117s kodas: 42000083 Pakuot\u0117je yra: tvars\u010diai, rank\u0161luos\u010diai, pakavimo med\u017eiagos p\u0117d\u0173 ir pir\u0161t\u0173 operacijoms.<\/p>","protected":false},"featured_media":21488,"comment_status":"open","ping_status":"closed","template":"","meta":[],"product_brand":[],"product_cat":[240],"product_tag":[],"class_list":{"0":"post-21226","1":"product","2":"type-product","3":"status-publish","4":"has-post-thumbnail","6":"product_cat-kirurgiskie-komplekti","8":"first","9":"instock","10":"taxable","11":"shipping-taxable","12":"product-type-simple"},"_links":{"self":[{"href":"https:\/\/medapp.lv\/lt\/wp-json\/wp\/v2\/product\/21226","targetHints":{"allow":["GET"]}}],"collection":[{"href":"https:\/\/medapp.lv\/lt\/wp-json\/wp\/v2\/product"}],"about":[{"href":"https:\/\/medapp.lv\/lt\/wp-json\/wp\/v2\/types\/product"}],"replies":[{"embeddable":true,"href":"https:\/\/medapp.lv\/lt\/wp-json\/wp\/v2\/comments?post=21226"}],"version-history":[{"count":2,"href":"https:\/\/medapp.lv\/lt\/wp-json\/wp\/v2\/product\/21226\/revisions"}],"predecessor-version":[{"id":21229,"href":"https:\/\/medapp.lv\/lt\/wp-json\/wp\/v2\/product\/21226\/revisions\/21229"}],"wp:featuredmedia":[{"embeddable":true,"href":"https:\/\/medapp.lv\/lt\/wp-json\/wp\/v2\/media\/21488"}],"wp:attachment":[{"href":"https:\/\/medapp.lv\/lt\/wp-json\/wp\/v2\/media?parent=21226"}],"wp:term":[{"taxonomy":"product_brand","embeddable":true,"href":"https:\/\/medapp.lv\/lt\/wp-json\/wp\/v2\/product_brand?post=21226"},{"taxonomy":"product_cat","embeddable":true,"href":"https:\/\/medapp.lv\/lt\/wp-json\/wp\/v2\/product_cat?post=21226"},{"taxonomy":"product_tag","embeddable":true,"href":"https:\/\/medapp.lv\/lt\/wp-json\/wp\/v2\/product_tag?post=21226"}],"curies":[{"name":"wp","href":"https:\/\/api.w.org\/{rel}","templated":true}]}}