{"id":21235,"date":"2025-07-03T12:05:04","date_gmt":"2025-07-03T10:05:04","guid":{"rendered":"https:\/\/medapp.lv\/?post_type=product&#038;p=21235"},"modified":"2026-04-08T21:55:02","modified_gmt":"2026-04-08T19:55:02","slug":"vienreizejas-lietosanas-slirce-ar-adatu-2","status":"publish","type":"product","link":"https:\/\/medapp.lv\/lt\/produktas\/vienreizejas-lietosanas-slirce-ar-adatu-2\/","title":{"rendered":"Vienkartinis \u0161virk\u0161tas su adata"},"content":{"rendered":"<p>Vienkartinis \u0161virk\u0161tas su Luer Lock jungtimi. Permatomas korpusas su juoda skale. Pridedama adata.<\/p>\n<p>T\u016bris: 2 ml 100 vnt.\/pakuot\u0117je<\/p>\n<p>T\u016bris: 5 ml 100 vnt.\/pakuot\u0117je<\/p>\n<p>T\u016bris: 10 ml 100 vnt.\/pakuot\u0117je<\/p>\n<p>T\u016bris: 20 ml 50 vnt.\/pakuot\u0117je<\/p>\n<p>T\u016bris: 50\/60 ml 25 vnt.\/pakuot\u0117je<\/p>","protected":false},"excerpt":{"rendered":"<p>Luer Lock vienreizlietojam\u0101 \u0161\u013circe. Caursp\u012bd\u012bgs cilindrs ar melnu skalu. Komplekt\u0101 ir pievienota adata. Tilpums: 2 ml 100gb\/iepakojum\u0101 Tilpums: 5 ml<\/p>","protected":false},"featured_media":21241,"comment_status":"open","ping_status":"closed","template":"","meta":[],"product_brand":[],"product_cat":[301],"product_tag":[],"class_list":{"0":"post-21235","1":"product","2":"type-product","3":"status-publish","4":"has-post-thumbnail","6":"product_cat-adatas-un-slirces","8":"first","9":"instock","10":"taxable","11":"shipping-taxable","12":"purchasable","13":"product-type-variable"},"_links":{"self":[{"href":"https:\/\/medapp.lv\/lt\/wp-json\/wp\/v2\/product\/21235","targetHints":{"allow":["GET"]}}],"collection":[{"href":"https:\/\/medapp.lv\/lt\/wp-json\/wp\/v2\/product"}],"about":[{"href":"https:\/\/medapp.lv\/lt\/wp-json\/wp\/v2\/types\/product"}],"replies":[{"embeddable":true,"href":"https:\/\/medapp.lv\/lt\/wp-json\/wp\/v2\/comments?post=21235"}],"version-history":[{"count":1,"href":"https:\/\/medapp.lv\/lt\/wp-json\/wp\/v2\/product\/21235\/revisions"}],"predecessor-version":[{"id":21242,"href":"https:\/\/medapp.lv\/lt\/wp-json\/wp\/v2\/product\/21235\/revisions\/21242"}],"wp:featuredmedia":[{"embeddable":true,"href":"https:\/\/medapp.lv\/lt\/wp-json\/wp\/v2\/media\/21241"}],"wp:attachment":[{"href":"https:\/\/medapp.lv\/lt\/wp-json\/wp\/v2\/media?parent=21235"}],"wp:term":[{"taxonomy":"product_brand","embeddable":true,"href":"https:\/\/medapp.lv\/lt\/wp-json\/wp\/v2\/product_brand?post=21235"},{"taxonomy":"product_cat","embeddable":true,"href":"https:\/\/medapp.lv\/lt\/wp-json\/wp\/v2\/product_cat?post=21235"},{"taxonomy":"product_tag","embeddable":true,"href":"https:\/\/medapp.lv\/lt\/wp-json\/wp\/v2\/product_tag?post=21235"}],"curies":[{"name":"wp","href":"https:\/\/api.w.org\/{rel}","templated":true}]}}