{"id":21279,"date":"2025-07-07T12:41:42","date_gmt":"2025-07-07T10:41:42","guid":{"rendered":"https:\/\/medapp.lv\/?post_type=product&#038;p=21279"},"modified":"2025-07-16T09:05:22","modified_gmt":"2025-07-16T07:05:22","slug":"koka-spatelites","status":"publish","type":"product","link":"https:\/\/medapp.lv\/lt\/produktas\/koka-spatelites\/","title":{"rendered":"Medin\u0117s mentel\u0117s"},"content":{"rendered":"<p>Auk\u0161tos kokyb\u0117s vienkartin\u0117s medin\u0117s mentel\u0117s burnos ap\u017ei\u016brai ir bendram medicininiam naudojimui. Lygus pavir\u0161ius ir optimalus dydis saugiam ir patogiam naudojimui.<\/p>\n<p><strong>Specifikacija:<\/strong><br \/>\n\u2022 Dydis: 150 \u00d7 18 mm<br \/>\n\u2022 Pakuot\u0117: 100 vnt. pakuot\u0117je<\/p>","protected":false},"excerpt":{"rendered":"<p>Augstas kvalit\u0101tes vienreizlietojamas koka \u0161p\u0101tel\u012btes, paredz\u0113tas mutes dobuma izmekl\u0113jumiem un visp\u0101r\u0113jai medic\u012bniskai lieto\u0161anai. Gluda virsma un optim\u0101ls izm\u0113rs dro\u0161ai un<\/p>","protected":false},"featured_media":21280,"comment_status":"open","ping_status":"closed","template":"","meta":[],"product_brand":[],"product_cat":[132],"product_tag":[],"class_list":{"0":"post-21279","1":"product","2":"type-product","3":"status-publish","4":"has-post-thumbnail","6":"product_cat-citi","8":"first","9":"instock","10":"taxable","11":"shipping-taxable","12":"purchasable","13":"product-type-simple"},"_links":{"self":[{"href":"https:\/\/medapp.lv\/lt\/wp-json\/wp\/v2\/product\/21279","targetHints":{"allow":["GET"]}}],"collection":[{"href":"https:\/\/medapp.lv\/lt\/wp-json\/wp\/v2\/product"}],"about":[{"href":"https:\/\/medapp.lv\/lt\/wp-json\/wp\/v2\/types\/product"}],"replies":[{"embeddable":true,"href":"https:\/\/medapp.lv\/lt\/wp-json\/wp\/v2\/comments?post=21279"}],"version-history":[{"count":2,"href":"https:\/\/medapp.lv\/lt\/wp-json\/wp\/v2\/product\/21279\/revisions"}],"predecessor-version":[{"id":21282,"href":"https:\/\/medapp.lv\/lt\/wp-json\/wp\/v2\/product\/21279\/revisions\/21282"}],"wp:featuredmedia":[{"embeddable":true,"href":"https:\/\/medapp.lv\/lt\/wp-json\/wp\/v2\/media\/21280"}],"wp:attachment":[{"href":"https:\/\/medapp.lv\/lt\/wp-json\/wp\/v2\/media?parent=21279"}],"wp:term":[{"taxonomy":"product_brand","embeddable":true,"href":"https:\/\/medapp.lv\/lt\/wp-json\/wp\/v2\/product_brand?post=21279"},{"taxonomy":"product_cat","embeddable":true,"href":"https:\/\/medapp.lv\/lt\/wp-json\/wp\/v2\/product_cat?post=21279"},{"taxonomy":"product_tag","embeddable":true,"href":"https:\/\/medapp.lv\/lt\/wp-json\/wp\/v2\/product_tag?post=21279"}],"curies":[{"name":"wp","href":"https:\/\/api.w.org\/{rel}","templated":true}]}}