{"id":21283,"date":"2025-07-07T12:42:59","date_gmt":"2025-07-07T10:42:59","guid":{"rendered":"https:\/\/medapp.lv\/?post_type=product&#038;p=21283"},"modified":"2025-07-16T09:05:22","modified_gmt":"2025-07-16T07:05:22","slug":"salvetes","status":"publish","type":"product","link":"https:\/\/medapp.lv\/lt\/produktas\/salvetes\/","title":{"rendered":"Servet\u0117l\u0117s"},"content":{"rendered":"<p>Mink\u0161tos ir patvarios vienkartin\u0117s servet\u0117l\u0117s higienai ir prie\u017ei\u016brai. Idealiai tinka naudoti medicinos \u012fstaigose, gro\u017eio prie\u017ei\u016bros ar kasdien\u0117s prie\u017ei\u016bros reikm\u0117ms.<\/p>\n<p><strong>Specifikacija:<\/strong><br \/>\n\u2022 Dydis: 20,5 \u00d7 21 cm<br \/>\n\u2022 Pakuot\u0117: 100 vnt. pakuot\u0117je<\/p>","protected":false},"excerpt":{"rendered":"<p>M\u012bkstas un iztur\u012bgas vienreizlietojam\u0101s salvetes higi\u0113nai un kop\u0161anai. Ide\u0101li piem\u0113rotas lieto\u0161anai medic\u012bnas iest\u0101d\u0113s, skaistumkop\u0161an\u0101 vai ikdienas apr\u016bp\u0113. Specifik\u0101cija: \u2022 Izm\u0113rs:<\/p>","protected":false},"featured_media":21284,"comment_status":"open","ping_status":"closed","template":"","meta":[],"product_brand":[],"product_cat":[132],"product_tag":[],"class_list":{"0":"post-21283","1":"product","2":"type-product","3":"status-publish","4":"has-post-thumbnail","6":"product_cat-citi","8":"first","9":"outofstock","10":"taxable","11":"shipping-taxable","12":"purchasable","13":"product-type-simple"},"_links":{"self":[{"href":"https:\/\/medapp.lv\/lt\/wp-json\/wp\/v2\/product\/21283","targetHints":{"allow":["GET"]}}],"collection":[{"href":"https:\/\/medapp.lv\/lt\/wp-json\/wp\/v2\/product"}],"about":[{"href":"https:\/\/medapp.lv\/lt\/wp-json\/wp\/v2\/types\/product"}],"replies":[{"embeddable":true,"href":"https:\/\/medapp.lv\/lt\/wp-json\/wp\/v2\/comments?post=21283"}],"version-history":[{"count":2,"href":"https:\/\/medapp.lv\/lt\/wp-json\/wp\/v2\/product\/21283\/revisions"}],"predecessor-version":[{"id":21286,"href":"https:\/\/medapp.lv\/lt\/wp-json\/wp\/v2\/product\/21283\/revisions\/21286"}],"wp:featuredmedia":[{"embeddable":true,"href":"https:\/\/medapp.lv\/lt\/wp-json\/wp\/v2\/media\/21284"}],"wp:attachment":[{"href":"https:\/\/medapp.lv\/lt\/wp-json\/wp\/v2\/media?parent=21283"}],"wp:term":[{"taxonomy":"product_brand","embeddable":true,"href":"https:\/\/medapp.lv\/lt\/wp-json\/wp\/v2\/product_brand?post=21283"},{"taxonomy":"product_cat","embeddable":true,"href":"https:\/\/medapp.lv\/lt\/wp-json\/wp\/v2\/product_cat?post=21283"},{"taxonomy":"product_tag","embeddable":true,"href":"https:\/\/medapp.lv\/lt\/wp-json\/wp\/v2\/product_tag?post=21283"}],"curies":[{"name":"wp","href":"https:\/\/api.w.org\/{rel}","templated":true}]}}