{"id":21291,"date":"2025-07-07T12:46:32","date_gmt":"2025-07-07T10:46:32","guid":{"rendered":"https:\/\/medapp.lv\/?post_type=product&#038;p=21291"},"modified":"2025-07-17T10:13:14","modified_gmt":"2025-07-17T08:13:14","slug":"salvetes-no-parstradatas-celulozes","status":"publish","type":"product","link":"https:\/\/medapp.lv\/lt\/produktas\/salvetes-no-parstradatas-celulozes\/","title":{"rendered":"Servet\u0117l\u0117s \u2013 pagamintos i\u0161 perdirbtos celiulioz\u0117s"},"content":{"rendered":"<p>Vienkartin\u0117s servet\u0117l\u0117s, pagamintos i\u0161 perdirbtos celiulioz\u0117s. Puikiai tinka rankoms ar pavir\u0161iams nusausinti, proced\u016broms ar bendram naudojimui medicinos ir prie\u017ei\u016bros \u012fstaigose.<\/p>\n<p><strong>Specifikacija:<\/strong><br \/>\n\u2022 Med\u017eiaga: perdirbta celiulioz\u0117<br \/>\n\u2022 Pakuot\u0117: 50 vnt. pakuot\u0117je<\/p>","protected":false},"excerpt":{"rendered":"<p>Vienkartin\u0117s servet\u0117l\u0117s, pagamintos i\u0161 perdirbtos celiulioz\u0117s. Puikiai tinka rankoms ar pavir\u0161iams nusausinti, proced\u016broms ar bendram naudojimui medicinos ir prie\u017ei\u016bros \u012fstaigose.<\/p>","protected":false},"featured_media":21292,"comment_status":"open","ping_status":"closed","template":"","meta":[],"product_brand":[],"product_cat":[313],"product_tag":[],"class_list":{"0":"post-21291","1":"product","2":"type-product","3":"status-publish","4":"has-post-thumbnail","6":"product_cat-brucu-kopsana-veikals","8":"first","9":"outofstock","10":"taxable","11":"shipping-taxable","12":"purchasable","13":"product-type-simple"},"_links":{"self":[{"href":"https:\/\/medapp.lv\/lt\/wp-json\/wp\/v2\/product\/21291","targetHints":{"allow":["GET"]}}],"collection":[{"href":"https:\/\/medapp.lv\/lt\/wp-json\/wp\/v2\/product"}],"about":[{"href":"https:\/\/medapp.lv\/lt\/wp-json\/wp\/v2\/types\/product"}],"replies":[{"embeddable":true,"href":"https:\/\/medapp.lv\/lt\/wp-json\/wp\/v2\/comments?post=21291"}],"version-history":[{"count":1,"href":"https:\/\/medapp.lv\/lt\/wp-json\/wp\/v2\/product\/21291\/revisions"}],"predecessor-version":[{"id":21293,"href":"https:\/\/medapp.lv\/lt\/wp-json\/wp\/v2\/product\/21291\/revisions\/21293"}],"wp:featuredmedia":[{"embeddable":true,"href":"https:\/\/medapp.lv\/lt\/wp-json\/wp\/v2\/media\/21292"}],"wp:attachment":[{"href":"https:\/\/medapp.lv\/lt\/wp-json\/wp\/v2\/media?parent=21291"}],"wp:term":[{"taxonomy":"product_brand","embeddable":true,"href":"https:\/\/medapp.lv\/lt\/wp-json\/wp\/v2\/product_brand?post=21291"},{"taxonomy":"product_cat","embeddable":true,"href":"https:\/\/medapp.lv\/lt\/wp-json\/wp\/v2\/product_cat?post=21291"},{"taxonomy":"product_tag","embeddable":true,"href":"https:\/\/medapp.lv\/lt\/wp-json\/wp\/v2\/product_tag?post=21291"}],"curies":[{"name":"wp","href":"https:\/\/api.w.org\/{rel}","templated":true}]}}