{"id":21294,"date":"2025-07-07T12:48:19","date_gmt":"2025-07-07T10:48:19","guid":{"rendered":"https:\/\/medapp.lv\/?post_type=product&#038;p=21294"},"modified":"2025-07-16T09:05:22","modified_gmt":"2025-07-16T07:05:22","slug":"vienreizejas-lietosanas-skuveklis","status":"publish","type":"product","link":"https:\/\/medapp.lv\/lt\/produktas\/vienreizejas-lietosanas-skuveklis\/","title":{"rendered":"Vienkartinis skustuvas"},"content":{"rendered":"<p>Paprastas ir efektyvus vienkartinis skustuvas. Idealiai tinka ligonin\u0117ms, klinikoms ir slaugos \u012fstaigoms.<\/p>\n<p><strong>Specifikacija:<\/strong><\/p>\n<p>\u2022 Pakuot\u0117: 100 vnt.\/d\u0117\u017eut\u0117je<br \/>\n\u2022 Spalva: M\u0117lyna<br \/>\n\u2022 Naudojimas: Vienkartinis<\/p>","protected":false},"excerpt":{"rendered":"<p>Vienk\u0101r\u0161s un efekt\u012bvs skuveklis vienreiz\u0113jai lieto\u0161anai. Ide\u0101li piem\u0113rots slimn\u012bc\u0101m, kl\u012bnik\u0101m un apr\u016bpes iest\u0101d\u0113m. Specifik\u0101cija: \u2022 Iepakojums: 100 gabali \/ kast\u0113<\/p>","protected":false},"featured_media":21295,"comment_status":"open","ping_status":"closed","template":"","meta":[],"product_brand":[],"product_cat":[132],"product_tag":[],"class_list":{"0":"post-21294","1":"product","2":"type-product","3":"status-publish","4":"has-post-thumbnail","6":"product_cat-citi","8":"first","9":"outofstock","10":"taxable","11":"shipping-taxable","12":"purchasable","13":"product-type-simple"},"_links":{"self":[{"href":"https:\/\/medapp.lv\/lt\/wp-json\/wp\/v2\/product\/21294","targetHints":{"allow":["GET"]}}],"collection":[{"href":"https:\/\/medapp.lv\/lt\/wp-json\/wp\/v2\/product"}],"about":[{"href":"https:\/\/medapp.lv\/lt\/wp-json\/wp\/v2\/types\/product"}],"replies":[{"embeddable":true,"href":"https:\/\/medapp.lv\/lt\/wp-json\/wp\/v2\/comments?post=21294"}],"version-history":[{"count":2,"href":"https:\/\/medapp.lv\/lt\/wp-json\/wp\/v2\/product\/21294\/revisions"}],"predecessor-version":[{"id":21297,"href":"https:\/\/medapp.lv\/lt\/wp-json\/wp\/v2\/product\/21294\/revisions\/21297"}],"wp:featuredmedia":[{"embeddable":true,"href":"https:\/\/medapp.lv\/lt\/wp-json\/wp\/v2\/media\/21295"}],"wp:attachment":[{"href":"https:\/\/medapp.lv\/lt\/wp-json\/wp\/v2\/media?parent=21294"}],"wp:term":[{"taxonomy":"product_brand","embeddable":true,"href":"https:\/\/medapp.lv\/lt\/wp-json\/wp\/v2\/product_brand?post=21294"},{"taxonomy":"product_cat","embeddable":true,"href":"https:\/\/medapp.lv\/lt\/wp-json\/wp\/v2\/product_cat?post=21294"},{"taxonomy":"product_tag","embeddable":true,"href":"https:\/\/medapp.lv\/lt\/wp-json\/wp\/v2\/product_tag?post=21294"}],"curies":[{"name":"wp","href":"https:\/\/api.w.org\/{rel}","templated":true}]}}