{"id":21313,"date":"2025-07-08T08:54:22","date_gmt":"2025-07-08T06:54:22","guid":{"rendered":"https:\/\/medapp.lv\/?post_type=product&#038;p=21313"},"modified":"2026-02-17T08:24:25","modified_gmt":"2026-02-17T06:24:25","slug":"marles-salvetes-3","status":"publish","type":"product","link":"https:\/\/medapp.lv\/lt\/produktas\/marles-salvetes-3\/","title":{"rendered":"Neaustin\u0117s servet\u0117l\u0117s"},"content":{"rendered":"<p>Nesterilios, neaustin\u0117s servet\u0117l\u0117s, 100 vnt. pakuot\u0117je.<\/p>\n<p>\u2022 7,5 x 7,5 cm<br \/>\n\u2022 10 x 10 cm<br \/>\n\u2022 10 x 20 cm<br \/>\n\u2022 30 x 30 cm<\/p>","protected":false},"excerpt":{"rendered":"<p>Nesterilas, neausta materi\u0101la salvetes, 100 gab iepakojum\u0101. \u2022 7.5 x 7.5 cm \u2022 10 x 10 cm \u2022 10 x<\/p>","protected":false},"featured_media":21314,"comment_status":"open","ping_status":"closed","template":"","meta":[],"product_brand":[],"product_cat":[313],"product_tag":[],"class_list":{"0":"post-21313","1":"product","2":"type-product","3":"status-publish","4":"has-post-thumbnail","6":"product_cat-brucu-kopsana-veikals","8":"first","9":"instock","10":"taxable","11":"shipping-taxable","12":"purchasable","13":"product-type-variable"},"_links":{"self":[{"href":"https:\/\/medapp.lv\/lt\/wp-json\/wp\/v2\/product\/21313","targetHints":{"allow":["GET"]}}],"collection":[{"href":"https:\/\/medapp.lv\/lt\/wp-json\/wp\/v2\/product"}],"about":[{"href":"https:\/\/medapp.lv\/lt\/wp-json\/wp\/v2\/types\/product"}],"replies":[{"embeddable":true,"href":"https:\/\/medapp.lv\/lt\/wp-json\/wp\/v2\/comments?post=21313"}],"version-history":[{"count":4,"href":"https:\/\/medapp.lv\/lt\/wp-json\/wp\/v2\/product\/21313\/revisions"}],"predecessor-version":[{"id":21873,"href":"https:\/\/medapp.lv\/lt\/wp-json\/wp\/v2\/product\/21313\/revisions\/21873"}],"wp:featuredmedia":[{"embeddable":true,"href":"https:\/\/medapp.lv\/lt\/wp-json\/wp\/v2\/media\/21314"}],"wp:attachment":[{"href":"https:\/\/medapp.lv\/lt\/wp-json\/wp\/v2\/media?parent=21313"}],"wp:term":[{"taxonomy":"product_brand","embeddable":true,"href":"https:\/\/medapp.lv\/lt\/wp-json\/wp\/v2\/product_brand?post=21313"},{"taxonomy":"product_cat","embeddable":true,"href":"https:\/\/medapp.lv\/lt\/wp-json\/wp\/v2\/product_cat?post=21313"},{"taxonomy":"product_tag","embeddable":true,"href":"https:\/\/medapp.lv\/lt\/wp-json\/wp\/v2\/product_tag?post=21313"}],"curies":[{"name":"wp","href":"https:\/\/api.w.org\/{rel}","templated":true}]}}