{"id":21342,"date":"2025-07-08T10:12:20","date_gmt":"2025-07-08T08:12:20","guid":{"rendered":"https:\/\/medapp.lv\/?post_type=product&#038;p=21342"},"modified":"2025-07-17T10:03:51","modified_gmt":"2025-07-17T08:03:51","slug":"injekciju-adata-3","status":"publish","type":"product","link":"https:\/\/medapp.lv\/lt\/produktas\/injekciju-adata-3\/","title":{"rendered":"Injekcin\u0117 adata"},"content":{"rendered":"<p>Daug \u012fvairi\u0173 dyd\u017ei\u0173<\/p>\n<p>100 vienet\u0173 pakuot\u0117je.<\/p>","protected":false},"excerpt":{"rendered":"<p>Pieejami daudz da\u017e\u0101di izm\u0113ri Iepakojum\u0101 100gab.<\/p>","protected":false},"featured_media":21071,"comment_status":"open","ping_status":"closed","template":"","meta":[],"product_brand":[],"product_cat":[241],"product_tag":[],"class_list":{"0":"post-21342","1":"product","2":"type-product","3":"status-publish","4":"has-post-thumbnail","6":"product_cat-slirces-un-adatas","8":"first","9":"instock","10":"taxable","11":"shipping-taxable","12":"product-type-simple"},"_links":{"self":[{"href":"https:\/\/medapp.lv\/lt\/wp-json\/wp\/v2\/product\/21342","targetHints":{"allow":["GET"]}}],"collection":[{"href":"https:\/\/medapp.lv\/lt\/wp-json\/wp\/v2\/product"}],"about":[{"href":"https:\/\/medapp.lv\/lt\/wp-json\/wp\/v2\/types\/product"}],"replies":[{"embeddable":true,"href":"https:\/\/medapp.lv\/lt\/wp-json\/wp\/v2\/comments?post=21342"}],"version-history":[{"count":1,"href":"https:\/\/medapp.lv\/lt\/wp-json\/wp\/v2\/product\/21342\/revisions"}],"predecessor-version":[{"id":21343,"href":"https:\/\/medapp.lv\/lt\/wp-json\/wp\/v2\/product\/21342\/revisions\/21343"}],"wp:featuredmedia":[{"embeddable":true,"href":"https:\/\/medapp.lv\/lt\/wp-json\/wp\/v2\/media\/21071"}],"wp:attachment":[{"href":"https:\/\/medapp.lv\/lt\/wp-json\/wp\/v2\/media?parent=21342"}],"wp:term":[{"taxonomy":"product_brand","embeddable":true,"href":"https:\/\/medapp.lv\/lt\/wp-json\/wp\/v2\/product_brand?post=21342"},{"taxonomy":"product_cat","embeddable":true,"href":"https:\/\/medapp.lv\/lt\/wp-json\/wp\/v2\/product_cat?post=21342"},{"taxonomy":"product_tag","embeddable":true,"href":"https:\/\/medapp.lv\/lt\/wp-json\/wp\/v2\/product_tag?post=21342"}],"curies":[{"name":"wp","href":"https:\/\/api.w.org\/{rel}","templated":true}]}}