{"id":21344,"date":"2025-07-08T10:15:15","date_gmt":"2025-07-08T08:15:15","guid":{"rendered":"https:\/\/medapp.lv\/?post_type=product&#038;p=21344"},"modified":"2025-07-16T09:05:21","modified_gmt":"2025-07-16T07:05:21","slug":"vienreizejas-lietosanas-katetra-slirce-2","status":"publish","type":"product","link":"https:\/\/medapp.lv\/lt\/produktas\/vienreizejas-lietosanas-katetra-slirce-2\/","title":{"rendered":"Vienkartinis kateterio \u0161virk\u0161tas"},"content":{"rendered":"<p>Vienkartinis \u0161virk\u0161tas. Permatomas korpusas su juoda skale.<\/p>\n<p>T\u016bris: 100 ml | 25 vnt.\/pakuot\u0117je<\/p>","protected":false},"excerpt":{"rendered":"<p>Vienreizlietojam\u0101 \u0161\u013circe. Caursp\u012bd\u012bgs cilindrs ar melnu skalu. Tilpums: 100 ml | 25gb\/iepakojum\u0101<\/p>","protected":false},"featured_media":21036,"comment_status":"open","ping_status":"closed","template":"","meta":[],"product_brand":[],"product_cat":[301],"product_tag":[],"class_list":{"0":"post-21344","1":"product","2":"type-product","3":"status-publish","4":"has-post-thumbnail","6":"product_cat-adatas-un-slirces","8":"first","9":"instock","10":"taxable","11":"shipping-taxable","12":"purchasable","13":"product-type-simple"},"_links":{"self":[{"href":"https:\/\/medapp.lv\/lt\/wp-json\/wp\/v2\/product\/21344","targetHints":{"allow":["GET"]}}],"collection":[{"href":"https:\/\/medapp.lv\/lt\/wp-json\/wp\/v2\/product"}],"about":[{"href":"https:\/\/medapp.lv\/lt\/wp-json\/wp\/v2\/types\/product"}],"replies":[{"embeddable":true,"href":"https:\/\/medapp.lv\/lt\/wp-json\/wp\/v2\/comments?post=21344"}],"version-history":[{"count":1,"href":"https:\/\/medapp.lv\/lt\/wp-json\/wp\/v2\/product\/21344\/revisions"}],"predecessor-version":[{"id":21345,"href":"https:\/\/medapp.lv\/lt\/wp-json\/wp\/v2\/product\/21344\/revisions\/21345"}],"wp:featuredmedia":[{"embeddable":true,"href":"https:\/\/medapp.lv\/lt\/wp-json\/wp\/v2\/media\/21036"}],"wp:attachment":[{"href":"https:\/\/medapp.lv\/lt\/wp-json\/wp\/v2\/media?parent=21344"}],"wp:term":[{"taxonomy":"product_brand","embeddable":true,"href":"https:\/\/medapp.lv\/lt\/wp-json\/wp\/v2\/product_brand?post=21344"},{"taxonomy":"product_cat","embeddable":true,"href":"https:\/\/medapp.lv\/lt\/wp-json\/wp\/v2\/product_cat?post=21344"},{"taxonomy":"product_tag","embeddable":true,"href":"https:\/\/medapp.lv\/lt\/wp-json\/wp\/v2\/product_tag?post=21344"}],"curies":[{"name":"wp","href":"https:\/\/api.w.org\/{rel}","templated":true}]}}