{"id":21355,"date":"2025-07-08T10:35:48","date_gmt":"2025-07-08T08:35:48","guid":{"rendered":"https:\/\/medapp.lv\/?post_type=product&#038;p=21355"},"modified":"2025-07-17T10:17:29","modified_gmt":"2025-07-17T08:17:29","slug":"vienreizejas-lietosanas-putu-elektrodi-2","status":"publish","type":"product","link":"https:\/\/medapp.lv\/lt\/produktas\/vienreizejas-lietosanas-putu-elektrodi-2\/","title":{"rendered":"Vienkartiniai putplas\u010dio elektrodai"},"content":{"rendered":"<p>Med\u017eiaga: putplastis<\/p>\n<p>Dydis: \u00d8 36 x 40 mm<\/p>\n<p>Minimalus u\u017esakymas: 2000 vienet\u0173 d\u0117\u017eut\u0117<\/p>\n<p>&nbsp;<\/p>\n<p>&nbsp;<\/p>","protected":false},"excerpt":{"rendered":"<p>Materi\u0101ls: putas Izm\u0113rs: \u00d8 36 x 40 mm Minim\u0101lais pas\u016bt\u012bjums: Kaste ar 2000 gab &nbsp; &nbsp;<\/p>","protected":false},"featured_media":21008,"comment_status":"open","ping_status":"closed","template":"","meta":[],"product_brand":[],"product_cat":[132],"product_tag":[],"class_list":{"0":"post-21355","1":"product","2":"type-product","3":"status-publish","4":"has-post-thumbnail","6":"product_cat-citi","8":"first","9":"instock","10":"taxable","11":"shipping-taxable","12":"purchasable","13":"product-type-simple"},"_links":{"self":[{"href":"https:\/\/medapp.lv\/lt\/wp-json\/wp\/v2\/product\/21355","targetHints":{"allow":["GET"]}}],"collection":[{"href":"https:\/\/medapp.lv\/lt\/wp-json\/wp\/v2\/product"}],"about":[{"href":"https:\/\/medapp.lv\/lt\/wp-json\/wp\/v2\/types\/product"}],"replies":[{"embeddable":true,"href":"https:\/\/medapp.lv\/lt\/wp-json\/wp\/v2\/comments?post=21355"}],"version-history":[{"count":1,"href":"https:\/\/medapp.lv\/lt\/wp-json\/wp\/v2\/product\/21355\/revisions"}],"predecessor-version":[{"id":21356,"href":"https:\/\/medapp.lv\/lt\/wp-json\/wp\/v2\/product\/21355\/revisions\/21356"}],"wp:featuredmedia":[{"embeddable":true,"href":"https:\/\/medapp.lv\/lt\/wp-json\/wp\/v2\/media\/21008"}],"wp:attachment":[{"href":"https:\/\/medapp.lv\/lt\/wp-json\/wp\/v2\/media?parent=21355"}],"wp:term":[{"taxonomy":"product_brand","embeddable":true,"href":"https:\/\/medapp.lv\/lt\/wp-json\/wp\/v2\/product_brand?post=21355"},{"taxonomy":"product_cat","embeddable":true,"href":"https:\/\/medapp.lv\/lt\/wp-json\/wp\/v2\/product_cat?post=21355"},{"taxonomy":"product_tag","embeddable":true,"href":"https:\/\/medapp.lv\/lt\/wp-json\/wp\/v2\/product_tag?post=21355"}],"curies":[{"name":"wp","href":"https:\/\/api.w.org\/{rel}","templated":true}]}}