{"id":21365,"date":"2025-07-08T13:32:03","date_gmt":"2025-07-08T11:32:03","guid":{"rendered":"https:\/\/medapp.lv\/?post_type=product&#038;p=21365"},"modified":"2025-07-17T10:03:49","modified_gmt":"2025-07-17T08:03:49","slug":"gela-pozicionetajs-rokas-paliktnis-gels-putas","status":"publish","type":"product","link":"https:\/\/medapp.lv\/lt\/produktas\/gela-pozicionetajs-rokas-paliktnis-gels-putas\/","title":{"rendered":"Gelio pozicionierius \u2013 rank\u0173 atrama (gelis ir putplastis)"},"content":{"rendered":"<p>Ergonomi\u0161kas ir patogus rankos pozicionierius, skirtas naudoti operacin\u0117se, proced\u016br\u0173 ir ilgalaikio gydymo metu. Pagamintas i\u0161 auk\u0161tos kokyb\u0117s gelio ir putplas\u010dio med\u017eiagos, kuri efektyviai suma\u017eina spaudim\u0105 ir apsaugo nuo \u017eymi\u0173 susidarymo ant paciento odos. Neslystantis pavir\u0161ius u\u017etikrina stabilum\u0105 ir tiksl\u0173 pozicionavim\u0105.<\/p>\n<p><strong>Dydis:<\/strong> 40 \u00d7 12,5 \u00d7 6 cm<br \/>\nPakuot\u0117je: 1 vnt.<\/p>","protected":false},"excerpt":{"rendered":"<p>Ergonomisks un komfortabls rokas pozicion\u0113t\u0101js, paredz\u0113ts lieto\u0161anai oper\u0101ciju z\u0101l\u0113s, proced\u016br\u0101s un ilgsto\u0161\u0101s \u0101rstniec\u012bbas situ\u0101cij\u0101s. Izgatavots no augstas kvalit\u0101tes g\u0113la un<\/p>","protected":false},"featured_media":21366,"comment_status":"open","ping_status":"closed","template":"","meta":[],"product_brand":[],"product_cat":[213],"product_tag":[],"class_list":{"0":"post-21365","1":"product","2":"type-product","3":"status-publish","4":"has-post-thumbnail","6":"product_cat-citi-b2b","8":"first","9":"instock","10":"taxable","11":"shipping-taxable","12":"product-type-simple"},"_links":{"self":[{"href":"https:\/\/medapp.lv\/lt\/wp-json\/wp\/v2\/product\/21365","targetHints":{"allow":["GET"]}}],"collection":[{"href":"https:\/\/medapp.lv\/lt\/wp-json\/wp\/v2\/product"}],"about":[{"href":"https:\/\/medapp.lv\/lt\/wp-json\/wp\/v2\/types\/product"}],"replies":[{"embeddable":true,"href":"https:\/\/medapp.lv\/lt\/wp-json\/wp\/v2\/comments?post=21365"}],"version-history":[{"count":1,"href":"https:\/\/medapp.lv\/lt\/wp-json\/wp\/v2\/product\/21365\/revisions"}],"predecessor-version":[{"id":21367,"href":"https:\/\/medapp.lv\/lt\/wp-json\/wp\/v2\/product\/21365\/revisions\/21367"}],"wp:featuredmedia":[{"embeddable":true,"href":"https:\/\/medapp.lv\/lt\/wp-json\/wp\/v2\/media\/21366"}],"wp:attachment":[{"href":"https:\/\/medapp.lv\/lt\/wp-json\/wp\/v2\/media?parent=21365"}],"wp:term":[{"taxonomy":"product_brand","embeddable":true,"href":"https:\/\/medapp.lv\/lt\/wp-json\/wp\/v2\/product_brand?post=21365"},{"taxonomy":"product_cat","embeddable":true,"href":"https:\/\/medapp.lv\/lt\/wp-json\/wp\/v2\/product_cat?post=21365"},{"taxonomy":"product_tag","embeddable":true,"href":"https:\/\/medapp.lv\/lt\/wp-json\/wp\/v2\/product_tag?post=21365"}],"curies":[{"name":"wp","href":"https:\/\/api.w.org\/{rel}","templated":true}]}}