{"id":21368,"date":"2025-07-08T13:59:16","date_gmt":"2025-07-08T11:59:16","guid":{"rendered":"https:\/\/medapp.lv\/?post_type=product&#038;p=21368"},"modified":"2025-07-17T10:03:48","modified_gmt":"2025-07-17T08:03:48","slug":"putu-papeza-protektors","status":"publish","type":"product","link":"https:\/\/medapp.lv\/lt\/produktas\/putu-papeza-protektors\/","title":{"rendered":"Putplas\u010dio kulno apsauga"},"content":{"rendered":"<p>Specialiai sukurtos kulno apsaugos, pagamintos i\u0161 lengvos, kv\u0117puojan\u010dios putplas\u010dio med\u017eiagos, padedan\u010dios i\u0161vengti pragul\u0173 pacientams, kurie ilg\u0105 laik\u0105 praleid\u017eia lovoje. Ergonomi\u0161ka forma u\u017etikrina patog\u0173 fiksavim\u0105 ir stabilum\u0105, tuo pa\u010diu suma\u017eindama trint\u012f ir spaudim\u0105 kulno srityje.<\/p>\n<p><strong>\u012eskai\u010diuota:<\/strong> 2 vnt.<br \/>\nTinka tiek kairei, tiek de\u0161inei kojai.<\/p>","protected":false},"excerpt":{"rendered":"<p>\u012apa\u0161i izstr\u0101d\u0101ti pap\u0113\u017ea aizsargi no viegla, elpojo\u0161a putu materi\u0101la, kas pal\u012bdz nov\u0113rst spiediena \u010d\u016blu veido\u0161anos ilgsto\u0161i gulo\u0161iem pacientiem. Ergonomiska forma<\/p>","protected":false},"featured_media":21369,"comment_status":"open","ping_status":"closed","template":"","meta":[],"product_brand":[],"product_cat":[213],"product_tag":[],"class_list":{"0":"post-21368","1":"product","2":"type-product","3":"status-publish","4":"has-post-thumbnail","6":"product_cat-citi-b2b","8":"first","9":"instock","10":"taxable","11":"shipping-taxable","12":"product-type-simple"},"_links":{"self":[{"href":"https:\/\/medapp.lv\/lt\/wp-json\/wp\/v2\/product\/21368","targetHints":{"allow":["GET"]}}],"collection":[{"href":"https:\/\/medapp.lv\/lt\/wp-json\/wp\/v2\/product"}],"about":[{"href":"https:\/\/medapp.lv\/lt\/wp-json\/wp\/v2\/types\/product"}],"replies":[{"embeddable":true,"href":"https:\/\/medapp.lv\/lt\/wp-json\/wp\/v2\/comments?post=21368"}],"version-history":[{"count":2,"href":"https:\/\/medapp.lv\/lt\/wp-json\/wp\/v2\/product\/21368\/revisions"}],"predecessor-version":[{"id":21371,"href":"https:\/\/medapp.lv\/lt\/wp-json\/wp\/v2\/product\/21368\/revisions\/21371"}],"wp:featuredmedia":[{"embeddable":true,"href":"https:\/\/medapp.lv\/lt\/wp-json\/wp\/v2\/media\/21369"}],"wp:attachment":[{"href":"https:\/\/medapp.lv\/lt\/wp-json\/wp\/v2\/media?parent=21368"}],"wp:term":[{"taxonomy":"product_brand","embeddable":true,"href":"https:\/\/medapp.lv\/lt\/wp-json\/wp\/v2\/product_brand?post=21368"},{"taxonomy":"product_cat","embeddable":true,"href":"https:\/\/medapp.lv\/lt\/wp-json\/wp\/v2\/product_cat?post=21368"},{"taxonomy":"product_tag","embeddable":true,"href":"https:\/\/medapp.lv\/lt\/wp-json\/wp\/v2\/product_tag?post=21368"}],"curies":[{"name":"wp","href":"https:\/\/api.w.org\/{rel}","templated":true}]}}