{"id":21372,"date":"2025-07-08T14:00:33","date_gmt":"2025-07-08T12:00:33","guid":{"rendered":"https:\/\/medapp.lv\/?post_type=product&#038;p=21372"},"modified":"2025-07-17T10:03:48","modified_gmt":"2025-07-17T08:03:48","slug":"universalais-paliknis","status":"publish","type":"product","link":"https:\/\/medapp.lv\/lt\/produktas\/universalais-paliknis\/","title":{"rendered":"Universalus stovas"},"content":{"rendered":"<p>Reguliuojamas, universalus \u012fklotas, pagamintas i\u0161 kont\u016brinio putplas\u010dio, tinkantis tiek spaudimui ma\u017einti, tiek k\u016bno pad\u0117\u010diai palaikyti. Idealiai tinka naudoti po p\u0117domis, rankomis, keliais ar kitose k\u016bno vietose, kur reikalinga papildoma atrama ir komfortas.<\/p>\n<p><strong>Dydis:<\/strong> 51 cm \u00d7 20 cm<br \/>\n<strong>\u012eskai\u010diuota:<\/strong> 2 vnt.<\/p>","protected":false},"excerpt":{"rendered":"<p>Piel\u0101gojams, daudzfunkcion\u0101ls paliktnis no profil\u0113ta putu materi\u0101la, kas piem\u0113rots gan spiediena mazin\u0101\u0161anai, gan \u0137erme\u0146a pozicion\u0113\u0161anai. Ide\u0101ls lieto\u0161anai zem k\u0101j\u0101m, rok\u0101m,<\/p>","protected":false},"featured_media":21373,"comment_status":"open","ping_status":"closed","template":"","meta":[],"product_brand":[],"product_cat":[213],"product_tag":[],"class_list":{"0":"post-21372","1":"product","2":"type-product","3":"status-publish","4":"has-post-thumbnail","6":"product_cat-citi-b2b","8":"first","9":"instock","10":"taxable","11":"shipping-taxable","12":"product-type-simple"},"_links":{"self":[{"href":"https:\/\/medapp.lv\/lt\/wp-json\/wp\/v2\/product\/21372","targetHints":{"allow":["GET"]}}],"collection":[{"href":"https:\/\/medapp.lv\/lt\/wp-json\/wp\/v2\/product"}],"about":[{"href":"https:\/\/medapp.lv\/lt\/wp-json\/wp\/v2\/types\/product"}],"replies":[{"embeddable":true,"href":"https:\/\/medapp.lv\/lt\/wp-json\/wp\/v2\/comments?post=21372"}],"version-history":[{"count":2,"href":"https:\/\/medapp.lv\/lt\/wp-json\/wp\/v2\/product\/21372\/revisions"}],"predecessor-version":[{"id":21375,"href":"https:\/\/medapp.lv\/lt\/wp-json\/wp\/v2\/product\/21372\/revisions\/21375"}],"wp:featuredmedia":[{"embeddable":true,"href":"https:\/\/medapp.lv\/lt\/wp-json\/wp\/v2\/media\/21373"}],"wp:attachment":[{"href":"https:\/\/medapp.lv\/lt\/wp-json\/wp\/v2\/media?parent=21372"}],"wp:term":[{"taxonomy":"product_brand","embeddable":true,"href":"https:\/\/medapp.lv\/lt\/wp-json\/wp\/v2\/product_brand?post=21372"},{"taxonomy":"product_cat","embeddable":true,"href":"https:\/\/medapp.lv\/lt\/wp-json\/wp\/v2\/product_cat?post=21372"},{"taxonomy":"product_tag","embeddable":true,"href":"https:\/\/medapp.lv\/lt\/wp-json\/wp\/v2\/product_tag?post=21372"}],"curies":[{"name":"wp","href":"https:\/\/api.w.org\/{rel}","templated":true}]}}