{"id":21400,"date":"2025-07-10T09:58:42","date_gmt":"2025-07-10T07:58:42","guid":{"rendered":"https:\/\/medapp.lv\/?post_type=product&#038;p=21400"},"modified":"2025-07-17T10:03:47","modified_gmt":"2025-07-17T08:03:47","slug":"aloe-skinsept","status":"publish","type":"product","link":"https:\/\/medapp.lv\/lt\/produktas\/aloe-skinsept\/","title":{"rendered":"ALAVIJ\u0172 SKINSEPT"},"content":{"rendered":"","protected":false},"excerpt":{"rendered":"<p><strong>ALOE SKINSEPT (100 ml \/ 250 ml su pompa \/ 500 ml su pompa \/ 1000 ml su pompa \/ 5 l)<\/strong><br \/>\n<em>ALAVIJ\u0172 SKINSEPT<\/em> yra gelio pavidalo rank\u0173 dezinfekantas, pasi\u017eymintis pla\u010diu fungicidiniu, baktericidiniu ir virucidiniu poveikiu (veiksmingas prie\u0161 TBC, HBV, \u017dIV, Adeno, Rota, HCV, MRSA, Herpex simplex ir kt.). Idealiai tinka naudoti patalpose, kurioms keliami didesni higienos reikalavimai.<\/p>\n<p>Formul\u0117je yra od\u0105 mink\u0161tinan\u010di\u0173 ir apsaugan\u010di\u0173 ingredient\u0173, toki\u0173 kaip glicerinas ir alavijas (Aloe Barbadensis), tod\u0117l produktas tinka da\u017enam naudojimui, nesukeldamas odos dirginimo.<\/p>\n<p>Naudojimas: u\u017etepkite ant rank\u0173 ir masa\u017euokite, kol visi\u0161kai \u012fsigers \u012f od\u0105.<br \/>\nEkspozicijos laikas: 30 sekund\u017ei\u0173.<br \/>\nVeikliosios med\u017eiagos: etanolis 72%, QAV 0.025%, glicerinas, alavijo (Aloe Barbadensis) ekstraktas, kvapiosios med\u017eiagos, da\u017eikliai.<br \/>\npH: 6,5\u20137,5<\/p>\n<p>\u26a0\ufe0f SAUGOS INSTRUKCIJOS: H225 - Labai degus skystis ir garai. Sud\u0117tyje yra biocido. Prie\u0161 naudojim\u0105 visada perskaitykite etiket\u0119 ir informacij\u0105 apie biocid\u0105.<\/p>","protected":false},"featured_media":21404,"comment_status":"open","ping_status":"closed","template":"","meta":[],"product_brand":[316],"product_cat":[315],"product_tag":[],"class_list":{"0":"post-21400","1":"product","2":"type-product","3":"status-publish","4":"has-post-thumbnail","6":"product_brand-chemi-pharm","7":"product_cat-roku-dezinfekcijas-lidzekli","9":"first","10":"instock","11":"taxable","12":"shipping-taxable","13":"product-type-simple"},"_links":{"self":[{"href":"https:\/\/medapp.lv\/lt\/wp-json\/wp\/v2\/product\/21400","targetHints":{"allow":["GET"]}}],"collection":[{"href":"https:\/\/medapp.lv\/lt\/wp-json\/wp\/v2\/product"}],"about":[{"href":"https:\/\/medapp.lv\/lt\/wp-json\/wp\/v2\/types\/product"}],"replies":[{"embeddable":true,"href":"https:\/\/medapp.lv\/lt\/wp-json\/wp\/v2\/comments?post=21400"}],"version-history":[{"count":2,"href":"https:\/\/medapp.lv\/lt\/wp-json\/wp\/v2\/product\/21400\/revisions"}],"predecessor-version":[{"id":21407,"href":"https:\/\/medapp.lv\/lt\/wp-json\/wp\/v2\/product\/21400\/revisions\/21407"}],"wp:featuredmedia":[{"embeddable":true,"href":"https:\/\/medapp.lv\/lt\/wp-json\/wp\/v2\/media\/21404"}],"wp:attachment":[{"href":"https:\/\/medapp.lv\/lt\/wp-json\/wp\/v2\/media?parent=21400"}],"wp:term":[{"taxonomy":"product_brand","embeddable":true,"href":"https:\/\/medapp.lv\/lt\/wp-json\/wp\/v2\/product_brand?post=21400"},{"taxonomy":"product_cat","embeddable":true,"href":"https:\/\/medapp.lv\/lt\/wp-json\/wp\/v2\/product_cat?post=21400"},{"taxonomy":"product_tag","embeddable":true,"href":"https:\/\/medapp.lv\/lt\/wp-json\/wp\/v2\/product_tag?post=21400"}],"curies":[{"name":"wp","href":"https:\/\/api.w.org\/{rel}","templated":true}]}}