{"id":21409,"date":"2025-07-10T10:09:33","date_gmt":"2025-07-10T08:09:33","guid":{"rendered":"https:\/\/medapp.lv\/?post_type=product&#038;p=21409"},"modified":"2025-07-17T10:03:47","modified_gmt":"2025-07-17T08:03:47","slug":"chemisept-hand-des","status":"publish","type":"product","link":"https:\/\/medapp.lv\/lt\/produktas\/chemisept-hand-des\/","title":{"rendered":"CHEMISEPT RANK\u0172 DESO"},"content":{"rendered":"","protected":false},"excerpt":{"rendered":"<p><strong>CHEMISEPT HAND DES \u2013 tiekiamas 100 ml, 500 ml, 1000 ml su pompa ir 5 l talpos buteliukuose<\/strong><\/p>\n<p>CHEMISEPT HAND DES yra gelio pavidalo rank\u0173 dezinfekantas, pasi\u017eymintis pla\u010diu fungicidiniu, baktericidiniu ir virucidiniu poveikiu (naikina TBC, HBV, \u017dIV, Adeno, Rota, HCV, MRSA, Herpes simplex ir kt.). Efektyvi priemon\u0117 tiek higieninei, tiek chirurginei rank\u0173 dezinfekcijai.<\/p>\n<p>\ud83d\udca7 Naudojimo b\u016bdai:<br \/>\n\u2022 Higienin\u0117 rank\u0173 dezinfekcija (EN1500): U\u017etepkite CHEMISEPT HAND DES ant rank\u0173 ir trinkite, kol visi\u0161kai \u012fsigers \u012f od\u0105. Poveikio laikas \u2013 30 sekund\u017ei\u0173.<br \/>\n\u2022 Chirurgin\u0117 rank\u0173 dezinfekcija (EN12791): \u012etrinkite \u012f rankas 3\u20135 ml 2 kartus. Poveikio laikas \u2013 1,5 minut\u0117s.<\/p>\n<p>\ud83e\uddea Veikliosios med\u017eiagos: etanolis 73,5%, od\u0105 apsaugan\u010dios med\u017eiagos.<\/p>\n<p>\u26a0\ufe0f Saugos instrukcijos: PAVOJUS! H225 \u2013 Labai degus skystis ir garai.<br \/>\nSud\u0117tyje yra biocido! \u2013 \u201eBiocidus naudokite atsargiai. Prie\u0161 naudodami visada perskaitykite etiket\u0119 ir informacij\u0105 apie biocid\u0105.\u201c<\/p>","protected":false},"featured_media":21410,"comment_status":"open","ping_status":"closed","template":"","meta":[],"product_brand":[316],"product_cat":[315],"product_tag":[],"class_list":{"0":"post-21409","1":"product","2":"type-product","3":"status-publish","4":"has-post-thumbnail","6":"product_brand-chemi-pharm","7":"product_cat-roku-dezinfekcijas-lidzekli","9":"first","10":"instock","11":"taxable","12":"shipping-taxable","13":"product-type-simple"},"_links":{"self":[{"href":"https:\/\/medapp.lv\/lt\/wp-json\/wp\/v2\/product\/21409","targetHints":{"allow":["GET"]}}],"collection":[{"href":"https:\/\/medapp.lv\/lt\/wp-json\/wp\/v2\/product"}],"about":[{"href":"https:\/\/medapp.lv\/lt\/wp-json\/wp\/v2\/types\/product"}],"replies":[{"embeddable":true,"href":"https:\/\/medapp.lv\/lt\/wp-json\/wp\/v2\/comments?post=21409"}],"version-history":[{"count":2,"href":"https:\/\/medapp.lv\/lt\/wp-json\/wp\/v2\/product\/21409\/revisions"}],"predecessor-version":[{"id":21420,"href":"https:\/\/medapp.lv\/lt\/wp-json\/wp\/v2\/product\/21409\/revisions\/21420"}],"wp:featuredmedia":[{"embeddable":true,"href":"https:\/\/medapp.lv\/lt\/wp-json\/wp\/v2\/media\/21410"}],"wp:attachment":[{"href":"https:\/\/medapp.lv\/lt\/wp-json\/wp\/v2\/media?parent=21409"}],"wp:term":[{"taxonomy":"product_brand","embeddable":true,"href":"https:\/\/medapp.lv\/lt\/wp-json\/wp\/v2\/product_brand?post=21409"},{"taxonomy":"product_cat","embeddable":true,"href":"https:\/\/medapp.lv\/lt\/wp-json\/wp\/v2\/product_cat?post=21409"},{"taxonomy":"product_tag","embeddable":true,"href":"https:\/\/medapp.lv\/lt\/wp-json\/wp\/v2\/product_tag?post=21409"}],"curies":[{"name":"wp","href":"https:\/\/api.w.org\/{rel}","templated":true}]}}