{"id":21415,"date":"2025-07-10T10:15:59","date_gmt":"2025-07-10T08:15:59","guid":{"rendered":"https:\/\/medapp.lv\/?post_type=product&#038;p=21415"},"modified":"2025-07-17T10:03:46","modified_gmt":"2025-07-17T08:03:46","slug":"chemisept-gel","status":"publish","type":"product","link":"https:\/\/medapp.lv\/lt\/produktas\/chemisept-gel\/","title":{"rendered":"CHEMISEPT GELIS"},"content":{"rendered":"","protected":false},"excerpt":{"rendered":"<p><strong>500 ml \/ 1000 ml su pompa \u2022 5 l skardin\u0117<\/strong><\/p>\n<p>\ud83d\udca7 Etanolio pagrindo gelinis dezinfekantas, skirtas higieninei ir chirurginei rank\u0173 dezinfekcijai.<\/p>\n<p>Pasi\u017eymi pla\u010diu fungicidiniu, baktericidiniu ir virucidiniu poveikiu \u2013 veiksmingas prie\u0161 MRSA, VRE, Mycobacterium avium, terrae, HBV, \u017dIV, HCV, Adeno, Noro, Vaccinia ir kt.<\/p>\n<p>Dermatologi\u0161kai patikrintas, be kvapikli\u0173, tinka da\u017enam naudojimui. Sud\u0117tyje yra od\u0105 mink\u0161tinan\u010di\u0173 ir apsaugan\u010di\u0173 med\u017eiag\u0173. Ilgalaikis poveikis \u2013 iki 3 valand\u0173.<\/p>\n<p>\ud83e\uddea Naudojimas:<br \/>\n\u2022 Higienin\u0117 dezinfekcija (EN1500): U\u017etepkite 3 ml ir \u012ftrinkite \u2013 30 sek.<br \/>\n\u2022 Chirurgin\u0117 dezinfekcija (EN12791): \u012etrinkite 2 kartus po 3\u20136 ml \u2013 bendras laikas 1,5 min.<\/p>\n<p>\u26a0\ufe0f Saugos instrukcijos:<br \/>\nPAVOJUS! H225 \u2013 Labai degus skystis ir garai.<br \/>\nSud\u0117tyje yra biocido \u2013 prie\u0161 naudojim\u0105 perskaitykite etiket\u0119 ir informacij\u0105 apie biocid\u0105.<\/p>","protected":false},"featured_media":21416,"comment_status":"open","ping_status":"closed","template":"","meta":[],"product_brand":[316],"product_cat":[315],"product_tag":[],"class_list":{"0":"post-21415","1":"product","2":"type-product","3":"status-publish","4":"has-post-thumbnail","6":"product_brand-chemi-pharm","7":"product_cat-roku-dezinfekcijas-lidzekli","9":"first","10":"instock","11":"taxable","12":"shipping-taxable","13":"product-type-simple"},"_links":{"self":[{"href":"https:\/\/medapp.lv\/lt\/wp-json\/wp\/v2\/product\/21415","targetHints":{"allow":["GET"]}}],"collection":[{"href":"https:\/\/medapp.lv\/lt\/wp-json\/wp\/v2\/product"}],"about":[{"href":"https:\/\/medapp.lv\/lt\/wp-json\/wp\/v2\/types\/product"}],"replies":[{"embeddable":true,"href":"https:\/\/medapp.lv\/lt\/wp-json\/wp\/v2\/comments?post=21415"}],"version-history":[{"count":1,"href":"https:\/\/medapp.lv\/lt\/wp-json\/wp\/v2\/product\/21415\/revisions"}],"predecessor-version":[{"id":21419,"href":"https:\/\/medapp.lv\/lt\/wp-json\/wp\/v2\/product\/21415\/revisions\/21419"}],"wp:featuredmedia":[{"embeddable":true,"href":"https:\/\/medapp.lv\/lt\/wp-json\/wp\/v2\/media\/21416"}],"wp:attachment":[{"href":"https:\/\/medapp.lv\/lt\/wp-json\/wp\/v2\/media?parent=21415"}],"wp:term":[{"taxonomy":"product_brand","embeddable":true,"href":"https:\/\/medapp.lv\/lt\/wp-json\/wp\/v2\/product_brand?post=21415"},{"taxonomy":"product_cat","embeddable":true,"href":"https:\/\/medapp.lv\/lt\/wp-json\/wp\/v2\/product_cat?post=21415"},{"taxonomy":"product_tag","embeddable":true,"href":"https:\/\/medapp.lv\/lt\/wp-json\/wp\/v2\/product_tag?post=21415"}],"curies":[{"name":"wp","href":"https:\/\/api.w.org\/{rel}","templated":true}]}}