{"id":21421,"date":"2025-07-10T10:20:28","date_gmt":"2025-07-10T08:20:28","guid":{"rendered":"https:\/\/medapp.lv\/?post_type=product&#038;p=21421"},"modified":"2025-07-17T10:03:46","modified_gmt":"2025-07-17T08:03:46","slug":"chemisept","status":"publish","type":"product","link":"https:\/\/medapp.lv\/lt\/produktas\/chemisept\/","title":{"rendered":"CHEMISEPT"},"content":{"rendered":"","protected":false},"excerpt":{"rendered":"<p><strong>CHEMISEPT (100 ml \/ 250 ml \/ 500 ml su pompa \/ 1000 ml su pompa \/ 5 l)<\/strong><\/p>\n<p>CHEMISEPT serijos dezinfekantai \u2013 tai etanolio pagrindo geliai, pasi\u017eymintys pla\u010diu fungicidiniu, baktericidiniu ir virucidiniu poveikiu (naikina TBC, HBV, \u017dIV, Adeno, Rota, HCV, MRSA, Herpes simplex ir kt.). Efektyv\u016bs produktai higieninei ir chirurginei rank\u0173 dezinfekcijai, taip pat tinka \u012fvairi\u0173 medicinos ir kosmetikos instrument\u0173 dezinfekcijai. Naudojami medicinos, sveikatos ir socialin\u0117s r\u016bpybos \u012fstaigose, dar\u017eeliuose, maisto perdirbimo \u012fmon\u0117se, gro\u017eio prie\u017ei\u016bros \u012fstaigose ir kt.<\/p>\n<p>\ud83e\uddea Veikliosios med\u017eiagos: etanolis 72%, QAV 0.2%<\/p>\n<p>Kontakto trukm\u0117:<br \/>\n\u2022 Higieninei dezinfekcijai (EN1500): 30 sekund\u017ei\u0173<br \/>\n\u2022 Chirurginei dezinfekcijai (EN12791): 1,5 minut\u0117s<\/p>\n<p>\u26a0\ufe0f SAUGOS INSTRUKCIJOS: PAVOJUS! H225 \u2013 Labai degus skystis ir garai.<br \/>\nSud\u0117tyje yra biocido! \u2013 \u201eBiocidus naudokite atsargiai. Prie\u0161 naudodami visada perskaitykite etiket\u0119 ir informacij\u0105 apie biocid\u0105.\u201c<\/p>","protected":false},"featured_media":21422,"comment_status":"open","ping_status":"closed","template":"","meta":[],"product_brand":[316],"product_cat":[315],"product_tag":[],"class_list":{"0":"post-21421","1":"product","2":"type-product","3":"status-publish","4":"has-post-thumbnail","6":"product_brand-chemi-pharm","7":"product_cat-roku-dezinfekcijas-lidzekli","9":"first","10":"instock","11":"taxable","12":"shipping-taxable","13":"product-type-simple"},"_links":{"self":[{"href":"https:\/\/medapp.lv\/lt\/wp-json\/wp\/v2\/product\/21421","targetHints":{"allow":["GET"]}}],"collection":[{"href":"https:\/\/medapp.lv\/lt\/wp-json\/wp\/v2\/product"}],"about":[{"href":"https:\/\/medapp.lv\/lt\/wp-json\/wp\/v2\/types\/product"}],"replies":[{"embeddable":true,"href":"https:\/\/medapp.lv\/lt\/wp-json\/wp\/v2\/comments?post=21421"}],"version-history":[{"count":1,"href":"https:\/\/medapp.lv\/lt\/wp-json\/wp\/v2\/product\/21421\/revisions"}],"predecessor-version":[{"id":21427,"href":"https:\/\/medapp.lv\/lt\/wp-json\/wp\/v2\/product\/21421\/revisions\/21427"}],"wp:featuredmedia":[{"embeddable":true,"href":"https:\/\/medapp.lv\/lt\/wp-json\/wp\/v2\/media\/21422"}],"wp:attachment":[{"href":"https:\/\/medapp.lv\/lt\/wp-json\/wp\/v2\/media?parent=21421"}],"wp:term":[{"taxonomy":"product_brand","embeddable":true,"href":"https:\/\/medapp.lv\/lt\/wp-json\/wp\/v2\/product_brand?post=21421"},{"taxonomy":"product_cat","embeddable":true,"href":"https:\/\/medapp.lv\/lt\/wp-json\/wp\/v2\/product_cat?post=21421"},{"taxonomy":"product_tag","embeddable":true,"href":"https:\/\/medapp.lv\/lt\/wp-json\/wp\/v2\/product_tag?post=21421"}],"curies":[{"name":"wp","href":"https:\/\/api.w.org\/{rel}","templated":true}]}}