{"id":21436,"date":"2025-07-10T10:38:10","date_gmt":"2025-07-10T08:38:10","guid":{"rendered":"https:\/\/medapp.lv\/?post_type=product&#038;p=21436"},"modified":"2025-07-17T10:03:44","modified_gmt":"2025-07-17T08:03:44","slug":"chemisept-g","status":"publish","type":"product","link":"https:\/\/medapp.lv\/lt\/produktas\/chemisept-g\/","title":{"rendered":"CHEMISEPT G"},"content":{"rendered":"","protected":false},"excerpt":{"rendered":"<p><strong>CHEMISEPT G (50 ml su purk\u0161tuvu \/ 100 ml su purk\u0161tuvu \/ 250 ml su purk\u0161tuvu \/ 500 ml su specialia pompa \/ 1000 ml \/ 5 l)<\/strong><\/p>\n<p>CHEMISEPT G serijos produktai \u2013 tai neda\u017eantys odos dezinfekavimo skys\u010diai, pasi\u017eymintys pla\u010diu fungicidiniu, baktericidiniu ir virucidiniu poveikiu (naikina TBC, HBV, \u017dIV, Herpes, Rota, HCV, MRSA ir kt.). Tinka odos dezinfekcijai prie\u0161 injekcijas, tyrimus, si\u016bl\u0173 \u0161alinim\u0105 ir prie\u0161operacin\u012f gydym\u0105. Produktai yra autosteril\u016bs ir neturi izopropilo alkoholio. Naudojamas grynas ir ma\u017eai lakus etilo alkoholis, kuris taip pat tinka jautriai odai \u2013 nesukelia kv\u0117pavimo tak\u0173 alergijos personalui ir pacientams. Liekamasis poveikis i\u0161lieka iki 3 valand\u0173, po to odos mikroflora greitai atsistato.<\/p>\n<p>Naudojamas medicinos ir sveikatos prie\u017ei\u016bros \u012fstaigose, ligonin\u0117se, klinikose, \u0161eimos gydytoj\u0173 centruose, odontologijos kabinetuose ir kitur, kur reikalinga profesionali medicinin\u0117 pagalba.<\/p>\n<p>\ud83e\uddea Veikliosios med\u017eiagos (100 g sud\u0117tyje yra):<br \/>\nEtanolis 75 g, ketvirtiniai amonio junginiai (benzil-C12-18-alkildimetil-, chloridai 0,05 g ir C12-14-alkil[(etilfenil)metil]dimetilchloridai 0,05 g) 0,1 g, odos apsaugos komponentai.<\/p>\n<p>\ud83d\udd52 Ekspozicijos laikas:<br \/>\n\u2022 Odos dezinfekcijai: 30 sekund\u017ei\u0173<br \/>\n\u2022 Pirmas apdorojimas: 3 minut\u0117s<br \/>\n\u2022 Si\u016bl\u0173 i\u0161\u0117mimui: 30 sekund\u017ei\u0173<\/p>\n<p>\u26a0\ufe0f SAUGOS INSTRUKCIJOS: PAVOJUS! H225 \u2013 Labai degus skystis ir garai. Sud\u0117tyje yra biocido! \u2013 \u201eBiocidus naudokite atsargiai. Prie\u0161 naudodami visada perskaitykite etiket\u0119 ir informacij\u0105 apie biocid\u0105.\u201c<\/p>","protected":false},"featured_media":21435,"comment_status":"open","ping_status":"closed","template":"","meta":[],"product_brand":[316],"product_cat":[318],"product_tag":[],"class_list":{"0":"post-21436","1":"product","2":"type-product","3":"status-publish","4":"has-post-thumbnail","6":"product_brand-chemi-pharm","7":"product_cat-adas-dezinfekcijas-lidzekli","9":"first","10":"instock","11":"taxable","12":"shipping-taxable","13":"product-type-simple"},"_links":{"self":[{"href":"https:\/\/medapp.lv\/lt\/wp-json\/wp\/v2\/product\/21436","targetHints":{"allow":["GET"]}}],"collection":[{"href":"https:\/\/medapp.lv\/lt\/wp-json\/wp\/v2\/product"}],"about":[{"href":"https:\/\/medapp.lv\/lt\/wp-json\/wp\/v2\/types\/product"}],"replies":[{"embeddable":true,"href":"https:\/\/medapp.lv\/lt\/wp-json\/wp\/v2\/comments?post=21436"}],"version-history":[{"count":1,"href":"https:\/\/medapp.lv\/lt\/wp-json\/wp\/v2\/product\/21436\/revisions"}],"predecessor-version":[{"id":21441,"href":"https:\/\/medapp.lv\/lt\/wp-json\/wp\/v2\/product\/21436\/revisions\/21441"}],"wp:featuredmedia":[{"embeddable":true,"href":"https:\/\/medapp.lv\/lt\/wp-json\/wp\/v2\/media\/21435"}],"wp:attachment":[{"href":"https:\/\/medapp.lv\/lt\/wp-json\/wp\/v2\/media?parent=21436"}],"wp:term":[{"taxonomy":"product_brand","embeddable":true,"href":"https:\/\/medapp.lv\/lt\/wp-json\/wp\/v2\/product_brand?post=21436"},{"taxonomy":"product_cat","embeddable":true,"href":"https:\/\/medapp.lv\/lt\/wp-json\/wp\/v2\/product_cat?post=21436"},{"taxonomy":"product_tag","embeddable":true,"href":"https:\/\/medapp.lv\/lt\/wp-json\/wp\/v2\/product_tag?post=21436"}],"curies":[{"name":"wp","href":"https:\/\/api.w.org\/{rel}","templated":true}]}}