{"id":21442,"date":"2025-07-10T10:44:22","date_gmt":"2025-07-10T08:44:22","guid":{"rendered":"https:\/\/medapp.lv\/?post_type=product&#038;p=21442"},"modified":"2025-07-17T10:03:44","modified_gmt":"2025-07-17T08:03:44","slug":"chemisept-g-color","status":"publish","type":"product","link":"https:\/\/medapp.lv\/lt\/produktas\/chemisept-g-color\/","title":{"rendered":"CHEMISEPT G SPALVA"},"content":{"rendered":"","protected":false},"excerpt":{"rendered":"<p><strong>CHEMISEPT G SPALVOTIEMS (1000 ml \/ 5 l)<\/strong><\/p>\n<p>CHEMISEPT G COLOR yra spalvota odos dezinfekavimo priemon\u0117, pasi\u017eyminti pla\u010diu fungicidiniu, baktericidiniu ir virucidiniu poveikiu (naikina TBC, HBV, \u017dIV, Herpes, Rota, HCV, MRSA ir kt.). Produktas yra autosterilus ir neturi izopropilo alkoholio. Jame yra gryno ir ma\u017eai lakaus etilo alkoholio, kuris pa\u0161alina kv\u0117pavimo tak\u0173 alergijos rizik\u0105 tiek medicinos personalui, tiek pacientams. Jis i\u0161lieka ant odos iki 3 valand\u0173 (liekamasis poveikis), po to mikroflora greitai atsistato.<\/p>\n<p>CHEMISEPT G COLOR yra oran\u017ein\u0117s spalvos, kad dezinfekuota vieta b\u016bt\u0173 ai\u0161kiai matoma. Jis skirtas odos da\u017eymui prie\u0161 medicinines proced\u016bras. Naudojamas ligonin\u0117se, klinikose, \u0161eimos gydytoj\u0173 praktikose, odontologijos \u012fstaigose ir kitose vietose, kur reikalinga auk\u0161ta higienos kontrol\u0117.<\/p>\n<p>\ud83e\uddea Veikliosios med\u017eiagos (100 g sud\u0117tyje yra):<br \/>\nEtanolis 75%, ketvirtiniai amonio junginiai (benzil-C12-18-alkildimetil-, chloridai 0,05 g ir C12-14-alkil[(etilfenil)metil]dimetilchloridai 0,05 g) 0,1%, od\u0105 apsaugantys komponentai, da\u017eiklis<\/p>\n<p>\ud83d\udd52 Ekspozicijos laikas:<br \/>\n\u2022 Injekcijoms ir analiz\u0117ms: 30 sekund\u017ei\u0173<br \/>\n\u2022 Si\u016bl\u0173 i\u0161\u0117mimui: 30 sekund\u017ei\u0173<br \/>\n\u2022 Odos paruo\u0161imas: 3 minut\u0117s<\/p>\n<p>\u26a0\ufe0f SAUGOS INSTRUKCIJOS: PAVOJUS! H225 \u2013 Labai degus skystis ir garai. Sud\u0117tyje yra biocido! \u2013 \u201eBiocidus naudokite atsargiai. Prie\u0161 naudodami visada perskaitykite etiket\u0119 ir informacij\u0105 apie biocid\u0105.\u201c<\/p>","protected":false},"featured_media":21443,"comment_status":"open","ping_status":"closed","template":"","meta":[],"product_brand":[316],"product_cat":[318],"product_tag":[],"class_list":{"0":"post-21442","1":"product","2":"type-product","3":"status-publish","4":"has-post-thumbnail","6":"product_brand-chemi-pharm","7":"product_cat-adas-dezinfekcijas-lidzekli","9":"first","10":"instock","11":"taxable","12":"shipping-taxable","13":"product-type-simple"},"_links":{"self":[{"href":"https:\/\/medapp.lv\/lt\/wp-json\/wp\/v2\/product\/21442","targetHints":{"allow":["GET"]}}],"collection":[{"href":"https:\/\/medapp.lv\/lt\/wp-json\/wp\/v2\/product"}],"about":[{"href":"https:\/\/medapp.lv\/lt\/wp-json\/wp\/v2\/types\/product"}],"replies":[{"embeddable":true,"href":"https:\/\/medapp.lv\/lt\/wp-json\/wp\/v2\/comments?post=21442"}],"version-history":[{"count":2,"href":"https:\/\/medapp.lv\/lt\/wp-json\/wp\/v2\/product\/21442\/revisions"}],"predecessor-version":[{"id":21446,"href":"https:\/\/medapp.lv\/lt\/wp-json\/wp\/v2\/product\/21442\/revisions\/21446"}],"wp:featuredmedia":[{"embeddable":true,"href":"https:\/\/medapp.lv\/lt\/wp-json\/wp\/v2\/media\/21443"}],"wp:attachment":[{"href":"https:\/\/medapp.lv\/lt\/wp-json\/wp\/v2\/media?parent=21442"}],"wp:term":[{"taxonomy":"product_brand","embeddable":true,"href":"https:\/\/medapp.lv\/lt\/wp-json\/wp\/v2\/product_brand?post=21442"},{"taxonomy":"product_cat","embeddable":true,"href":"https:\/\/medapp.lv\/lt\/wp-json\/wp\/v2\/product_cat?post=21442"},{"taxonomy":"product_tag","embeddable":true,"href":"https:\/\/medapp.lv\/lt\/wp-json\/wp\/v2\/product_tag?post=21442"}],"curies":[{"name":"wp","href":"https:\/\/api.w.org\/{rel}","templated":true}]}}