{"id":21447,"date":"2025-07-10T10:46:54","date_gmt":"2025-07-10T08:46:54","guid":{"rendered":"https:\/\/medapp.lv\/?post_type=product&#038;p=21447"},"modified":"2025-07-17T10:03:43","modified_gmt":"2025-07-17T08:03:43","slug":"chemisept-fg","status":"publish","type":"product","link":"https:\/\/medapp.lv\/lt\/produktas\/chemisept-fg\/","title":{"rendered":"CHEMISEPT FG"},"content":{"rendered":"","protected":false},"excerpt":{"rendered":"<p><strong>CHEMISEPT FG (100 ml su purk\u0161tuvu \/ 250 ml su purk\u0161tuvu \/ 1000 ml \/ 5 l)<\/strong><\/p>\n<p>CHEMISEPT FG yra veiksminga priemon\u0117 greitam odos dezinfekavimui ir grybelini\u0173 lig\u0173 profilaktikai. Ji pasi\u017eymi pla\u010diu fungicidiniu, baktericidiniu ir virucidiniu poveikiu mikroorganizmams (naikina TBC, HBV, \u017dIV, Adeno, Rota, HCV, MRSA, Herpes simplex ir kt.). Produkto sud\u0117tyje n\u0117ra izopropilo alkoholio, jis pagamintas i\u0161 gryno, ma\u017eai lakaus etilo alkoholio, kuriame n\u0117ra kv\u0117pavimo tak\u0173 alergen\u0173 \u2013 tinka ir jautriai odai.<\/p>\n<p>CHEMISEPT FG specialiai sukurtas p\u0117d\u0173 ir bat\u0173 dezinfekcijai. Jis padeda suma\u017einti p\u0117d\u0173 prakaitavim\u0105 ir sukuria netinkam\u0105 aplink\u0105 odos ir nag\u0173 grybeliui vystytis. Sud\u0117tyje yra nat\u016brali\u0173 aliej\u0173, kurie ramina od\u0105 ir skatina greit\u0105 mikrofloros atsistatym\u0105. J\u012f taip pat rekomenduojama naudoti nag\u0173 grybelio gydymo metu ir \u0161e\u0161is m\u0117nesius po jo.<\/p>\n<p>\ud83e\uddb6 Idealiai tinka: p\u0117d\u0173 grybelio profilaktikai, bat\u0173 vidaus dezinfekavimui ir pur\u0161kimo \u012frenginiams<\/p>\n<p>\ud83e\uddea Veikliosios med\u017eiagos (100 g sud\u0117tyje yra):<br \/>\nEtanolis 62 g, kvaternariumas 0,25 g<\/p>\n<p>\ud83d\udd52 Ekspozicijos laikas:<br \/>\n\u2022 Ekspozicija: 30 sekund\u017ei\u0173<\/p>\n<p>\u26a0\ufe0f SAUGOS INSTRUKCIJOS: PAVOJUS! H225 \u2013 Labai degus skystis ir garai. Sud\u0117tyje yra biocido! \u2013 \u201eBiocidus naudokite atsargiai. Prie\u0161 naudodami visada perskaitykite etiket\u0119 ir informacij\u0105 apie biocid\u0105.\u201c<\/p>","protected":false},"featured_media":21448,"comment_status":"open","ping_status":"closed","template":"","meta":[],"product_brand":[316],"product_cat":[318],"product_tag":[],"class_list":{"0":"post-21447","1":"product","2":"type-product","3":"status-publish","4":"has-post-thumbnail","6":"product_brand-chemi-pharm","7":"product_cat-adas-dezinfekcijas-lidzekli","9":"first","10":"instock","11":"taxable","12":"shipping-taxable","13":"product-type-simple"},"_links":{"self":[{"href":"https:\/\/medapp.lv\/lt\/wp-json\/wp\/v2\/product\/21447","targetHints":{"allow":["GET"]}}],"collection":[{"href":"https:\/\/medapp.lv\/lt\/wp-json\/wp\/v2\/product"}],"about":[{"href":"https:\/\/medapp.lv\/lt\/wp-json\/wp\/v2\/types\/product"}],"replies":[{"embeddable":true,"href":"https:\/\/medapp.lv\/lt\/wp-json\/wp\/v2\/comments?post=21447"}],"version-history":[{"count":1,"href":"https:\/\/medapp.lv\/lt\/wp-json\/wp\/v2\/product\/21447\/revisions"}],"predecessor-version":[{"id":21452,"href":"https:\/\/medapp.lv\/lt\/wp-json\/wp\/v2\/product\/21447\/revisions\/21452"}],"wp:featuredmedia":[{"embeddable":true,"href":"https:\/\/medapp.lv\/lt\/wp-json\/wp\/v2\/media\/21448"}],"wp:attachment":[{"href":"https:\/\/medapp.lv\/lt\/wp-json\/wp\/v2\/media?parent=21447"}],"wp:term":[{"taxonomy":"product_brand","embeddable":true,"href":"https:\/\/medapp.lv\/lt\/wp-json\/wp\/v2\/product_brand?post=21447"},{"taxonomy":"product_cat","embeddable":true,"href":"https:\/\/medapp.lv\/lt\/wp-json\/wp\/v2\/product_cat?post=21447"},{"taxonomy":"product_tag","embeddable":true,"href":"https:\/\/medapp.lv\/lt\/wp-json\/wp\/v2\/product_tag?post=21447"}],"curies":[{"name":"wp","href":"https:\/\/api.w.org\/{rel}","templated":true}]}}