{"id":21453,"date":"2025-07-10T11:14:54","date_gmt":"2025-07-10T09:14:54","guid":{"rendered":"https:\/\/medapp.lv\/?post_type=product&#038;p=21453"},"modified":"2025-07-17T10:03:43","modified_gmt":"2025-07-17T08:03:43","slug":"chemisept-hf","status":"publish","type":"product","link":"https:\/\/medapp.lv\/lt\/produktas\/chemisept-hf\/","title":{"rendered":"CHEMISEPT HF"},"content":{"rendered":"","protected":false},"excerpt":{"rendered":"<p><strong>CHEMISEPT HF (250 ml su purk\u0161tuvu \/ 500 ml \/ 1000 ml \/ 5 l)<\/strong><\/p>\n<p>CHEMISEPT HF yra skystas, bespalvis odos ir rank\u0173 dezinfekantas, pasi\u017eymintis pla\u010diu fungicidiniu, baktericidiniu ir virucidiniu poveikiu (naikina TBC, HBV, \u017dIV, Adeno, Rota, HCV, Vaccinia, Herpes simplex ir kt.). Jo liekamasis poveikis i\u0161lieka iki 24 valand\u0173. Produktas ypa\u010d tinka naudoti prie\u0161 injekcijas, kraujo m\u0117gini\u0173 \u0117mim\u0105 ir kaniuliacij\u0105 \u2013 u\u017etikrina veiksming\u0105 odos mikrofloros apsaug\u0105 ir atk\u016brim\u0105.<\/p>\n<p>CHEMISEPT HF yra 1 tipo biocidas, pla\u010diai naudojamas tiek kasdienei rank\u0173 higienai, tiek medicinos \u012fstaigose.<\/p>\n<p>\ud83e\uddea Veikliosios med\u017eiagos (100 g sud\u0117tyje yra):<br \/>\n70 g etanolio, 2 g chlorheksidino digliukonato, odos apsaugos komponentai<\/p>\n<p>\ud83d\udd52 Ekspozicijos laikas:<br \/>\n\u2022 Higieninei rank\u0173 dezinfekcijai: 30 sekund\u017ei\u0173<br \/>\n\u2022 Chirurginei rank\u0173 dezinfekcijai: 1,5 minut\u0117s<br \/>\n\u2022 Odos dezinfekavimas (prie\u0161 injekcijas, tyrimus): 30 sekund\u017ei\u0173<br \/>\n\u2022 Prie\u0161operacinis odos gydymas: 2 minut\u0117s (po 1 minut\u0119 kiekviename \u017eingsnyje, 2 kartus)<\/p>\n<p>\u26a0\ufe0f SAUGOS INSTRUKCIJOS: PAVOJUS!<br \/>\nH412 \u2013 Kenksminga vandens organizmams, sukelia ilgalaikius pakitimus<br \/>\nH319 \u2013 Sukelia smark\u0173 aki\u0173 dirginim\u0105.<br \/>\nH225 \u2013 Labai deg\u016bs skystis ir garai<br \/>\nSud\u0117tyje yra biocido! \u2013 \u201eBiocidus naudokite atsargiai. Prie\u0161 naudodami visada perskaitykite etiket\u0119 ir informacij\u0105 apie biocid\u0105.\u201c<\/p>","protected":false},"featured_media":21454,"comment_status":"open","ping_status":"closed","template":"","meta":[],"product_brand":[316],"product_cat":[318],"product_tag":[],"class_list":{"0":"post-21453","1":"product","2":"type-product","3":"status-publish","4":"has-post-thumbnail","6":"product_brand-chemi-pharm","7":"product_cat-adas-dezinfekcijas-lidzekli","9":"first","10":"instock","11":"taxable","12":"shipping-taxable","13":"product-type-simple"},"_links":{"self":[{"href":"https:\/\/medapp.lv\/lt\/wp-json\/wp\/v2\/product\/21453","targetHints":{"allow":["GET"]}}],"collection":[{"href":"https:\/\/medapp.lv\/lt\/wp-json\/wp\/v2\/product"}],"about":[{"href":"https:\/\/medapp.lv\/lt\/wp-json\/wp\/v2\/types\/product"}],"replies":[{"embeddable":true,"href":"https:\/\/medapp.lv\/lt\/wp-json\/wp\/v2\/comments?post=21453"}],"version-history":[{"count":1,"href":"https:\/\/medapp.lv\/lt\/wp-json\/wp\/v2\/product\/21453\/revisions"}],"predecessor-version":[{"id":21458,"href":"https:\/\/medapp.lv\/lt\/wp-json\/wp\/v2\/product\/21453\/revisions\/21458"}],"wp:featuredmedia":[{"embeddable":true,"href":"https:\/\/medapp.lv\/lt\/wp-json\/wp\/v2\/media\/21454"}],"wp:attachment":[{"href":"https:\/\/medapp.lv\/lt\/wp-json\/wp\/v2\/media?parent=21453"}],"wp:term":[{"taxonomy":"product_brand","embeddable":true,"href":"https:\/\/medapp.lv\/lt\/wp-json\/wp\/v2\/product_brand?post=21453"},{"taxonomy":"product_cat","embeddable":true,"href":"https:\/\/medapp.lv\/lt\/wp-json\/wp\/v2\/product_cat?post=21453"},{"taxonomy":"product_tag","embeddable":true,"href":"https:\/\/medapp.lv\/lt\/wp-json\/wp\/v2\/product_tag?post=21453"}],"curies":[{"name":"wp","href":"https:\/\/api.w.org\/{rel}","templated":true}]}}