{"id":21464,"date":"2025-07-10T14:17:39","date_gmt":"2025-07-10T12:17:39","guid":{"rendered":"https:\/\/medapp.lv\/?post_type=product&#038;p=21464"},"modified":"2025-07-17T10:03:42","modified_gmt":"2025-07-17T08:03:42","slug":"chemisept-spray","status":"publish","type":"product","link":"https:\/\/medapp.lv\/lt\/produktas\/chemisept-spray\/","title":{"rendered":"CHEMISEPT PUR\u0160KALAS"},"content":{"rendered":"","protected":false},"excerpt":{"rendered":"<p><strong>CHEMISEPT PUR\u0160KALAS (250 ml \/ 1 l)<\/strong><\/p>\n<p>CHEMISEPT SPRAY yra bespalvis, etanolio turintis dezinfekantas su \u0161velniu m\u0117t\u0173 aromatu, skirtas greitam alkoholiui atspari\u0173 kosmetikos \u012franki\u0173 ir pried\u0173 (pvz., \u0161auk\u0161t\u0173, \u0161epe\u010di\u0173, pincet\u0173, nag\u0173 dild\u017ei\u0173, \u0161uk\u0173, d\u017eiovintuv\u0173, plauk\u0173 \u0161epe\u010di\u0173, \u017eoliapjov\u0117s peiliuk\u0173, maniki\u016bro \u012franki\u0173 ir kt.) dezinfekavimui.<\/p>\n<p>Produktas pasi\u017eymi pla\u010diu veikimo spektru \u2013 baktericidiniu, tuberkulocidiniu, virucidiniu (HBV, \u017dIV, HCV, Rota, Vaccinia, Herpes simplex ir kt.) ir pasiutlig\u0117s poveikiu. Sud\u0117tyje yra gryno, ma\u017eai lakaus etilo alkoholio, tod\u0117l nekelia kv\u0117pavimo tak\u0173 alergijos pavojaus.<\/p>\n<p>Nors CHEMISEPT SPRAY pirmiausia skirtas instrumentams ir priedams dezinfekuoti, jis taip pat gali b\u016bti naudojamas rank\u0173 ir odos dezinfekcijai, kai n\u0117ra specializuot\u0173 produkt\u0173.<\/p>\n<p>\ud83e\uddea Veikliosios med\u017eiagos (100 g sud\u0117tyje yra):<br \/>\nEtanolis 85%, alkil(C12\u2013C14) dimetil(etilbenzil)amonio chloridas (ADEBAC) 0,05%,<br \/>\nalkil(C12\u201318) dimetilbenzilamonio chloridas (ADBAC) 0,05%, glicerinas, kvapiosios med\u017eiagos<\/p>\n<p>\ud83d\udd52 Ekspozicijos laikas:<br \/>\n\u2022 Instrument\u0173 dezinfekavimas: 30 sekund\u017ei\u0173<br \/>\n\u2022 Higieninei rank\u0173 dezinfekcijai (EN1500): 30 sekund\u017ei\u0173<br \/>\n\u2022 Odos dezinfekavimas: 30 sekund\u017ei\u0173<\/p>\n<p>\u26a0\ufe0f SAUGOS INSTRUKCIJOS: PAVOJINGA! Sud\u0117tyje yra biocido! \u2013 \u201eBiocidus naudokite atsargiai. Prie\u0161 naudodami visada perskaitykite etiket\u0119 ir informacij\u0105 apie biocid\u0105.\u201c<\/p>","protected":false},"featured_media":21465,"comment_status":"open","ping_status":"closed","template":"","meta":[],"product_brand":[316],"product_cat":[319],"product_tag":[],"class_list":{"0":"post-21464","1":"product","2":"type-product","3":"status-publish","4":"has-post-thumbnail","6":"product_brand-chemi-pharm","7":"product_cat-virsmu-un-aprikojuma-dezinfekcijas-lidzekli","9":"first","10":"instock","11":"taxable","12":"shipping-taxable","13":"product-type-simple"},"_links":{"self":[{"href":"https:\/\/medapp.lv\/lt\/wp-json\/wp\/v2\/product\/21464","targetHints":{"allow":["GET"]}}],"collection":[{"href":"https:\/\/medapp.lv\/lt\/wp-json\/wp\/v2\/product"}],"about":[{"href":"https:\/\/medapp.lv\/lt\/wp-json\/wp\/v2\/types\/product"}],"replies":[{"embeddable":true,"href":"https:\/\/medapp.lv\/lt\/wp-json\/wp\/v2\/comments?post=21464"}],"version-history":[{"count":1,"href":"https:\/\/medapp.lv\/lt\/wp-json\/wp\/v2\/product\/21464\/revisions"}],"predecessor-version":[{"id":21467,"href":"https:\/\/medapp.lv\/lt\/wp-json\/wp\/v2\/product\/21464\/revisions\/21467"}],"wp:featuredmedia":[{"embeddable":true,"href":"https:\/\/medapp.lv\/lt\/wp-json\/wp\/v2\/media\/21465"}],"wp:attachment":[{"href":"https:\/\/medapp.lv\/lt\/wp-json\/wp\/v2\/media?parent=21464"}],"wp:term":[{"taxonomy":"product_brand","embeddable":true,"href":"https:\/\/medapp.lv\/lt\/wp-json\/wp\/v2\/product_brand?post=21464"},{"taxonomy":"product_cat","embeddable":true,"href":"https:\/\/medapp.lv\/lt\/wp-json\/wp\/v2\/product_cat?post=21464"},{"taxonomy":"product_tag","embeddable":true,"href":"https:\/\/medapp.lv\/lt\/wp-json\/wp\/v2\/product_tag?post=21464"}],"curies":[{"name":"wp","href":"https:\/\/api.w.org\/{rel}","templated":true}]}}