{"id":21468,"date":"2025-07-10T14:20:04","date_gmt":"2025-07-10T12:20:04","guid":{"rendered":"https:\/\/medapp.lv\/?post_type=product&#038;p=21468"},"modified":"2025-07-17T10:03:42","modified_gmt":"2025-07-17T08:03:42","slug":"bozo","status":"publish","type":"product","link":"https:\/\/medapp.lv\/lt\/produktas\/bozo\/","title":{"rendered":"BOZO"},"content":{"rendered":"","protected":false},"excerpt":{"rendered":"<p><strong>ALKOHOLIS (1 l \/ 5 l)<\/strong><\/p>\n<p>BOZO yra klampus, koncentruotas ploviklis ir dezinfekantas, skirtas dr\u0117gmei atspari\u0173 pavir\u0161i\u0173 valymui nuo r\u016bd\u017ei\u0173, kalki\u0173 nuos\u0117d\u0173 ir mikrobiologin\u0117s tar\u0161os. Produktas pasi\u017eymi pla\u010diu fungicidiniu, baktericidiniu (Gram+ ir Gram\u2013) ir virucidiniu poveikiu (sunaikina HBV, \u017dIV, Adeno, Rota, HCV, MRSA, Herpes simplex ir kt.).<\/p>\n<p>Idealiai tinka tualetams, santechnikai, \u010diaupams, plytel\u0117ms, ner\u016bdijan\u010dio plieno, bronzos, \u017ealvario ir vario pavir\u0161iams valyti. BOZO efektyviai pa\u0161alina ne\u0161varumus, apna\u0161as, nemalonius kvapus ir r\u016bdis, tuo pa\u010diu dezinfekuodamas.<\/p>\n<p>Produktas gali b\u016bti pla\u010diai naudojamas medicinos \u012fstaigose (ligonin\u0117se, klinikose, \u0161eimos gydytoj\u0173 praktikose, odontologijos kabinetuose), taip pat vis\u0173 tip\u0173 sanitarini\u0173 pavir\u0161i\u0173 ir \u012frangos plovimui.<\/p>\n<p>\ud83e\uddea Veikliosios med\u017eiagos:<br \/>\n\u2022 QAV (dezinfekcijai)<br \/>\n\u2022 Ortofosforo r\u016bg\u0161tis (pavir\u0161inio aktyvumo med\u017eiaga r\u016bd\u017ei\u0173 ir kalki\u0173 nuos\u0117d\u0173 valymui)<br \/>\n\u2022 Koncentrato pH: &lt;1,0<\/p>\n<p>\ud83e\uddfc Naudojimas: naudoti pagal instrukcijas ant pakuot\u0117s<\/p>\n<p>\u26a0\ufe0f SAUGOS INSTRUKCIJOS: PAVOJUS!<br \/>\nH412 \u2013 Kenksminga vandens organizmams, sukelia ilgalaikius pakitimus<br \/>\nH314 \u2013 Sukelia sunkius odos nudegimus ir aki\u0173 pa\u017eeidimus.<br \/>\nSud\u0117tyje yra biocido! \u2013 \u201eBiocidus naudokite atsargiai. Prie\u0161 naudodami visada perskaitykite etiket\u0119 ir informacij\u0105 apie biocid\u0105.\u201c<\/p>","protected":false},"featured_media":21469,"comment_status":"open","ping_status":"closed","template":"","meta":[],"product_brand":[316],"product_cat":[319],"product_tag":[],"class_list":{"0":"post-21468","1":"product","2":"type-product","3":"status-publish","4":"has-post-thumbnail","6":"product_brand-chemi-pharm","7":"product_cat-virsmu-un-aprikojuma-dezinfekcijas-lidzekli","9":"first","10":"instock","11":"taxable","12":"shipping-taxable","13":"product-type-simple"},"_links":{"self":[{"href":"https:\/\/medapp.lv\/lt\/wp-json\/wp\/v2\/product\/21468","targetHints":{"allow":["GET"]}}],"collection":[{"href":"https:\/\/medapp.lv\/lt\/wp-json\/wp\/v2\/product"}],"about":[{"href":"https:\/\/medapp.lv\/lt\/wp-json\/wp\/v2\/types\/product"}],"replies":[{"embeddable":true,"href":"https:\/\/medapp.lv\/lt\/wp-json\/wp\/v2\/comments?post=21468"}],"version-history":[{"count":1,"href":"https:\/\/medapp.lv\/lt\/wp-json\/wp\/v2\/product\/21468\/revisions"}],"predecessor-version":[{"id":21471,"href":"https:\/\/medapp.lv\/lt\/wp-json\/wp\/v2\/product\/21468\/revisions\/21471"}],"wp:featuredmedia":[{"embeddable":true,"href":"https:\/\/medapp.lv\/lt\/wp-json\/wp\/v2\/media\/21469"}],"wp:attachment":[{"href":"https:\/\/medapp.lv\/lt\/wp-json\/wp\/v2\/media?parent=21468"}],"wp:term":[{"taxonomy":"product_brand","embeddable":true,"href":"https:\/\/medapp.lv\/lt\/wp-json\/wp\/v2\/product_brand?post=21468"},{"taxonomy":"product_cat","embeddable":true,"href":"https:\/\/medapp.lv\/lt\/wp-json\/wp\/v2\/product_cat?post=21468"},{"taxonomy":"product_tag","embeddable":true,"href":"https:\/\/medapp.lv\/lt\/wp-json\/wp\/v2\/product_tag?post=21468"}],"curies":[{"name":"wp","href":"https:\/\/api.w.org\/{rel}","templated":true}]}}