{"id":21472,"date":"2025-07-10T14:35:12","date_gmt":"2025-07-10T12:35:12","guid":{"rendered":"https:\/\/medapp.lv\/?post_type=product&#038;p=21472"},"modified":"2025-07-17T10:03:41","modified_gmt":"2025-07-17T08:03:41","slug":"kirurgiskie-instrumenti","status":"publish","type":"product","link":"https:\/\/medapp.lv\/lt\/produktas\/kirurgiskie-instrumenti\/","title":{"rendered":"REDA \u2013 \u012erankiai"},"content":{"rendered":"<p>Si\u016blome plat\u0173 chirurgini\u0173 instrument\u0173 asortiment\u0105 \u012fvairiems medicininiams poreikiams.<\/p>\n<p>Bendradarbiaujant su <strong>REDA instrumentas<\/strong> \u2014 vienas i\u0161 pirmaujan\u010di\u0173 gamintoj\u0173 Vokietijoje \u2014 si\u016blome galimyb\u0119 u\u017esisakyti \u012fvairi\u0173 tip\u0173 chirurginius instrumentus, \u012fskaitant bendrosios chirurgijos, odontologijos, ginekologijos, ortopedijos, otorinolaringologijos ir daugelio kit\u0173 specializacij\u0173 instrumentus.<\/p>\n<p>\ud83d\udce6 \u012erankiai pagaminti i\u0161 auk\u0161tos kokyb\u0117s ner\u016bdijan\u010dio plieno, pasi\u017eymi tiksliu dizainu, ilgaam\u017ei\u0161kumu ir atitinka tarptautinius standartus.<\/p>\n<p>\ud83d\udd0d Vis\u0105 turim\u0173 instrument\u0173 katalog\u0105 galite per\u017ei\u016br\u0117ti \u010dia:<br \/>\n\ud83d\udc49<a href=\"https:\/\/www.reda-instrumente.de\/en\/\" rel=\"nofollow noopener\" target=\"_blank\"> www.reda-instrumente.de\/en<\/a><\/p>\n<p>\ud83d\udcac Jei turite konkre\u010di\u0173 poreiki\u0173 ar klausim\u0173 apie bet kokio tipo instrumentus \u2013 nedvejodami susisiekite su mumis!<\/p>","protected":false},"excerpt":{"rendered":"<p>M\u0113s pied\u0101v\u0101jam pla\u0161a kl\u0101sta \u0137irur\u0123iskos instrumentus da\u017e\u0101d\u0101m medic\u012bnas vajadz\u012bb\u0101m. Sadarb\u012bb\u0101 ar REDA Instrumente \u2014 vienu no V\u0101cijas vado\u0161ajiem ra\u017eot\u0101jiem \u2014<\/p>","protected":false},"featured_media":21479,"comment_status":"open","ping_status":"closed","template":"","meta":[],"product_brand":[],"product_cat":[172],"product_tag":[],"class_list":{"0":"post-21472","1":"product","2":"type-product","3":"status-publish","4":"has-post-thumbnail","6":"product_cat-instrumenti","8":"first","9":"instock","10":"taxable","11":"shipping-taxable","12":"product-type-simple"},"_links":{"self":[{"href":"https:\/\/medapp.lv\/lt\/wp-json\/wp\/v2\/product\/21472","targetHints":{"allow":["GET"]}}],"collection":[{"href":"https:\/\/medapp.lv\/lt\/wp-json\/wp\/v2\/product"}],"about":[{"href":"https:\/\/medapp.lv\/lt\/wp-json\/wp\/v2\/types\/product"}],"replies":[{"embeddable":true,"href":"https:\/\/medapp.lv\/lt\/wp-json\/wp\/v2\/comments?post=21472"}],"version-history":[{"count":7,"href":"https:\/\/medapp.lv\/lt\/wp-json\/wp\/v2\/product\/21472\/revisions"}],"predecessor-version":[{"id":21486,"href":"https:\/\/medapp.lv\/lt\/wp-json\/wp\/v2\/product\/21472\/revisions\/21486"}],"wp:featuredmedia":[{"embeddable":true,"href":"https:\/\/medapp.lv\/lt\/wp-json\/wp\/v2\/media\/21479"}],"wp:attachment":[{"href":"https:\/\/medapp.lv\/lt\/wp-json\/wp\/v2\/media?parent=21472"}],"wp:term":[{"taxonomy":"product_brand","embeddable":true,"href":"https:\/\/medapp.lv\/lt\/wp-json\/wp\/v2\/product_brand?post=21472"},{"taxonomy":"product_cat","embeddable":true,"href":"https:\/\/medapp.lv\/lt\/wp-json\/wp\/v2\/product_cat?post=21472"},{"taxonomy":"product_tag","embeddable":true,"href":"https:\/\/medapp.lv\/lt\/wp-json\/wp\/v2\/product_tag?post=21472"}],"curies":[{"name":"wp","href":"https:\/\/api.w.org\/{rel}","templated":true}]}}