{"id":21480,"date":"2025-07-10T14:45:44","date_gmt":"2025-07-10T12:45:44","guid":{"rendered":"https:\/\/medapp.lv\/?post_type=product&#038;p=21480"},"modified":"2025-07-17T10:03:40","modified_gmt":"2025-07-17T08:03:40","slug":"ceatec-instrumenti","status":"publish","type":"product","link":"https:\/\/medapp.lv\/lt\/produktas\/ceatec-instrumenti\/","title":{"rendered":"CEATEC instrumentai"},"content":{"rendered":"<p><strong>Vokietijoje pagaminti didelio tikslumo prietaisai \u012fvairiems medicinos ir laboratoriniams poreikiams.<\/strong><\/p>\n<p>Si\u016blome plat\u0173 asortiment\u0105 <strong>CEATEC<\/strong> Platus instrument\u0173 asortimentas \u2013 nuo chirurgijos ir odontologijos iki laboratorini\u0173, veterinarini\u0173 ir mikroskopijos pried\u0173. Visi instrumentai yra sukurti ir pagaminti Vokietijoje, laikantis auk\u0161\u010diausi\u0173 kokyb\u0117s, ergonomikos ir saugos standart\u0173.<\/p>\n<p>\ud83d\udd27 \u012evairioms pramon\u0117s \u0161akoms galimi tiek standartiniai, tiek individual\u016bs sprendimai, su galimybe u\u017esisakyti specialiai j\u016bs\u0173 poreikiams pritaikytus \u012frankius.<\/p>\n<p>\ud83c\udf10 Vis\u0105 produkt\u0173 katalog\u0105 galite per\u017ei\u016br\u0117ti \u010dia:<br \/>\n\ud83d\udc49 <a href=\"http:\/\/www.ceatec.de\/en\" rel=\"nofollow noopener\" target=\"_blank\">www.ceatec.de\/lt<\/a><\/p>\n<p>\ud83d\udcac Jei ie\u0161kote konkretaus \u012frankio ar reikia patarimo \u2013 susisiekite su mumis ir mes pad\u0117sime jums rasti tinkamiausi\u0105 sprendim\u0105!<\/p>","protected":false},"excerpt":{"rendered":"<p>V\u0101cija ra\u017eoti augstas precizit\u0101tes instrumenti da\u017e\u0101d\u0101m medic\u012bnas un laboratorijas vajadz\u012bb\u0101m. Pied\u0101v\u0101jam pla\u0161u CEATEC instrumentu kl\u0101stu \u2014 s\u0101kot no \u0137irur\u0123ijas un<\/p>","protected":false},"featured_media":21481,"comment_status":"open","ping_status":"closed","template":"","meta":[],"product_brand":[],"product_cat":[172],"product_tag":[],"class_list":{"0":"post-21480","1":"product","2":"type-product","3":"status-publish","4":"has-post-thumbnail","6":"product_cat-instrumenti","8":"first","9":"instock","10":"taxable","11":"shipping-taxable","12":"product-type-simple"},"_links":{"self":[{"href":"https:\/\/medapp.lv\/lt\/wp-json\/wp\/v2\/product\/21480","targetHints":{"allow":["GET"]}}],"collection":[{"href":"https:\/\/medapp.lv\/lt\/wp-json\/wp\/v2\/product"}],"about":[{"href":"https:\/\/medapp.lv\/lt\/wp-json\/wp\/v2\/types\/product"}],"replies":[{"embeddable":true,"href":"https:\/\/medapp.lv\/lt\/wp-json\/wp\/v2\/comments?post=21480"}],"version-history":[{"count":1,"href":"https:\/\/medapp.lv\/lt\/wp-json\/wp\/v2\/product\/21480\/revisions"}],"predecessor-version":[{"id":21482,"href":"https:\/\/medapp.lv\/lt\/wp-json\/wp\/v2\/product\/21480\/revisions\/21482"}],"wp:featuredmedia":[{"embeddable":true,"href":"https:\/\/medapp.lv\/lt\/wp-json\/wp\/v2\/media\/21481"}],"wp:attachment":[{"href":"https:\/\/medapp.lv\/lt\/wp-json\/wp\/v2\/media?parent=21480"}],"wp:term":[{"taxonomy":"product_brand","embeddable":true,"href":"https:\/\/medapp.lv\/lt\/wp-json\/wp\/v2\/product_brand?post=21480"},{"taxonomy":"product_cat","embeddable":true,"href":"https:\/\/medapp.lv\/lt\/wp-json\/wp\/v2\/product_cat?post=21480"},{"taxonomy":"product_tag","embeddable":true,"href":"https:\/\/medapp.lv\/lt\/wp-json\/wp\/v2\/product_tag?post=21480"}],"curies":[{"name":"wp","href":"https:\/\/api.w.org\/{rel}","templated":true}]}}