{"id":21495,"date":"2025-07-11T11:56:43","date_gmt":"2025-07-11T09:56:43","guid":{"rendered":"https:\/\/medapp.lv\/?post_type=product&#038;p=21495"},"modified":"2025-07-17T10:03:40","modified_gmt":"2025-07-17T08:03:40","slug":"myfiller-glips","status":"publish","type":"product","link":"https:\/\/medapp.lv\/lt\/produktas\/myfiller-glips\/","title":{"rendered":"MYFILLER GLIPS"},"content":{"rendered":"","protected":false},"excerpt":{"rendered":"<p><strong>Revoliucinis hialurono r\u016bg\u0161ties u\u017epildas nat\u016braliai putlioms ir sudr\u0117kintoms l\u016bpoms.<\/strong><\/p>\n<p>\u201eGlips\u201c \u2013 tai novatori\u0161kas odos u\u017epildas, kuriame sujungta nesuri\u0161ta hialurono r\u016bg\u0161tis, u\u017etikrinanti greit\u0105 dr\u0117kinim\u0105, ir suri\u0161ta hialurono r\u016bg\u0161tis, u\u017etikrinanti ilgalaikius rezultatus. \u0160is derinys suteikia i\u0161 karto matom\u0105 ir ilgai i\u0161liekant\u012f efekt\u0105 \u2013 putlesn\u0117s, lygesn\u0117s ir nat\u016braliai spindin\u010dios l\u016bpos.<\/p>\n<p>\ud83d\udc89 CE sertifikuotas u\u017epildas, u\u017etikrinantis auk\u0161tos kokyb\u0117s estetinius rezultatus.<\/p>\n<p>Specifikacija:<br \/>\n\u2022 \ud83d\udd2c Susi\u016btas HA: 20 mg\/ml<br \/>\n\u2022 \ud83d\udca7 Nesusietas HA: 5 mg\/ml<br \/>\n\u2022 \ud83e\uddea T\u016bris: 1 ml (1 \u0161virk\u0161tas)<br \/>\n\u2022 \ud83e\udea1 \u012e komplekt\u0105 \u012feina: 2 vnt. 27G1\/2&#039;&#039; adat\u0173<br \/>\n\u2022 \ud83d\udd17 Susiejimo lygis: 1,5<br \/>\n\u2022 \ud83e\uddca Daleli\u0173 dydis: 80<br \/>\n\u2022 \ud83d\udccd Naudojimo sritis: L\u016bpos<br \/>\n\u2022 \u23f3 Galiojimo laikas: 30 m\u0117nesi\u0173<\/p>","protected":false},"featured_media":21496,"comment_status":"open","ping_status":"closed","template":"","meta":[],"product_brand":[],"product_cat":[251],"product_tag":[],"class_list":{"0":"post-21495","1":"product","2":"type-product","3":"status-publish","4":"has-post-thumbnail","6":"product_cat-kosmetologija-filleri","8":"first","9":"instock","10":"taxable","11":"shipping-taxable","12":"product-type-simple"},"_links":{"self":[{"href":"https:\/\/medapp.lv\/lt\/wp-json\/wp\/v2\/product\/21495","targetHints":{"allow":["GET"]}}],"collection":[{"href":"https:\/\/medapp.lv\/lt\/wp-json\/wp\/v2\/product"}],"about":[{"href":"https:\/\/medapp.lv\/lt\/wp-json\/wp\/v2\/types\/product"}],"replies":[{"embeddable":true,"href":"https:\/\/medapp.lv\/lt\/wp-json\/wp\/v2\/comments?post=21495"}],"version-history":[{"count":2,"href":"https:\/\/medapp.lv\/lt\/wp-json\/wp\/v2\/product\/21495\/revisions"}],"predecessor-version":[{"id":21499,"href":"https:\/\/medapp.lv\/lt\/wp-json\/wp\/v2\/product\/21495\/revisions\/21499"}],"wp:featuredmedia":[{"embeddable":true,"href":"https:\/\/medapp.lv\/lt\/wp-json\/wp\/v2\/media\/21496"}],"wp:attachment":[{"href":"https:\/\/medapp.lv\/lt\/wp-json\/wp\/v2\/media?parent=21495"}],"wp:term":[{"taxonomy":"product_brand","embeddable":true,"href":"https:\/\/medapp.lv\/lt\/wp-json\/wp\/v2\/product_brand?post=21495"},{"taxonomy":"product_cat","embeddable":true,"href":"https:\/\/medapp.lv\/lt\/wp-json\/wp\/v2\/product_cat?post=21495"},{"taxonomy":"product_tag","embeddable":true,"href":"https:\/\/medapp.lv\/lt\/wp-json\/wp\/v2\/product_tag?post=21495"}],"curies":[{"name":"wp","href":"https:\/\/api.w.org\/{rel}","templated":true}]}}