{"id":21501,"date":"2025-07-11T12:00:49","date_gmt":"2025-07-11T10:00:49","guid":{"rendered":"https:\/\/medapp.lv\/?post_type=product&#038;p=21501"},"modified":"2025-07-17T10:03:39","modified_gmt":"2025-07-17T08:03:39","slug":"myfiller-manmax","status":"publish","type":"product","link":"https:\/\/medapp.lv\/lt\/produktas\/myfiller-manmax\/","title":{"rendered":"MYFILLER ManMax"},"content":{"rendered":"","protected":false},"excerpt":{"rendered":"<p><strong>Specialiai sukurtas vyr\u0173 estetiniam tobulinimui \u2013 puikus sprendimas \u0161iuolaikiniam vyrui.<\/strong><\/p>\n<p>\u201eMan Max\u201c \u2013 tai modernus odos u\u017epildas, pritaikytas vyr\u0173 veido anatomijai ir fiziologijai. Vyr\u0173 oda yra ma\u017edaug 25% storesn\u0117 nei moter\u0173, joje yra didesnis kolageno tankis ir \u0161iurk\u0161tesn\u0117 tekst\u016bra \u2013 visa tai rei\u0161kia, kad reikalinga speciali formul\u0117, kuri gal\u0117t\u0173 prasiskverbti giliau ir u\u017etikrinti ilgalaikius, nat\u016bralius rezultatus.<\/p>\n<p>\ud83e\uddd4\u200d\u2642\ufe0f Sukurta atsi\u017evelgiant \u012f specifinius vyr\u0173 odos poreikius:<br \/>\n\u2022 Kovoja su giliomis rauk\u0161l\u0117mis ir odos sen\u0117jimu<br \/>\n\u2022 Tinka reguliariai skutasintiems vyrams (suma\u017eina dirginim\u0105 ir mikrotraumas)<br \/>\n\u2022 Galinga formul\u0117, suteikianti nat\u016brali\u0105, ta\u010diau ai\u0161kiai apibr\u0117\u017et\u0105 apimt\u012f<\/p>\n<p>Specifikacija:<br \/>\n\u2022 \ud83d\udc89 Tinklinis HA: 25 mg\/ml<br \/>\n\u2022 \ud83d\udca7 Nesusietas HA: 5 mg\/ml<br \/>\n\u2022 \ud83d\udd2c T\u016bris: 1 \u0161virk\u0161tas x 1 ml<br \/>\n\u2022 \ud83e\udea1 Adatos: 2 vnt. 27G<br \/>\n\u2022 \u2795 Rekomenduojama naudoti su 25G kaniul\u0117mis (didel\u0117s molekulin\u0117s mas\u0117s, lengva \u012fd\u0117ti)<\/p>","protected":false},"featured_media":21502,"comment_status":"open","ping_status":"closed","template":"","meta":[],"product_brand":[],"product_cat":[251],"product_tag":[],"class_list":{"0":"post-21501","1":"product","2":"type-product","3":"status-publish","4":"has-post-thumbnail","6":"product_cat-kosmetologija-filleri","8":"first","9":"instock","10":"taxable","11":"shipping-taxable","12":"product-type-simple"},"_links":{"self":[{"href":"https:\/\/medapp.lv\/lt\/wp-json\/wp\/v2\/product\/21501","targetHints":{"allow":["GET"]}}],"collection":[{"href":"https:\/\/medapp.lv\/lt\/wp-json\/wp\/v2\/product"}],"about":[{"href":"https:\/\/medapp.lv\/lt\/wp-json\/wp\/v2\/types\/product"}],"replies":[{"embeddable":true,"href":"https:\/\/medapp.lv\/lt\/wp-json\/wp\/v2\/comments?post=21501"}],"version-history":[{"count":1,"href":"https:\/\/medapp.lv\/lt\/wp-json\/wp\/v2\/product\/21501\/revisions"}],"predecessor-version":[{"id":21503,"href":"https:\/\/medapp.lv\/lt\/wp-json\/wp\/v2\/product\/21501\/revisions\/21503"}],"wp:featuredmedia":[{"embeddable":true,"href":"https:\/\/medapp.lv\/lt\/wp-json\/wp\/v2\/media\/21502"}],"wp:attachment":[{"href":"https:\/\/medapp.lv\/lt\/wp-json\/wp\/v2\/media?parent=21501"}],"wp:term":[{"taxonomy":"product_brand","embeddable":true,"href":"https:\/\/medapp.lv\/lt\/wp-json\/wp\/v2\/product_brand?post=21501"},{"taxonomy":"product_cat","embeddable":true,"href":"https:\/\/medapp.lv\/lt\/wp-json\/wp\/v2\/product_cat?post=21501"},{"taxonomy":"product_tag","embeddable":true,"href":"https:\/\/medapp.lv\/lt\/wp-json\/wp\/v2\/product_tag?post=21501"}],"curies":[{"name":"wp","href":"https:\/\/api.w.org\/{rel}","templated":true}]}}