{"id":21504,"date":"2025-07-11T12:03:16","date_gmt":"2025-07-11T10:03:16","guid":{"rendered":"https:\/\/medapp.lv\/?post_type=product&#038;p=21504"},"modified":"2025-07-17T10:03:39","modified_gmt":"2025-07-17T08:03:39","slug":"myfiller-soft","status":"publish","type":"product","link":"https:\/\/medapp.lv\/lt\/produktas\/myfiller-soft\/","title":{"rendered":"MYFILLER mink\u0161tas"},"content":{"rendered":"","protected":false},"excerpt":{"rendered":"<p><strong>Idealiai tinka pavir\u0161iniams dermos sluoksniams ir \u0161velniam korekcijos darbui.<\/strong><\/p>\n<p>\u201eMy Filler SOFT\u201c \u2013 tai auk\u0161tos kokyb\u0117s hialurono r\u016bg\u0161ties u\u017epildas, pasi\u017eymintis \u0161velnia formule, u\u017etikrinan\u010dia nat\u016bral\u0173, tolyg\u0173 efekt\u0105. Sukurtas profesionaliam naudojimui tose vietose, kur reikalingas subtilus gydymas, pavyzd\u017eiui, smulkioms rauk\u0161lel\u0117ms ar jautrioms veido sritims.<\/p>\n<p>\ud83e\uddf4 \u012e paket\u0105 \u012feina:<br \/>\n\u2022 1 sterilus u\u017epildytas \u0161virk\u0161tas (1 ml)<br \/>\n\u2022 2 adatos (1 vnt. 30G \u00bd colio + 1 vnt. 27G \u00bd colio)<br \/>\n\u2022 2 produkto etiket\u0117s<br \/>\n\u2022 Naudotojo vadovas keliomis kalbomis<br \/>\n\u2022 Paciento kortel\u0117<\/p>\n<p>Specifikacija:<br \/>\n\u2022 \ud83d\udca7 HA koncentracija: 20 mg\/ml<br \/>\n\u2022 \ud83d\udd17 Susiejimo lygis: 1,5<br \/>\n\u2022 \ud83e\uddca Daleli\u0173 dydis: 80<br \/>\n\u2022 \ud83d\udccd Taikymo sritis: pavir\u0161in\u0117 derma<br \/>\n\u2022 \u23f3 Galiojimo laikas: 30 m\u0117nesi\u0173<br \/>\n\u2022 \ud83d\udc89 T\u016bris: 1 ml<\/p>","protected":false},"featured_media":21505,"comment_status":"open","ping_status":"closed","template":"","meta":[],"product_brand":[],"product_cat":[251],"product_tag":[],"class_list":{"0":"post-21504","1":"product","2":"type-product","3":"status-publish","4":"has-post-thumbnail","6":"product_cat-kosmetologija-filleri","8":"first","9":"instock","10":"taxable","11":"shipping-taxable","12":"product-type-simple"},"_links":{"self":[{"href":"https:\/\/medapp.lv\/lt\/wp-json\/wp\/v2\/product\/21504","targetHints":{"allow":["GET"]}}],"collection":[{"href":"https:\/\/medapp.lv\/lt\/wp-json\/wp\/v2\/product"}],"about":[{"href":"https:\/\/medapp.lv\/lt\/wp-json\/wp\/v2\/types\/product"}],"replies":[{"embeddable":true,"href":"https:\/\/medapp.lv\/lt\/wp-json\/wp\/v2\/comments?post=21504"}],"version-history":[{"count":1,"href":"https:\/\/medapp.lv\/lt\/wp-json\/wp\/v2\/product\/21504\/revisions"}],"predecessor-version":[{"id":21506,"href":"https:\/\/medapp.lv\/lt\/wp-json\/wp\/v2\/product\/21504\/revisions\/21506"}],"wp:featuredmedia":[{"embeddable":true,"href":"https:\/\/medapp.lv\/lt\/wp-json\/wp\/v2\/media\/21505"}],"wp:attachment":[{"href":"https:\/\/medapp.lv\/lt\/wp-json\/wp\/v2\/media?parent=21504"}],"wp:term":[{"taxonomy":"product_brand","embeddable":true,"href":"https:\/\/medapp.lv\/lt\/wp-json\/wp\/v2\/product_brand?post=21504"},{"taxonomy":"product_cat","embeddable":true,"href":"https:\/\/medapp.lv\/lt\/wp-json\/wp\/v2\/product_cat?post=21504"},{"taxonomy":"product_tag","embeddable":true,"href":"https:\/\/medapp.lv\/lt\/wp-json\/wp\/v2\/product_tag?post=21504"}],"curies":[{"name":"wp","href":"https:\/\/api.w.org\/{rel}","templated":true}]}}