{"id":21507,"date":"2025-07-11T12:05:36","date_gmt":"2025-07-11T10:05:36","guid":{"rendered":"https:\/\/medapp.lv\/?post_type=product&#038;p=21507"},"modified":"2025-07-17T10:03:38","modified_gmt":"2025-07-17T08:03:38","slug":"myfiller-medium","status":"publish","type":"product","link":"https:\/\/medapp.lv\/lt\/produktas\/myfiller-medium\/","title":{"rendered":"MYFILLER Medium"},"content":{"rendered":"","protected":false},"excerpt":{"rendered":"<p><strong>Universalus u\u017epildas viduriniams dermos sluoksniams, puikiai subalansuojantis apimt\u012f ir nat\u016bralum\u0105.<\/strong><\/p>\n<p>\u201eMy Filler MEDIUM\u201c u\u017epildas sukurtas tolygiai apimtiai ir vidurin\u0117s srities i\u0161lyginimui suteikti. Tinka nosies ir l\u016bp\u0173 rauk\u0161l\u0117ms, skruost\u0173 sri\u010diai, smakro korekcijai ir kitoms sritims, kurioms reikalinga ilgalaik\u0117, bet nat\u016brali korekcija.<\/p>\n<p>\ud83e\uddf4 \u012e paket\u0105 \u012feina:<br \/>\n\u2022 1 sterilus u\u017epildytas \u0161virk\u0161tas (1 ml)<br \/>\n\u2022 2 adatos (2 vnt. 27G \u00bd colio)<br \/>\n\u2022 2 produkto etiket\u0117s<br \/>\n\u2022 Naudotojo vadovas keliomis kalbomis<br \/>\n\u2022 Paciento kortel\u0117<\/p>\n<p>Specifikacija:<br \/>\n\u2022 \ud83d\udca7 HA koncentracija: 25 mg\/ml<br \/>\n\u2022 \ud83d\udd17 Susiejimo lygis: 2,5<br \/>\n\u2022 \ud83e\uddca Daleli\u0173 dydis: 100<br \/>\n\u2022 \ud83d\udccd Taikymo sritis: vidurinis dermos sluoksnis<br \/>\n\u2022 \u23f3 Galiojimo laikas: 30 m\u0117nesi\u0173<br \/>\n\u2022 \ud83d\udc89 T\u016bris: 1 ml<\/p>","protected":false},"featured_media":21508,"comment_status":"open","ping_status":"closed","template":"","meta":[],"product_brand":[],"product_cat":[251],"product_tag":[],"class_list":{"0":"post-21507","1":"product","2":"type-product","3":"status-publish","4":"has-post-thumbnail","6":"product_cat-kosmetologija-filleri","8":"first","9":"instock","10":"taxable","11":"shipping-taxable","12":"product-type-simple"},"_links":{"self":[{"href":"https:\/\/medapp.lv\/lt\/wp-json\/wp\/v2\/product\/21507","targetHints":{"allow":["GET"]}}],"collection":[{"href":"https:\/\/medapp.lv\/lt\/wp-json\/wp\/v2\/product"}],"about":[{"href":"https:\/\/medapp.lv\/lt\/wp-json\/wp\/v2\/types\/product"}],"replies":[{"embeddable":true,"href":"https:\/\/medapp.lv\/lt\/wp-json\/wp\/v2\/comments?post=21507"}],"version-history":[{"count":1,"href":"https:\/\/medapp.lv\/lt\/wp-json\/wp\/v2\/product\/21507\/revisions"}],"predecessor-version":[{"id":21509,"href":"https:\/\/medapp.lv\/lt\/wp-json\/wp\/v2\/product\/21507\/revisions\/21509"}],"wp:featuredmedia":[{"embeddable":true,"href":"https:\/\/medapp.lv\/lt\/wp-json\/wp\/v2\/media\/21508"}],"wp:attachment":[{"href":"https:\/\/medapp.lv\/lt\/wp-json\/wp\/v2\/media?parent=21507"}],"wp:term":[{"taxonomy":"product_brand","embeddable":true,"href":"https:\/\/medapp.lv\/lt\/wp-json\/wp\/v2\/product_brand?post=21507"},{"taxonomy":"product_cat","embeddable":true,"href":"https:\/\/medapp.lv\/lt\/wp-json\/wp\/v2\/product_cat?post=21507"},{"taxonomy":"product_tag","embeddable":true,"href":"https:\/\/medapp.lv\/lt\/wp-json\/wp\/v2\/product_tag?post=21507"}],"curies":[{"name":"wp","href":"https:\/\/api.w.org\/{rel}","templated":true}]}}