{"id":21510,"date":"2025-07-11T12:10:59","date_gmt":"2025-07-11T10:10:59","guid":{"rendered":"https:\/\/medapp.lv\/?post_type=product&#038;p=21510"},"modified":"2025-07-17T10:03:38","modified_gmt":"2025-07-17T08:03:38","slug":"myfiller-strong","status":"publish","type":"product","link":"https:\/\/medapp.lv\/lt\/produktas\/myfiller-strong\/","title":{"rendered":"MYFILLER Stiprus"},"content":{"rendered":"","protected":false},"excerpt":{"rendered":"<p><strong>Didel\u0117s klampos u\u017epildas veido strukt\u016bros korekcijai ir kont\u016bravimui.<\/strong><\/p>\n<p>\u201eMy Filler STRONG\u201c yra intensyviausia \u201eMy Filler\u201c serijos priemon\u0117, skirta atkurti apimt\u012f ir pagerinti gilesni\u0173 dermos bei poodinio audinio sluoksni\u0173 strukt\u016br\u0105. Idealiai tinka smakro, skruost\u0173, \u017eandikaulio linijos ir veido kont\u016br\u0173 korekcijai, u\u017etikrinant maksimal\u0173 stabilum\u0105 ir ilgaam\u017ei\u0161kum\u0105.<\/p>\n<p>\ud83e\uddf4 \u012e paket\u0105 \u012feina:<br \/>\n\u2022 1 sterilus u\u017epildytas \u0161virk\u0161tas (1 ml)<br \/>\n\u2022 2 adatos (2 vnt. 27G \u00bd colio)<br \/>\n\u2022 2 produkto etiket\u0117s<br \/>\n\u2022 Naudotojo vadovas keliomis kalbomis<br \/>\n\u2022 Paciento kortel\u0117<\/p>\n<p>Specifikacija:<br \/>\n\u2022 \ud83d\udca7 HA koncentracija: 30 mg\/ml<br \/>\n\u2022 \ud83d\udd17 Susiejimo lygis: 3,5<br \/>\n\u2022 \ud83e\uddca Daleli\u0173 dydis: 140<br \/>\n\u2022 \ud83d\udccd Taikymo sritis: vidurinis dermos sluoksnis, poodinis sluoksnis vir\u0161 antkaulio<br \/>\n\u2022 \u23f3 Galiojimo laikas: 30 m\u0117nesi\u0173<br \/>\n\u2022 \ud83d\udc89 T\u016bris: 1 ml<\/p>","protected":false},"featured_media":21511,"comment_status":"open","ping_status":"closed","template":"","meta":[],"product_brand":[],"product_cat":[251],"product_tag":[],"class_list":{"0":"post-21510","1":"product","2":"type-product","3":"status-publish","4":"has-post-thumbnail","6":"product_cat-kosmetologija-filleri","8":"first","9":"instock","10":"taxable","11":"shipping-taxable","12":"product-type-simple"},"_links":{"self":[{"href":"https:\/\/medapp.lv\/lt\/wp-json\/wp\/v2\/product\/21510","targetHints":{"allow":["GET"]}}],"collection":[{"href":"https:\/\/medapp.lv\/lt\/wp-json\/wp\/v2\/product"}],"about":[{"href":"https:\/\/medapp.lv\/lt\/wp-json\/wp\/v2\/types\/product"}],"replies":[{"embeddable":true,"href":"https:\/\/medapp.lv\/lt\/wp-json\/wp\/v2\/comments?post=21510"}],"version-history":[{"count":1,"href":"https:\/\/medapp.lv\/lt\/wp-json\/wp\/v2\/product\/21510\/revisions"}],"predecessor-version":[{"id":21512,"href":"https:\/\/medapp.lv\/lt\/wp-json\/wp\/v2\/product\/21510\/revisions\/21512"}],"wp:featuredmedia":[{"embeddable":true,"href":"https:\/\/medapp.lv\/lt\/wp-json\/wp\/v2\/media\/21511"}],"wp:attachment":[{"href":"https:\/\/medapp.lv\/lt\/wp-json\/wp\/v2\/media?parent=21510"}],"wp:term":[{"taxonomy":"product_brand","embeddable":true,"href":"https:\/\/medapp.lv\/lt\/wp-json\/wp\/v2\/product_brand?post=21510"},{"taxonomy":"product_cat","embeddable":true,"href":"https:\/\/medapp.lv\/lt\/wp-json\/wp\/v2\/product_cat?post=21510"},{"taxonomy":"product_tag","embeddable":true,"href":"https:\/\/medapp.lv\/lt\/wp-json\/wp\/v2\/product_tag?post=21510"}],"curies":[{"name":"wp","href":"https:\/\/api.w.org\/{rel}","templated":true}]}}