{"id":21614,"date":"2025-08-12T11:42:09","date_gmt":"2025-08-12T09:42:09","guid":{"rendered":"https:\/\/medapp.lv\/?post_type=product&#038;p=21614"},"modified":"2025-11-14T15:35:57","modified_gmt":"2025-11-14T13:35:57","slug":"topro-olympos-atr-rollators","status":"publish","type":"product","link":"https:\/\/medapp.lv\/lt\/produktas\/topro-olympos-atr-rollators\/","title":{"rendered":"TOPRO Olympos ATR rollatorius"},"content":{"rendered":"<p><strong>TOPRO Olympos ATR<\/strong> yra auk\u0161\u010diausios kokyb\u0117s vaik\u0161tyn\u0117, specialiai sukurta naudoti lauke. Plati konstrukcija u\u017etikrina puik\u0173 stabilum\u0105 ir maksimali\u0105 atram\u0105 \u012fvairiomis lauko s\u0105lygomis. Dideli priekiniai ratai ir amortizuojan\u010dios visureigio padangos paver\u010dia j\u012f patikimu ir patogiu pagalbininku einant nelygiais takais, grindiniu, sm\u0117liu ar \u017evyru.<\/p>\n<p><em>Pagrindiniai privalumai:<\/em><br \/>\n\u2022 Dideli priekiniai ratai ir visureigio padangos \u2013 u\u017etikrina skland\u0173 ir stabil\u0173 jud\u0117jim\u0105 \u012fvairiais pavir\u0161iais.<br \/>\n\u2022 Erdvus, vandeniui atsparus pirkini\u0173 krep\u0161ys \u2013 nuimamas, su u\u017etrauktuku, at\u0161vaitine juosta saugumui tamsoje, talpa iki 15 kg.<br \/>\n\u2022 Ergonomi\u0161kos rankenos (\u201eTOPRO Ergo Grip\u201c) \u2013 u\u017etikrina taisykling\u0105 laikysen\u0105, patogi\u0105 atram\u0105 s\u0117dint ir saug\u0173 stov\u0117jim\u0105. Dvigubas sm\u016bgi\u0173 sug\u0117rimo efektas kartu su mink\u0161tomis padangomis.<br \/>\n\u2022 Modernus ir lengvas dizainas \u2013 plonas r\u0117mas, patobulinta rat\u0173 konstrukcija, i\u0161laikantis TOPRO stabilum\u0105.<br \/>\n\u2022 Patogus auk\u0161\u010dio reguliavimas \u2013 su skaitmenine skale ir atminties funkcija pakartotiniams nustatymams.<br \/>\n\u2022 Greitas rat\u0173 keitimas \u2013 \u201eTOPRO Quick Release\u201c ir vidin\u0117 stabd\u017ei\u0173 sistema leid\u017eia pritaikyti riedul\u012f prie skirting\u0173 pavir\u0161i\u0173.<br \/>\n\u2022 Lengva sulankstyti ir transportuoti \u2013 sulankstoma viena ranka, u\u017eima ma\u017eai vietos.<\/p>\n<p>Garantija ir kokyb\u0117:<br \/>\n\u201eTOPRO Olympos ATR\u201c suteikiama 7 met\u0173 garantija (i\u0161skyrus dalis, kurios nat\u016braliai nusid\u0117vi). Vaik\u0161tyn\u0117 buvo i\u0161bandyta ir atitinka T\u00dcV NS-EN ISO 11199-2 (saugos ir kokyb\u0117s standartas) ir EN ISO 10993-1 (biologinio suderinamumo standartas) reikalavimus.<\/p>","protected":false},"excerpt":{"rendered":"<p>\u201eTOPRO Olympos ATR\u201c \u2013 tai auk\u0161\u010diausios kokyb\u0117s vaik\u0161tyn\u0117, specialiai sukurta naudoti lauke. Plati konstrukcija u\u017etikrina puik\u0173 stabilum\u0105 ir maksimal\u0173 komfort\u0105.<\/p>","protected":false},"featured_media":21615,"comment_status":"open","ping_status":"closed","template":"","meta":[],"product_brand":[],"product_cat":[222],"product_tag":[],"class_list":{"0":"post-21614","1":"product","2":"type-product","3":"status-publish","4":"has-post-thumbnail","6":"product_cat-paligierices","8":"first","9":"outofstock","10":"taxable","11":"shipping-taxable","12":"purchasable","13":"product-type-simple"},"_links":{"self":[{"href":"https:\/\/medapp.lv\/lt\/wp-json\/wp\/v2\/product\/21614","targetHints":{"allow":["GET"]}}],"collection":[{"href":"https:\/\/medapp.lv\/lt\/wp-json\/wp\/v2\/product"}],"about":[{"href":"https:\/\/medapp.lv\/lt\/wp-json\/wp\/v2\/types\/product"}],"replies":[{"embeddable":true,"href":"https:\/\/medapp.lv\/lt\/wp-json\/wp\/v2\/comments?post=21614"}],"version-history":[{"count":1,"href":"https:\/\/medapp.lv\/lt\/wp-json\/wp\/v2\/product\/21614\/revisions"}],"predecessor-version":[{"id":21624,"href":"https:\/\/medapp.lv\/lt\/wp-json\/wp\/v2\/product\/21614\/revisions\/21624"}],"wp:featuredmedia":[{"embeddable":true,"href":"https:\/\/medapp.lv\/lt\/wp-json\/wp\/v2\/media\/21615"}],"wp:attachment":[{"href":"https:\/\/medapp.lv\/lt\/wp-json\/wp\/v2\/media?parent=21614"}],"wp:term":[{"taxonomy":"product_brand","embeddable":true,"href":"https:\/\/medapp.lv\/lt\/wp-json\/wp\/v2\/product_brand?post=21614"},{"taxonomy":"product_cat","embeddable":true,"href":"https:\/\/medapp.lv\/lt\/wp-json\/wp\/v2\/product_cat?post=21614"},{"taxonomy":"product_tag","embeddable":true,"href":"https:\/\/medapp.lv\/lt\/wp-json\/wp\/v2\/product_tag?post=21614"}],"curies":[{"name":"wp","href":"https:\/\/api.w.org\/{rel}","templated":true}]}}