{"id":21631,"date":"2025-08-12T11:54:46","date_gmt":"2025-08-12T09:54:46","guid":{"rendered":"https:\/\/medapp.lv\/?post_type=product&#038;p=21631"},"modified":"2025-11-17T10:48:51","modified_gmt":"2025-11-17T08:48:51","slug":"evolution-kruki-melni-peleki-paris","status":"publish","type":"product","link":"https:\/\/medapp.lv\/lt\/produktas\/evolution-kruki-melni-peleki-paris\/","title":{"rendered":"EVOLUTION ramentas"},"content":{"rendered":"<p><strong>EVOLIUCIJA<\/strong> Ramentas turi ergonomi\u0161k\u0105 ranken\u0105 ir dilbio atram\u0105, kuri pagerina saugum\u0105 ir komfort\u0105 jud\u0117jimo metu. Pagamintas i\u0161 lengvo, patvaraus aliuminio su \u0161viesiai pilka anoduota apdaila, jis tinka naudoti tiek viduje, tiek lauke.<\/p>\n<p><strong><em>Pastaba: kaina nurodyta u\u017e vien\u0105 rament\u0105. Jei norite poros, kiekio lauke pasirinkite 2 vienetus.<\/em><\/strong><\/p>\n<p>Techniniai duomenys:<br \/>\n\u2022 Svoris: 0,5 kg<br \/>\n\u2022 Auk\u0161\u010dio reguliavimas: nuo 77 iki 98 cm<br \/>\n\u2022 Med\u017eiagos: polipropileno rankena, vamzdis \u2013 aliuminis su pilku anodavimu<br \/>\n\u2022 Vamzd\u017eio skersmuo: 22\/19 mm<br \/>\n\u2022 Auk\u0161\u010dio nustatymai: 10 pad\u0117\u010di\u0173, reguliuojamas kas 20 mm<br \/>\n\u2022 Maksimali apkrova: iki 130 kg<br \/>\n\u2022 Atitiktis standartams: EN ISO 11334-1<br \/>\n\u2022 Rankenos dydis: 35 \u00d7 100 \u00d7 235 mm<\/p>\n<p>Kilm\u0117: pagaminta Pranc\u016bzijoje.<\/p>","protected":false},"excerpt":{"rendered":"<p>\u201eEVOLUTION\u201c ramentas turi ergonomi\u0161k\u0105 ranken\u0105 ir dilbio atram\u0105, kuri pagerina saugum\u0105 ir komfort\u0105 jud\u0117jimo metu. Pagamintas i\u0161 lengvo, patvaraus aliuminio.<\/p>","protected":false},"featured_media":21632,"comment_status":"open","ping_status":"closed","template":"","meta":[],"product_brand":[],"product_cat":[222],"product_tag":[],"class_list":{"0":"post-21631","1":"product","2":"type-product","3":"status-publish","4":"has-post-thumbnail","6":"product_cat-paligierices","8":"first","9":"instock","10":"taxable","11":"shipping-taxable","12":"purchasable","13":"product-type-simple"},"_links":{"self":[{"href":"https:\/\/medapp.lv\/lt\/wp-json\/wp\/v2\/product\/21631","targetHints":{"allow":["GET"]}}],"collection":[{"href":"https:\/\/medapp.lv\/lt\/wp-json\/wp\/v2\/product"}],"about":[{"href":"https:\/\/medapp.lv\/lt\/wp-json\/wp\/v2\/types\/product"}],"replies":[{"embeddable":true,"href":"https:\/\/medapp.lv\/lt\/wp-json\/wp\/v2\/comments?post=21631"}],"version-history":[{"count":4,"href":"https:\/\/medapp.lv\/lt\/wp-json\/wp\/v2\/product\/21631\/revisions"}],"predecessor-version":[{"id":21637,"href":"https:\/\/medapp.lv\/lt\/wp-json\/wp\/v2\/product\/21631\/revisions\/21637"}],"wp:featuredmedia":[{"embeddable":true,"href":"https:\/\/medapp.lv\/lt\/wp-json\/wp\/v2\/media\/21632"}],"wp:attachment":[{"href":"https:\/\/medapp.lv\/lt\/wp-json\/wp\/v2\/media?parent=21631"}],"wp:term":[{"taxonomy":"product_brand","embeddable":true,"href":"https:\/\/medapp.lv\/lt\/wp-json\/wp\/v2\/product_brand?post=21631"},{"taxonomy":"product_cat","embeddable":true,"href":"https:\/\/medapp.lv\/lt\/wp-json\/wp\/v2\/product_cat?post=21631"},{"taxonomy":"product_tag","embeddable":true,"href":"https:\/\/medapp.lv\/lt\/wp-json\/wp\/v2\/product_tag?post=21631"}],"curies":[{"name":"wp","href":"https:\/\/api.w.org\/{rel}","templated":true}]}}