{"id":21639,"date":"2025-08-12T12:23:57","date_gmt":"2025-08-12T10:23:57","guid":{"rendered":"https:\/\/medapp.lv\/?post_type=product&#038;p=21639"},"modified":"2025-08-13T10:29:39","modified_gmt":"2025-08-13T08:29:39","slug":"bos-medical-katalogi","status":"publish","type":"product","link":"https:\/\/medapp.lv\/lt\/produktas\/bos-medical-katalogi\/","title":{"rendered":"BOS medicinos katalogai"},"content":{"rendered":"","protected":false},"excerpt":{"rendered":"<p>Si\u016blome vis\u0105 BOS Medical pozicionieriaus asortiment\u0105. Jei jus domina bet kuris BOS Medical katalogo produktas, galime j\u012f u\u017esisakyti ir pristatyti.<br \/>\nD\u0117l kainos pasi\u016blymo ir pristatymo informacijos susisiekite su mumis.<\/p>\n<p>\ud83d\udd17 <a href=\"https:\/\/bosmedicalinternational.com\/product-category\/positioning\/in-the-operating-room\/gel-positioning\/\">BOS medicinos katalogas #1<\/a> UG gelio pozicionieriai<br \/>\n\ud83d\udd17 <a href=\"https:\/\/bosmedicalinternational.com\/product-category\/positioning\/in-the-operating-room\/ufg-gel-positioners-en\/\">BOS medicinos katalogas #2<\/a>UFG gelio pozicionieriai<\/p>","protected":false},"featured_media":21645,"comment_status":"open","ping_status":"closed","template":"","meta":[],"product_brand":[],"product_cat":[321],"product_tag":[],"class_list":{"0":"post-21639","1":"product","2":"type-product","3":"status-publish","4":"has-post-thumbnail","6":"product_cat-pozicionari","8":"first","9":"instock","10":"taxable","11":"shipping-taxable","12":"product-type-simple"},"_links":{"self":[{"href":"https:\/\/medapp.lv\/lt\/wp-json\/wp\/v2\/product\/21639","targetHints":{"allow":["GET"]}}],"collection":[{"href":"https:\/\/medapp.lv\/lt\/wp-json\/wp\/v2\/product"}],"about":[{"href":"https:\/\/medapp.lv\/lt\/wp-json\/wp\/v2\/types\/product"}],"replies":[{"embeddable":true,"href":"https:\/\/medapp.lv\/lt\/wp-json\/wp\/v2\/comments?post=21639"}],"version-history":[{"count":4,"href":"https:\/\/medapp.lv\/lt\/wp-json\/wp\/v2\/product\/21639\/revisions"}],"predecessor-version":[{"id":21648,"href":"https:\/\/medapp.lv\/lt\/wp-json\/wp\/v2\/product\/21639\/revisions\/21648"}],"wp:featuredmedia":[{"embeddable":true,"href":"https:\/\/medapp.lv\/lt\/wp-json\/wp\/v2\/media\/21645"}],"wp:attachment":[{"href":"https:\/\/medapp.lv\/lt\/wp-json\/wp\/v2\/media?parent=21639"}],"wp:term":[{"taxonomy":"product_brand","embeddable":true,"href":"https:\/\/medapp.lv\/lt\/wp-json\/wp\/v2\/product_brand?post=21639"},{"taxonomy":"product_cat","embeddable":true,"href":"https:\/\/medapp.lv\/lt\/wp-json\/wp\/v2\/product_cat?post=21639"},{"taxonomy":"product_tag","embeddable":true,"href":"https:\/\/medapp.lv\/lt\/wp-json\/wp\/v2\/product_tag?post=21639"}],"curies":[{"name":"wp","href":"https:\/\/api.w.org\/{rel}","templated":true}]}}