{"id":21757,"date":"2025-09-05T11:21:41","date_gmt":"2025-09-05T09:21:41","guid":{"rendered":"https:\/\/medapp.lv\/?post_type=product&#038;p=21757"},"modified":"2026-04-02T10:27:52","modified_gmt":"2026-04-02T08:27:52","slug":"pavis-pleca-ortoze","status":"publish","type":"product","link":"https:\/\/medapp.lv\/lt\/produktas\/pavis-pleca-ortoze\/","title":{"rendered":"PAVIS peties \u012ftvaras"},"content":{"rendered":"<p>PAVIS stabilizuojanti peties \u012ftvaro dalis padeda grei\u010diau ir geriau atsigauti po peties traum\u0173:<\/p>\n<p>Dir\u017eai yra i\u0161d\u0117styti taip, kad vir\u0161utin\u0117 rankos dalis b\u016bt\u0173 nat\u016bralioje pad\u0117tyje, taip suma\u017einant skausm\u0105 ir pailginant atsigavimo laik\u0105.<\/p>\n<p>Silikoninis apskritimas rankos vidin\u0117je pus\u0117je u\u017etikrina maksimal\u0173 sukibim\u0105 ir papildom\u0105 atram\u0105.<\/p>\n<p>Papildomas elastingas dir\u017eas, pasirenkamas atskirai \u2013 ypa\u010d naudingas priekinio peties i\u0161nirimo atvejais, nes atitraukia pet\u012f atgal.<\/p>\n<p>&nbsp;<\/p>\n<p><strong>Savyb\u0117s:<\/strong><\/p>\n<p>Lengva ir kv\u0117puojanti med\u017eiaga<\/p>\n<p>Audinys tamprus keturiomis kryptimis ir neslysta per drabu\u017eius.<\/p>\n<p>100% medviln\u0117, lie\u010dianti od\u0105, u\u017etikrina komfort\u0105 ir higien\u0105<\/p>\n<p>&nbsp;<\/p>\n<p><strong>Indikacijos:<\/strong><\/p>\n<p>Traumatologija: peties i\u0161nirimai ir subluksacijos<\/p>\n<p>Neurodegeneracin\u0117s ligos: osteoartritas, peties s\u0105nario degeneraciniai procesai, neurologinis peties s\u0105nario pa\u017eeidimas.<\/p>\n<p>Pooperacinis laikotarpis: po peties nestabilumo operacij\u0173, peties i\u0161nirim\u0173 ir artroskopij\u0173<\/p>\n<p>Profilaktikai kasdieniame gyvenime ir sporte, konservatyviam neurologinio peties gydymui<\/p>\n<p><em><strong>Galimi dyd\u017eiai:<\/strong> S (24\u201328 cm), M (28\u201332 cm), L (32\u201336 cm), XL (36\u201340 cm), XXL (40\u201344 cm) dyd\u017eiai<\/em><br \/>\n<strong>Spalva:<\/strong> m\u0117lyna<\/p>\n<p><iframe title=\"Art. 407 - TUTORE FUNZIONALE SPALLA\" width=\"500\" height=\"281\" src=\"https:\/\/www.youtube.com\/embed\/VM14c_-zRGM?feature=oembed\" frameborder=\"0\" allow=\"accelerometer; autoplay; clipboard-write; encrypted-media; gyroscope; picture-in-picture; web-share\" referrerpolicy=\"strict-origin-when-cross-origin\" allowfullscreen><\/iframe><\/p>","protected":false},"excerpt":{"rendered":"<p>Stabilizuojantis peties \u012ftvaras efektyviai padeda atsigauti po peties traum\u0173, u\u017etikrina taisykling\u0105 rankos pad\u0117t\u012f ir ma\u017eina skausm\u0105. Silikoninis ratas ir papildomas dir\u017eas suteikia papildom\u0105 atram\u0105 ir saugum\u0105, tinka naudoti po traum\u0173, operacij\u0173 ar profilaktikai sporte. Pagamintas i\u0161 kv\u0117puojan\u010dios, elastingos med\u017eiagos su 100% medvilne, besilie\u010dian\u010dia su oda, \u012fvairi\u0173 dyd\u017ei\u0173.<\/p>","protected":false},"featured_media":21764,"comment_status":"open","ping_status":"closed","template":"","meta":[],"product_brand":[],"product_cat":[133,136],"product_tag":[],"class_list":{"0":"post-21757","1":"product","2":"type-product","3":"status-publish","4":"has-post-thumbnail","6":"product_cat-ortozes","7":"product_cat-pleca-ortozes","9":"first","10":"outofstock","11":"taxable","12":"shipping-taxable","13":"purchasable","14":"product-type-variable"},"_links":{"self":[{"href":"https:\/\/medapp.lv\/lt\/wp-json\/wp\/v2\/product\/21757","targetHints":{"allow":["GET"]}}],"collection":[{"href":"https:\/\/medapp.lv\/lt\/wp-json\/wp\/v2\/product"}],"about":[{"href":"https:\/\/medapp.lv\/lt\/wp-json\/wp\/v2\/types\/product"}],"replies":[{"embeddable":true,"href":"https:\/\/medapp.lv\/lt\/wp-json\/wp\/v2\/comments?post=21757"}],"version-history":[{"count":1,"href":"https:\/\/medapp.lv\/lt\/wp-json\/wp\/v2\/product\/21757\/revisions"}],"predecessor-version":[{"id":21766,"href":"https:\/\/medapp.lv\/lt\/wp-json\/wp\/v2\/product\/21757\/revisions\/21766"}],"wp:featuredmedia":[{"embeddable":true,"href":"https:\/\/medapp.lv\/lt\/wp-json\/wp\/v2\/media\/21764"}],"wp:attachment":[{"href":"https:\/\/medapp.lv\/lt\/wp-json\/wp\/v2\/media?parent=21757"}],"wp:term":[{"taxonomy":"product_brand","embeddable":true,"href":"https:\/\/medapp.lv\/lt\/wp-json\/wp\/v2\/product_brand?post=21757"},{"taxonomy":"product_cat","embeddable":true,"href":"https:\/\/medapp.lv\/lt\/wp-json\/wp\/v2\/product_cat?post=21757"},{"taxonomy":"product_tag","embeddable":true,"href":"https:\/\/medapp.lv\/lt\/wp-json\/wp\/v2\/product_tag?post=21757"}],"curies":[{"name":"wp","href":"https:\/\/api.w.org\/{rel}","templated":true}]}}