{"id":21821,"date":"2025-11-10T14:08:06","date_gmt":"2025-11-10T12:08:06","guid":{"rendered":"https:\/\/medapp.lv\/?post_type=product&#038;p=21821"},"modified":"2025-11-10T14:08:07","modified_gmt":"2025-11-10T12:08:07","slug":"wristwidget","status":"publish","type":"product","link":"https:\/\/medapp.lv\/lt\/produktas\/wristwidget\/","title":{"rendered":"Rie\u0161o valdiklis"},"content":{"rendered":"<p>\u201eWristWidget\u00ae\u201c rie\u0161o \u012ftvaras, skirtas TFCC ply\u0161imams, universalaus dyd\u017eio. Tinka tiek kairiajam, tiek de\u0161iniajam rie\u0161ams, suteikia atram\u0105 ne\u0161ant svor\u012f ir atliekant pratimus.<\/p>\n<ul>\n<li data-start=\"168\" data-end=\"264\">\n<p data-start=\"170\" data-end=\"264\">Tinka abiem delnams. Vienas dydis tinka visiems \u2013 rie\u0161o apimtis nuo 14 iki 22 cm.<\/p>\n<\/li>\n<li data-start=\"265\" data-end=\"409\">\n<p data-start=\"267\" data-end=\"409\">Idealiai tinka sportui ir fizinei veiklai. Galima naudoti vandenyje. Nevar\u017eo judesi\u0173 ir tinka d\u0117v\u0117ti vis\u0105 dien\u0105, septynias dienas per savait\u0119.<\/p>\n<\/li>\n<li data-start=\"410\" data-end=\"540\">\n<p data-start=\"412\" data-end=\"540\">Suteikia atram\u0105 stipinkauliams ir alk\u016bnkauliams \u2013 leid\u017eia TFCC (trikampio kremzl\u0117s kompleksui) u\u017egyti be operacijos.<\/p>\n<\/li>\n<li data-start=\"541\" data-end=\"625\">\n<p data-start=\"543\" data-end=\"625\">Mal\u0161ina skausm\u0105 alk\u016bn\u0117s pus\u0117je, atsirandant\u012f sukant, suimant ar laikant svor\u012f.<\/p>\n<\/li>\n<\/ul>","protected":false},"excerpt":{"rendered":"<p>\u201eWristWidget\u00ae\u201c rie\u0161o \u012ftvaras TFCC ply\u0161imams, universalaus dyd\u017eio. Tinka tiek kairiajam, tiek de\u0161iniajam rie\u0161ams, suteikia atram\u0105 ne\u0161ant svor\u012f ir atliekant pratimus. Tinka<\/p>","protected":false},"featured_media":21822,"comment_status":"open","ping_status":"closed","template":"","meta":[],"product_brand":[],"product_cat":[139],"product_tag":[],"class_list":{"0":"post-21821","1":"product","2":"type-product","3":"status-publish","4":"has-post-thumbnail","6":"product_cat-rokas-un-plaukstai","8":"first","9":"instock","10":"taxable","11":"shipping-taxable","12":"purchasable","13":"product-type-simple"},"_links":{"self":[{"href":"https:\/\/medapp.lv\/lt\/wp-json\/wp\/v2\/product\/21821","targetHints":{"allow":["GET"]}}],"collection":[{"href":"https:\/\/medapp.lv\/lt\/wp-json\/wp\/v2\/product"}],"about":[{"href":"https:\/\/medapp.lv\/lt\/wp-json\/wp\/v2\/types\/product"}],"replies":[{"embeddable":true,"href":"https:\/\/medapp.lv\/lt\/wp-json\/wp\/v2\/comments?post=21821"}],"version-history":[{"count":1,"href":"https:\/\/medapp.lv\/lt\/wp-json\/wp\/v2\/product\/21821\/revisions"}],"predecessor-version":[{"id":21824,"href":"https:\/\/medapp.lv\/lt\/wp-json\/wp\/v2\/product\/21821\/revisions\/21824"}],"wp:featuredmedia":[{"embeddable":true,"href":"https:\/\/medapp.lv\/lt\/wp-json\/wp\/v2\/media\/21822"}],"wp:attachment":[{"href":"https:\/\/medapp.lv\/lt\/wp-json\/wp\/v2\/media?parent=21821"}],"wp:term":[{"taxonomy":"product_brand","embeddable":true,"href":"https:\/\/medapp.lv\/lt\/wp-json\/wp\/v2\/product_brand?post=21821"},{"taxonomy":"product_cat","embeddable":true,"href":"https:\/\/medapp.lv\/lt\/wp-json\/wp\/v2\/product_cat?post=21821"},{"taxonomy":"product_tag","embeddable":true,"href":"https:\/\/medapp.lv\/lt\/wp-json\/wp\/v2\/product_tag?post=21821"}],"curies":[{"name":"wp","href":"https:\/\/api.w.org\/{rel}","templated":true}]}}