{"id":21846,"date":"2025-12-08T15:08:28","date_gmt":"2025-12-08T13:08:28","guid":{"rendered":"https:\/\/medapp.lv\/?post_type=product&#038;p=21846"},"modified":"2026-03-21T23:04:26","modified_gmt":"2026-03-21T21:04:26","slug":"push-med-pedas-ortoze-fp","status":"publish","type":"product","link":"https:\/\/medapp.lv\/lt\/produktas\/push-med-pedas-ortoze-fp\/","title":{"rendered":"PUSH MED p\u0117dos \u012ftvaras FP"},"content":{"rendered":"<p>\u201ePush med\u201c p\u0117dos \u012ftvaras FP padeda suma\u017einti plantarin\u0117s fascijos skausm\u0105 p\u0117dos apa\u010dioje, esant plantarinio fascito ir plantarinio kulno skausmui. \u012etvar\u0105 galima naudoti esant \u016bmin\u0117ms ir l\u0117tin\u0117ms b\u016bkl\u0117ms. Prietaisas skirtas suaugusiesiems, skirtas kasdieniam naudojimui, j\u012f galima d\u0117v\u0117ti su batais arba be j\u0173. Naudotojai gali patys reguliuoti \u012ftvar\u0105, kad u\u017etikrint\u0173 optimal\u0173 efekt\u0105 ir komfort\u0105. Sujungus p\u0117dos \u012ftvaro priek\u012f ir kuln\u0105 stand\u017eiais rai\u0161\u010diais, suteikiama atrama p\u0117dos skliautui. Tai i\u0161 dalies sugeria j\u0117gas, veikian\u010dias plantarin\u0119 fascij\u0105 ir jos tvirtinimo vietas p\u0117dos jud\u0117jimo metu. Svarbu u\u017etikrinti p\u0117d\u0173 higien\u0105, tod\u0117l \u012ftvar\u0105 galima skalbti skalbimo ma\u0161inoje 30 \u00b0C temperat\u016broje.<br \/>\nNorint nustatyti tinkam\u0105 \u012ftvaro dyd\u012f, reikia atlikti du matavimus: p\u0117dos ilg\u012f ir priekin\u0117s p\u0117dos dalies apimt\u012f. Priekin\u0117s p\u0117dos apimtis tur\u0117t\u0173 b\u016bti matuojama ties did\u017eiojo pir\u0161to pagrindu. Atkreipkite d\u0117mes\u012f, kad p\u0117dos ilg\u012f ir apimt\u012f reikia matuoti, kai matuojamas asmuo stovi ir u\u017ededa svor\u012f ant p\u0117dos.<\/p>","protected":false},"excerpt":{"rendered":"<p>\u201ePush Med\u201c p\u0117dos \u012ftvaras FP padeda suma\u017einti plantarin\u0117s fascijos skausm\u0105 p\u0117dos apa\u010dioje, esant plantariniam fascitui ir plantariniam fascitui.<\/p>","protected":false},"featured_media":21855,"comment_status":"open","ping_status":"closed","template":"","meta":[],"product_brand":[],"product_cat":[137],"product_tag":[],"class_list":{"0":"post-21846","1":"product","2":"type-product","3":"status-publish","4":"has-post-thumbnail","6":"product_cat-kajai-cela-locitivai-un-pedai","8":"first","9":"instock","10":"taxable","11":"shipping-taxable","12":"purchasable","13":"product-type-variable"},"_links":{"self":[{"href":"https:\/\/medapp.lv\/lt\/wp-json\/wp\/v2\/product\/21846","targetHints":{"allow":["GET"]}}],"collection":[{"href":"https:\/\/medapp.lv\/lt\/wp-json\/wp\/v2\/product"}],"about":[{"href":"https:\/\/medapp.lv\/lt\/wp-json\/wp\/v2\/types\/product"}],"replies":[{"embeddable":true,"href":"https:\/\/medapp.lv\/lt\/wp-json\/wp\/v2\/comments?post=21846"}],"version-history":[{"count":2,"href":"https:\/\/medapp.lv\/lt\/wp-json\/wp\/v2\/product\/21846\/revisions"}],"predecessor-version":[{"id":21859,"href":"https:\/\/medapp.lv\/lt\/wp-json\/wp\/v2\/product\/21846\/revisions\/21859"}],"wp:featuredmedia":[{"embeddable":true,"href":"https:\/\/medapp.lv\/lt\/wp-json\/wp\/v2\/media\/21855"}],"wp:attachment":[{"href":"https:\/\/medapp.lv\/lt\/wp-json\/wp\/v2\/media?parent=21846"}],"wp:term":[{"taxonomy":"product_brand","embeddable":true,"href":"https:\/\/medapp.lv\/lt\/wp-json\/wp\/v2\/product_brand?post=21846"},{"taxonomy":"product_cat","embeddable":true,"href":"https:\/\/medapp.lv\/lt\/wp-json\/wp\/v2\/product_cat?post=21846"},{"taxonomy":"product_tag","embeddable":true,"href":"https:\/\/medapp.lv\/lt\/wp-json\/wp\/v2\/product_tag?post=21846"}],"curies":[{"name":"wp","href":"https:\/\/api.w.org\/{rel}","templated":true}]}}