{"id":21863,"date":"2025-12-09T10:57:32","date_gmt":"2025-12-09T08:57:32","guid":{"rendered":"https:\/\/medapp.lv\/?post_type=product&#038;p=21863"},"modified":"2026-04-03T16:08:46","modified_gmt":"2026-04-03T14:08:46","slug":"abilar-10-sveku-gels","status":"publish","type":"product","link":"https:\/\/medapp.lv\/lt\/produktas\/abilar-10-sveku-gels\/","title":{"rendered":"ABILAR 10% dervos tepalas"},"content":{"rendered":"<p>Prie\u0161u\u017edegimin\u0117 priemon\u0117, pagr\u012fsta egl\u0117s derva, skatina gijim\u0105, taip pat pasi\u017eymi plataus spektro antimikrobiniu (baktericidiniu, fungicidiniu, sporicidiniu, antivirusiniu, antiamebiniu ir kt.) poveikiu. Dervoje yra unikalus biologi\u0161kai aktyvi\u0173 med\u017eiag\u0173 kompleksas \u2013 gintaro r\u016bg\u0161tis, skruzd\u017ei\u0173 r\u016bg\u0161tis, fitoncidai, terpentinas, eteriniai aliejai ir kt. Tepamos ant odos, jos veikia dvejopai \u2013 naikina grybel\u012f sukelian\u010dias bakterijas, taip pat skatina audini\u0173 regeneracij\u0105 \u2013 atsinaujinim\u0105.<br \/>\n\u201eAbilar\u201c yra nat\u016brali ir veiksminga priemon\u0117, kuri\u0105 galima laikyti kiekvienuose nam\u0173 vaistin\u0117l\u0117se, skirta \u012fbr\u0117\u017eimams, nubrozdinimams, skausmingoms ir u\u017edegimin\u0117ms \u017eaizdoms, nudegimams ir kt. gydyti, nepriklausomai nuo \u017eaizdos tipo, etiologijos ir masto.<\/p>","protected":false},"excerpt":{"rendered":"<p>Sud\u0117tis: paprastosios egl\u0117s (Picea abies) derva, vazelinas, skystasis parafinas, denat\u016bruotas alkoholis, mikrokristalinis va\u0161kas (Cera microcristallina), sorbitano oleatas, baltasis va\u0161kas (Cera Alba), hidrintas ricinos aliejus, stearino r\u016bg\u0161tis.<\/p>\n<p>Dozavimas ir vartojimas: Prie\u0161 tepdami \u201eAbilar\u00ae 10%\u201c gel\u012f, nuplaukite ir nuvalykite pa\u017eeist\u0105 od\u0105. Namuose tepkite j\u012f tiesiai ant \u017eaizdos, \u012fbr\u0117\u017eimo, \u012fpjovimo, nudegimo ir pan. U\u017edenkite marle arba pleistru. Naudokite 2 kartus per dien\u0105, kol odos pa\u017eeidimas u\u017egis.<\/p>","protected":false},"featured_media":21865,"comment_status":"open","ping_status":"closed","template":"","meta":[],"product_brand":[],"product_cat":[313],"product_tag":[],"class_list":{"0":"post-21863","1":"product","2":"type-product","3":"status-publish","4":"has-post-thumbnail","6":"product_cat-brucu-kopsana-veikals","8":"first","9":"instock","10":"taxable","11":"shipping-taxable","12":"purchasable","13":"product-type-simple"},"_links":{"self":[{"href":"https:\/\/medapp.lv\/lt\/wp-json\/wp\/v2\/product\/21863","targetHints":{"allow":["GET"]}}],"collection":[{"href":"https:\/\/medapp.lv\/lt\/wp-json\/wp\/v2\/product"}],"about":[{"href":"https:\/\/medapp.lv\/lt\/wp-json\/wp\/v2\/types\/product"}],"replies":[{"embeddable":true,"href":"https:\/\/medapp.lv\/lt\/wp-json\/wp\/v2\/comments?post=21863"}],"version-history":[{"count":3,"href":"https:\/\/medapp.lv\/lt\/wp-json\/wp\/v2\/product\/21863\/revisions"}],"predecessor-version":[{"id":21980,"href":"https:\/\/medapp.lv\/lt\/wp-json\/wp\/v2\/product\/21863\/revisions\/21980"}],"wp:featuredmedia":[{"embeddable":true,"href":"https:\/\/medapp.lv\/lt\/wp-json\/wp\/v2\/media\/21865"}],"wp:attachment":[{"href":"https:\/\/medapp.lv\/lt\/wp-json\/wp\/v2\/media?parent=21863"}],"wp:term":[{"taxonomy":"product_brand","embeddable":true,"href":"https:\/\/medapp.lv\/lt\/wp-json\/wp\/v2\/product_brand?post=21863"},{"taxonomy":"product_cat","embeddable":true,"href":"https:\/\/medapp.lv\/lt\/wp-json\/wp\/v2\/product_cat?post=21863"},{"taxonomy":"product_tag","embeddable":true,"href":"https:\/\/medapp.lv\/lt\/wp-json\/wp\/v2\/product_tag?post=21863"}],"curies":[{"name":"wp","href":"https:\/\/api.w.org\/{rel}","templated":true}]}}